{"id":2186,"date":"2023-03-14T14:09:32","date_gmt":"2023-03-14T13:09:32","guid":{"rendered":"https:\/\/www.viakris.eu\/1684400471590\/ponuky-prace\/"},"modified":"2023-05-22T16:01:09","modified_gmt":"2023-05-22T14:01:09","slug":"%d0%be%d1%84%d0%b5%d1%80%d1%82%d0%b8-%d0%b7%d0%b0-%d1%80%d0%b0%d0%b1%d0%be%d1%82%d0%b0","status":"publish","type":"page","link":"https:\/\/www.viakris.eu\/bg\/%d0%be%d1%84%d0%b5%d1%80%d1%82%d0%b8-%d0%b7%d0%b0-%d1%80%d0%b0%d0%b1%d0%be%d1%82%d0%b0\/","title":{"rendered":"\u041e\u0444\u0435\u0440\u0442\u0438 \u0437\u0430 \u0440\u0430\u0431\u043e\u0442\u0430"},"content":{"rendered":"\n<h1>\u041e\u0424\u0415\u0420\u0422\u0418 \u0417\u0410 \u0420\u0410\u0411\u041e\u0422\u0410<\/h1>\n\n\n\n<div class=\"bw--ponuka_prace\"><div class=\"bw--ponuka_prace_listing\">\r\n\t<div class=\"bw--ponuka_prace_img\">\r\n\t\t<a href=\"https:\/\/www.viakris.eu\/bg\/ponuka-prace\/%d0%bb%d0%be%d0%b3%d0%b8%d1%81%d1%82%d0%b8%d0%ba%d0%b0-%d1%81%d0%bf%d0%b5%d0%b4%d0%b8%d1%86%d0%b8%d1%8f-%d0%bf%d1%80%d0%be%d0%b8%d0%b7%d0%b2%d0%be%d0%b4%d1%81%d1%82%d0%b2%d0%be\/\"><img src=\"https:\/\/www.viakris.eu\/wp-content\/uploads\/logistics-1.jpg\" alt=\"\u041b\u043e\u0433\u0438\u0441\u0442\u0438\u043a\u0430, \u0421\u043f\u0435\u0434\u0438\u0446\u0438\u044f, \u041f\u0440\u043e\u0438\u0437\u0432\u043e\u0434\u0441\u0442\u0432\u043e\"><\/a>\r\n\t<\/div>\r\n\t\t\r\n\t<div class=\"bw--ponuky_prace\">\r\n\t\t<a href=\"https:\/\/www.viakris.eu\/bg\/ponuka-prace\/%d0%bb%d0%be%d0%b3%d0%b8%d1%81%d1%82%d0%b8%d0%ba%d0%b0-%d1%81%d0%bf%d0%b5%d0%b4%d0%b8%d1%86%d0%b8%d1%8f-%d0%bf%d1%80%d0%be%d0%b8%d0%b7%d0%b2%d0%be%d0%b4%d1%81%d1%82%d0%b2%d0%be\/\"><h2>\u041b\u043e\u0433\u0438\u0441\u0442\u0438\u043a\u0430, \u0421\u043f\u0435\u0434\u0438\u0446\u0438\u044f, \u041f\u0440\u043e\u0438\u0437\u0432\u043e\u0434\u0441\u0442\u0432\u043e<\/h2><\/a>\r\n\t\t<ul style=\"list-style: none;margin-left: 0.2rem;\">\r\n\t\t<li><b>\u0414\u044a\u0440\u0436\u0430\u0432\u0430:<\/b> \u0413\u0435\u0440\u043c\u0430\u043d\u0438\u044f<\/li>\r\n\t\t<li><b>\u041d\u0430\u0447\u0430\u043b\u043d\u0430 \u0434\u0430\u0442\u0430:<\/b> 1.9.2023<\/li>\r\n\t\t<li><b>\u041f\u043e\u0434\u0445\u043e\u0434\u044f\u0449 \u0437\u0430:<\/b> \u0436\u0435\u043d\u0438 \u0438 \u043c\u044a\u0436\u0435<\/li>\r\n\t\t<li><b>\u0417\u0430\u043f\u043b\u0430\u0442\u0430:<\/b> 2288 \u20ac \/ <small>\u0411\u0440\u0443\u0442\u043e<\/small><br><\/li>\r\n\t\t<\/ul>\r\n \t<\/div>\r\n\t\t\r\n\t<div class=\"bw--ponuky_prace_button\">\r\n\t\t<a class=\"button primary expand\" href=\"https:\/\/www.viakris.eu\/bg\/ponuka-prace\/%d0%bb%d0%be%d0%b3%d0%b8%d1%81%d1%82%d0%b8%d0%ba%d0%b0-%d1%81%d0%bf%d0%b5%d0%b4%d0%b8%d1%86%d0%b8%d1%8f-%d0%bf%d1%80%d0%be%d0%b8%d0%b7%d0%b2%d0%be%d0%b4%d1%81%d1%82%d0%b2%d0%be\/\">\r\n\t\t\t<span>\u041f\u043e\u0432\u0435\u0447\u0435 \u0438\u043d\u0444\u043e\u0440\u043c\u0430\u0446\u0438\u044f<\/span>\r\n\t\t<\/a>\r\n\t<\/div>\r\n<\/div><div class=\"bw--ponuka_prace_listing\">\r\n\t<div class=\"bw--ponuka_prace_img\">\r\n\t\t<a href=\"https:\/\/www.viakris.eu\/bg\/ponuka-prace\/%d0%b3%d0%bb%d0%b0%d0%b2%d0%b5%d0%bd-%d0%b3%d0%be%d1%82%d0%b2%d0%b0%d1%87\/\"><img src=\"https:\/\/www.viakris.eu\/wp-content\/uploads\/kuchar-1.jpeg\" alt=\"\u0413\u043b\u0430\u0432\u0435\u043d \u0433\u043e\u0442\u0432\u0430\u0447\"><\/a>\r\n\t<\/div>\r\n\t\t\r\n\t<div class=\"bw--ponuky_prace\">\r\n\t\t<a href=\"https:\/\/www.viakris.eu\/bg\/ponuka-prace\/%d0%b3%d0%bb%d0%b0%d0%b2%d0%b5%d0%bd-%d0%b3%d0%be%d1%82%d0%b2%d0%b0%d1%87\/\"><h2>\u0413\u043b\u0430\u0432\u0435\u043d \u0433\u043e\u0442\u0432\u0430\u0447<\/h2><\/a>\r\n\t\t<ul style=\"list-style: none;margin-left: 0.2rem;\">\r\n\t\t<li><b>\u0414\u044a\u0440\u0436\u0430\u0432\u0430:<\/b> \u0410\u0432\u0441\u0442\u0440\u0438\u044f<\/li>\r\n\t\t<li><b>\u041d\u0430\u0447\u0430\u043b\u043d\u0430 \u0434\u0430\u0442\u0430:<\/b> ASAP<\/li>\r\n\t\t<li><b>\u041f\u043e\u0434\u0445\u043e\u0434\u044f\u0449 \u0437\u0430:<\/b> \u0436\u0435\u043d\u0438 \u0438 \u043c\u044a\u0436\u0435<\/li>\r\n\t\t<li><b>\u0417\u0430\u043f\u043b\u0430\u0442\u0430:<\/b> 2300\u20ac - 2600\u20ac \/ <small>\u041d\u0435\u0442\u043e<\/small><br>\u043f\u043b\u044e\u0441 \u0431\u0430\u043a\u0448\u0438\u0448<\/li>\r\n\t\t<\/ul>\r\n \t<\/div>\r\n\t\t\r\n\t<div class=\"bw--ponuky_prace_button\">\r\n\t\t<a class=\"button primary expand\" href=\"https:\/\/www.viakris.eu\/bg\/ponuka-prace\/%d0%b3%d0%bb%d0%b0%d0%b2%d0%b5%d0%bd-%d0%b3%d0%be%d1%82%d0%b2%d0%b0%d1%87\/\">\r\n\t\t\t<span>\u041f\u043e\u0432\u0435\u0447\u0435 \u0438\u043d\u0444\u043e\u0440\u043c\u0430\u0446\u0438\u044f<\/span>\r\n\t\t<\/a>\r\n\t<\/div>\r\n<\/div><div class=\"bw--ponuka_prace_listing\">\r\n\t<div class=\"bw--ponuka_prace_img\">\r\n\t\t<a href=\"https:\/\/www.viakris.eu\/bg\/ponuka-prace\/chef-de-partie-2\/\"><img src=\"https:\/\/www.viakris.eu\/wp-content\/uploads\/kuchar-1.jpeg\" alt=\"Chef de Partie\"><\/a>\r\n\t<\/div>\r\n\t\t\r\n\t<div class=\"bw--ponuky_prace\">\r\n\t\t<a href=\"https:\/\/www.viakris.eu\/bg\/ponuka-prace\/chef-de-partie-2\/\"><h2>Chef de Partie<\/h2><\/a>\r\n\t\t<ul style=\"list-style: none;margin-left: 0.2rem;\">\r\n\t\t<li><b>\u0414\u044a\u0440\u0436\u0430\u0432\u0430:<\/b> \u0410\u0432\u0441\u0442\u0440\u0438\u044f<\/li>\r\n\t\t<li><b>\u041d\u0430\u0447\u0430\u043b\u043d\u0430 \u0434\u0430\u0442\u0430:<\/b> ASAP<\/li>\r\n\t\t<li><b>\u041f\u043e\u0434\u0445\u043e\u0434\u044f\u0449 \u0437\u0430:<\/b> \u0436\u0435\u043d\u0438 \u0438 \u043c\u044a\u0436\u0435<\/li>\r\n\t\t<li><b>\u0417\u0430\u043f\u043b\u0430\u0442\u0430:<\/b> 1900\u20ac - 2200\u20ac \/ <small>\u041d\u0435\u0442\u043e<\/small><br><\/li>\r\n\t\t<\/ul>\r\n \t<\/div>\r\n\t\t\r\n\t<div class=\"bw--ponuky_prace_button\">\r\n\t\t<a class=\"button primary expand\" href=\"https:\/\/www.viakris.eu\/bg\/ponuka-prace\/chef-de-partie-2\/\">\r\n\t\t\t<span>\u041f\u043e\u0432\u0435\u0447\u0435 \u0438\u043d\u0444\u043e\u0440\u043c\u0430\u0446\u0438\u044f<\/span>\r\n\t\t<\/a>\r\n\t<\/div>\r\n<\/div><div class=\"bw--ponuka_prace_listing\">\r\n\t<div class=\"bw--ponuka_prace_img\">\r\n\t\t<a href=\"https:\/\/www.viakris.eu\/bg\/ponuka-prace\/%d1%80%d0%b0%d0%b1%d0%be%d1%82%d0%bd%d0%b8%d0%ba-%d1%82%d0%b5%d1%85%d0%bd%d0%b8%d1%87%d0%b5%d1%81%d0%ba%d0%b0-%d0%bf%d0%be%d0%b4%d0%b4%d1%80%d1%8a%d0%b6%d0%ba%d0%b0\/\"><img src=\"https:\/\/www.viakris.eu\/wp-content\/uploads\/repair_1.jpg\" alt=\"\u0420\u0430\u0431\u043e\u0442\u043d\u0438\u043a \u0442\u0435\u0445\u043d\u0438\u0447\u0435\u0441\u043a\u0430 \u043f\u043e\u0434\u0434\u0440\u044a\u0436\u043a\u0430\"><\/a>\r\n\t<\/div>\r\n\t\t\r\n\t<div class=\"bw--ponuky_prace\">\r\n\t\t<a href=\"https:\/\/www.viakris.eu\/bg\/ponuka-prace\/%d1%80%d0%b0%d0%b1%d0%be%d1%82%d0%bd%d0%b8%d0%ba-%d1%82%d0%b5%d1%85%d0%bd%d0%b8%d1%87%d0%b5%d1%81%d0%ba%d0%b0-%d0%bf%d0%be%d0%b4%d0%b4%d1%80%d1%8a%d0%b6%d0%ba%d0%b0\/\"><h2>\u0420\u0430\u0431\u043e\u0442\u043d\u0438\u043a \u0442\u0435\u0445\u043d\u0438\u0447\u0435\u0441\u043a\u0430 \u043f\u043e\u0434\u0434\u0440\u044a\u0436\u043a\u0430<\/h2><\/a>\r\n\t\t<ul style=\"list-style: none;margin-left: 0.2rem;\">\r\n\t\t<li><b>\u0414\u044a\u0440\u0436\u0430\u0432\u0430:<\/b> \u0410\u0432\u0441\u0442\u0440\u0438\u044f<\/li>\r\n\t\t<li><b>\u041d\u0430\u0447\u0430\u043b\u043d\u0430 \u0434\u0430\u0442\u0430:<\/b> ASAP<\/li>\r\n\t\t<li><b>\u041f\u043e\u0434\u0445\u043e\u0434\u044f\u0449 \u0437\u0430:<\/b> \u043c\u044a\u0436\u0435<\/li>\r\n\t\t<li><b>\u0417\u0430\u043f\u043b\u0430\u0442\u0430:<\/b> 1700\u20ac - 1800\u20ac \/ <small>\u041d\u0435\u0442\u043e<\/small><br><\/li>\r\n\t\t<\/ul>\r\n \t<\/div>\r\n\t\t\r\n\t<div class=\"bw--ponuky_prace_button\">\r\n\t\t<a class=\"button primary expand\" href=\"https:\/\/www.viakris.eu\/bg\/ponuka-prace\/%d1%80%d0%b0%d0%b1%d0%be%d1%82%d0%bd%d0%b8%d0%ba-%d1%82%d0%b5%d1%85%d0%bd%d0%b8%d1%87%d0%b5%d1%81%d0%ba%d0%b0-%d0%bf%d0%be%d0%b4%d0%b4%d1%80%d1%8a%d0%b6%d0%ba%d0%b0\/\">\r\n\t\t\t<span>\u041f\u043e\u0432\u0435\u0447\u0435 \u0438\u043d\u0444\u043e\u0440\u043c\u0430\u0446\u0438\u044f<\/span>\r\n\t\t<\/a>\r\n\t<\/div>\r\n<\/div><div class=\"bw--ponuka_prace_listing\">\r\n\t<div class=\"bw--ponuka_prace_img\">\r\n\t\t<a href=\"https:\/\/www.viakris.eu\/bg\/ponuka-prace\/%d0%bf%d0%be%d0%bc%d0%be%d1%89%d0%bd%d0%b8%d0%ba-%d0%ba%d1%83%d1%85%d0%bd%d1%8f\/\"><img src=\"https:\/\/www.viakris.eu\/wp-content\/uploads\/kitchen-staff-2.jpeg\" alt=\"\u041f\u043e\u043c\u043e\u0449\u043d\u0438\u043a \u043a\u0443\u0445\u043d\u044f\"><\/a>\r\n\t<\/div>\r\n\t\t\r\n\t<div class=\"bw--ponuky_prace\">\r\n\t\t<a href=\"https:\/\/www.viakris.eu\/bg\/ponuka-prace\/%d0%bf%d0%be%d0%bc%d0%be%d1%89%d0%bd%d0%b8%d0%ba-%d0%ba%d1%83%d1%85%d0%bd%d1%8f\/\"><h2>\u041f\u043e\u043c\u043e\u0449\u043d\u0438\u043a \u043a\u0443\u0445\u043d\u044f<\/h2><\/a>\r\n\t\t<ul style=\"list-style: none;margin-left: 0.2rem;\">\r\n\t\t<li><b>\u0414\u044a\u0440\u0436\u0430\u0432\u0430:<\/b> \u0410\u0432\u0441\u0442\u0440\u0438\u044f<\/li>\r\n\t\t<li><b>\u041d\u0430\u0447\u0430\u043b\u043d\u0430 \u0434\u0430\u0442\u0430:<\/b> ASAP<\/li>\r\n\t\t<li><b>\u041f\u043e\u0434\u0445\u043e\u0434\u044f\u0449 \u0437\u0430:<\/b> \u0436\u0435\u043d\u0438 \u0438 \u043c\u044a\u0436\u0435<\/li>\r\n\t\t<li><b>\u0417\u0430\u043f\u043b\u0430\u0442\u0430:<\/b> 1700\u20ac - 1800\u20ac \/ <small>\u041d\u0435\u0442\u043e<\/small><br>\u043f\u043b\u044e\u0441 \u0431\u0430\u043a\u0448\u0438\u0448<\/li>\r\n\t\t<\/ul>\r\n \t<\/div>\r\n\t\t\r\n\t<div class=\"bw--ponuky_prace_button\">\r\n\t\t<a class=\"button primary expand\" href=\"https:\/\/www.viakris.eu\/bg\/ponuka-prace\/%d0%bf%d0%be%d0%bc%d0%be%d1%89%d0%bd%d0%b8%d0%ba-%d0%ba%d1%83%d1%85%d0%bd%d1%8f\/\">\r\n\t\t\t<span>\u041f\u043e\u0432\u0435\u0447\u0435 \u0438\u043d\u0444\u043e\u0440\u043c\u0430\u0446\u0438\u044f<\/span>\r\n\t\t<\/a>\r\n\t<\/div>\r\n<\/div><div class=\"bw--ponuka_prace_listing\">\r\n\t<div class=\"bw--ponuka_prace_img\">\r\n\t\t<a href=\"https:\/\/www.viakris.eu\/bg\/ponuka-prace\/commis-de-rang-%d1%81%d0%b5%d1%80%d0%b2%d0%b8%d1%82%d1%8c%d0%be%d1%80\/\"><img src=\"https:\/\/www.viakris.eu\/wp-content\/uploads\/waiter.jpg\" alt=\"Commis de Rang \/ \u0421\u0435\u0440\u0432\u0438\u0442\u044c\u043e\u0440\"><\/a>\r\n\t<\/div>\r\n\t\t\r\n\t<div class=\"bw--ponuky_prace\">\r\n\t\t<a href=\"https:\/\/www.viakris.eu\/bg\/ponuka-prace\/commis-de-rang-%d1%81%d0%b5%d1%80%d0%b2%d0%b8%d1%82%d1%8c%d0%be%d1%80\/\"><h2>Commis de Rang \/ \u0421\u0435\u0440\u0432\u0438\u0442\u044c\u043e\u0440<\/h2><\/a>\r\n\t\t<ul style=\"list-style: none;margin-left: 0.2rem;\">\r\n\t\t<li><b>\u0414\u044a\u0440\u0436\u0430\u0432\u0430:<\/b> \u0410\u0432\u0441\u0442\u0440\u0438\u044f<\/li>\r\n\t\t<li><b>\u041d\u0430\u0447\u0430\u043b\u043d\u0430 \u0434\u0430\u0442\u0430:<\/b> ASAP<\/li>\r\n\t\t<li><b>\u041f\u043e\u0434\u0445\u043e\u0434\u044f\u0449 \u0437\u0430:<\/b> \u0436\u0435\u043d\u0438 \u0438 \u043c\u044a\u0436\u0435<\/li>\r\n\t\t<li><b>\u0417\u0430\u043f\u043b\u0430\u0442\u0430:<\/b> 1600\u20ac - 1800\u20ac \/ <small>\u041d\u0435\u0442\u043e<\/small><br>\u043f\u043b\u044e\u0441 \u0431\u0430\u043a\u0448\u0438\u0448<\/li>\r\n\t\t<\/ul>\r\n \t<\/div>\r\n\t\t\r\n\t<div class=\"bw--ponuky_prace_button\">\r\n\t\t<a class=\"button primary expand\" href=\"https:\/\/www.viakris.eu\/bg\/ponuka-prace\/commis-de-rang-%d1%81%d0%b5%d1%80%d0%b2%d0%b8%d1%82%d1%8c%d0%be%d1%80\/\">\r\n\t\t\t<span>\u041f\u043e\u0432\u0435\u0447\u0435 \u0438\u043d\u0444\u043e\u0440\u043c\u0430\u0446\u0438\u044f<\/span>\r\n\t\t<\/a>\r\n\t<\/div>\r\n<\/div><div class=\"bw--ponuka_prace_listing\">\r\n\t<div class=\"bw--ponuka_prace_img\">\r\n\t\t<a href=\"https:\/\/www.viakris.eu\/bg\/ponuka-prace\/chef-de-rang-%d0%b3%d0%bb%d0%b0%d0%b2%d0%b5%d0%bd-%d1%81%d0%b5%d1%80%d0%b2%d0%b8%d1%82%d1%8c%d0%be%d1%80\/\"><img src=\"https:\/\/www.viakris.eu\/wp-content\/uploads\/waiter.jpg\" alt=\"Chef de Rang \/ \u0413\u043b\u0430\u0432\u0435\u043d \u0441\u0435\u0440\u0432\u0438\u0442\u044c\u043e\u0440\"><\/a>\r\n\t<\/div>\r\n\t\t\r\n\t<div class=\"bw--ponuky_prace\">\r\n\t\t<a href=\"https:\/\/www.viakris.eu\/bg\/ponuka-prace\/chef-de-rang-%d0%b3%d0%bb%d0%b0%d0%b2%d0%b5%d0%bd-%d1%81%d0%b5%d1%80%d0%b2%d0%b8%d1%82%d1%8c%d0%be%d1%80\/\"><h2>Chef de Rang \/ \u0413\u043b\u0430\u0432\u0435\u043d \u0441\u0435\u0440\u0432\u0438\u0442\u044c\u043e\u0440<\/h2><\/a>\r\n\t\t<ul style=\"list-style: none;margin-left: 0.2rem;\">\r\n\t\t<li><b>\u0414\u044a\u0440\u0436\u0430\u0432\u0430:<\/b> \u041a\u0438\u043f\u044a\u0440<\/li>\r\n\t\t<li><b>\u041d\u0430\u0447\u0430\u043b\u043d\u0430 \u0434\u0430\u0442\u0430:<\/b> ASAP<\/li>\r\n\t\t<li><b>\u041f\u043e\u0434\u0445\u043e\u0434\u044f\u0449 \u0437\u0430:<\/b> \u0436\u0435\u043d\u0438 \u0438 \u043c\u044a\u0436\u0435<\/li>\r\n\t\t<li><b>\u0417\u0430\u043f\u043b\u0430\u0442\u0430:<\/b> 1800\u20ac - 2000\u20ac \/ <small>\u041d\u0435\u0442\u043e<\/small><br>\u043f\u043b\u044e\u0441 \u0431\u0430\u043a\u0448\u0438\u0448<\/li>\r\n\t\t<\/ul>\r\n \t<\/div>\r\n\t\t\r\n\t<div class=\"bw--ponuky_prace_button\">\r\n\t\t<a class=\"button primary expand\" href=\"https:\/\/www.viakris.eu\/bg\/ponuka-prace\/chef-de-rang-%d0%b3%d0%bb%d0%b0%d0%b2%d0%b5%d0%bd-%d1%81%d0%b5%d1%80%d0%b2%d0%b8%d1%82%d1%8c%d0%be%d1%80\/\">\r\n\t\t\t<span>\u041f\u043e\u0432\u0435\u0447\u0435 \u0438\u043d\u0444\u043e\u0440\u043c\u0430\u0446\u0438\u044f<\/span>\r\n\t\t<\/a>\r\n\t<\/div>\r\n<\/div><div class=\"bw--ponuka_prace_listing\">\r\n\t<div class=\"bw--ponuka_prace_img\">\r\n\t\t<a href=\"https:\/\/www.viakris.eu\/bg\/ponuka-prace\/%d1%81%d0%b5%d1%80%d0%b2%d0%b8%d1%82%d1%8c%d0%be%d1%80-%d1%81-%d0%be%d0%bf%d0%b8%d1%82\/\"><img src=\"https:\/\/www.viakris.eu\/wp-content\/uploads\/waiter.jpg\" alt=\"\u0421\u0435\u0440\u0432\u0438\u0442\u044c\u043e\u0440 \u0441 \u043e\u043f\u0438\u0442\"><\/a>\r\n\t<\/div>\r\n\t\t\r\n\t<div class=\"bw--ponuky_prace\">\r\n\t\t<a href=\"https:\/\/www.viakris.eu\/bg\/ponuka-prace\/%d1%81%d0%b5%d1%80%d0%b2%d0%b8%d1%82%d1%8c%d0%be%d1%80-%d1%81-%d0%be%d0%bf%d0%b8%d1%82\/\"><h2>\u0421\u0435\u0440\u0432\u0438\u0442\u044c\u043e\u0440 \u0441 \u043e\u043f\u0438\u0442<\/h2><\/a>\r\n\t\t<ul style=\"list-style: none;margin-left: 0.2rem;\">\r\n\t\t<li><b>\u0414\u044a\u0440\u0436\u0430\u0432\u0430:<\/b> \u0413\u044a\u0440\u0446\u0438\u044f<\/li>\r\n\t\t<li><b>\u041d\u0430\u0447\u0430\u043b\u043d\u0430 \u0434\u0430\u0442\u0430:<\/b> ASAP<\/li>\r\n\t\t<li><b>\u041f\u043e\u0434\u0445\u043e\u0434\u044f\u0449 \u0437\u0430:<\/b> \u0436\u0435\u043d\u0438 \u0438 \u043c\u044a\u0436\u0435 (\u0432\u044a\u0437\u0440\u0430\u0441\u0442 22 \u2013 30)<\/li>\r\n\t\t<li><b>\u0417\u0430\u043f\u043b\u0430\u0442\u0430:<\/b> 1200\u20ac \/ <small>\u041d\u0435\u0442\u043e<\/small><br>\u043f\u043b\u044e\u0441 \u0431\u0430\u043a\u0448\u0438\u0448<\/li>\r\n\t\t<\/ul>\r\n \t<\/div>\r\n\t\t\r\n\t<div class=\"bw--ponuky_prace_button\">\r\n\t\t<a class=\"button primary expand\" href=\"https:\/\/www.viakris.eu\/bg\/ponuka-prace\/%d1%81%d0%b5%d1%80%d0%b2%d0%b8%d1%82%d1%8c%d0%be%d1%80-%d1%81-%d0%be%d0%bf%d0%b8%d1%82\/\">\r\n\t\t\t<span>\u041f\u043e\u0432\u0435\u0447\u0435 \u0438\u043d\u0444\u043e\u0440\u043c\u0430\u0446\u0438\u044f<\/span>\r\n\t\t<\/a>\r\n\t<\/div>\r\n<\/div><div class=\"bw--ponuka_prace_listing\">\r\n\t<div class=\"bw--ponuka_prace_img\">\r\n\t\t<a href=\"https:\/\/www.viakris.eu\/bg\/ponuka-prace\/%d1%81%d0%b5%d1%80%d0%b2%d0%b8%d1%82%d1%8c%d0%be%d1%80\/\"><img src=\"https:\/\/www.viakris.eu\/wp-content\/uploads\/waiter.jpg\" alt=\"\u0421\u0435\u0440\u0432\u0438\u0442\u044c\u043e\u0440\"><\/a>\r\n\t<\/div>\r\n\t\t\r\n\t<div class=\"bw--ponuky_prace\">\r\n\t\t<a href=\"https:\/\/www.viakris.eu\/bg\/ponuka-prace\/%d1%81%d0%b5%d1%80%d0%b2%d0%b8%d1%82%d1%8c%d0%be%d1%80\/\"><h2>\u0421\u0435\u0440\u0432\u0438\u0442\u044c\u043e\u0440<\/h2><\/a>\r\n\t\t<ul style=\"list-style: none;margin-left: 0.2rem;\">\r\n\t\t<li><b>\u0414\u044a\u0440\u0436\u0430\u0432\u0430:<\/b> \u0413\u044a\u0440\u0446\u0438\u044f<\/li>\r\n\t\t<li><b>\u041d\u0430\u0447\u0430\u043b\u043d\u0430 \u0434\u0430\u0442\u0430:<\/b> ASAP<\/li>\r\n\t\t<li><b>\u041f\u043e\u0434\u0445\u043e\u0434\u044f\u0449 \u0437\u0430:<\/b> \u0436\u0435\u043d\u0438 \u0438 \u043c\u044a\u0436\u0435 (\u0432\u044a\u0437\u0440\u0430\u0441\u0442 22 \u2013 30)<\/li>\r\n\t\t<li><b>\u0417\u0430\u043f\u043b\u0430\u0442\u0430:<\/b> \u20ac1000 \/ <small>\u041d\u0435\u0442\u043e<\/small><br>\u043f\u043b\u044e\u0441 \u0431\u0430\u043a\u0448\u0438\u0448<\/li>\r\n\t\t<\/ul>\r\n \t<\/div>\r\n\t\t\r\n\t<div class=\"bw--ponuky_prace_button\">\r\n\t\t<a class=\"button primary expand\" href=\"https:\/\/www.viakris.eu\/bg\/ponuka-prace\/%d1%81%d0%b5%d1%80%d0%b2%d0%b8%d1%82%d1%8c%d0%be%d1%80\/\">\r\n\t\t\t<span>\u041f\u043e\u0432\u0435\u0447\u0435 \u0438\u043d\u0444\u043e\u0440\u043c\u0430\u0446\u0438\u044f<\/span>\r\n\t\t<\/a>\r\n\t<\/div>\r\n<\/div><div class=\"bw--ponuka_prace_listing\">\r\n\t<div class=\"bw--ponuka_prace_img\">\r\n\t\t<a href=\"https:\/\/www.viakris.eu\/bg\/ponuka-prace\/%d0%ba%d0%b0%d0%bc%d0%b5%d1%80%d0%b8%d0%b5%d1%80%d0%ba%d0%b0-3\/\"><img src=\"https:\/\/www.viakris.eu\/wp-content\/uploads\/housekeeping_1.jpg\" alt=\"\u041a\u0430\u043c\u0435\u0440\u0438\u0435\u0440\u043a\u0430\"><\/a>\r\n\t<\/div>\r\n\t\t\r\n\t<div class=\"bw--ponuky_prace\">\r\n\t\t<a href=\"https:\/\/www.viakris.eu\/bg\/ponuka-prace\/%d0%ba%d0%b0%d0%bc%d0%b5%d1%80%d0%b8%d0%b5%d1%80%d0%ba%d0%b0-3\/\"><h2>\u041a\u0430\u043c\u0435\u0440\u0438\u0435\u0440\u043a\u0430<\/h2><\/a>\r\n\t\t<ul style=\"list-style: none;margin-left: 0.2rem;\">\r\n\t\t<li><b>\u0414\u044a\u0440\u0436\u0430\u0432\u0430:<\/b> \u0413\u044a\u0440\u0446\u0438\u044f<\/li>\r\n\t\t<li><b>\u041d\u0430\u0447\u0430\u043b\u043d\u0430 \u0434\u0430\u0442\u0430:<\/b> ASAP<\/li>\r\n\t\t<li><b>\u041f\u043e\u0434\u0445\u043e\u0434\u044f\u0449 \u0437\u0430:<\/b> \u0436\u0435\u043d\u0438 \u0438 \u043c\u044a\u0436\u0435 (\u0432\u044a\u0437\u0440\u0430\u0441\u0442 22 \u2013 40)<\/li>\r\n\t\t<li><b>\u0417\u0430\u043f\u043b\u0430\u0442\u0430:<\/b> 1100\u20ac \/ <small>\u041d\u0435\u0442\u043e<\/small><br>\u043f\u043b\u044e\u0441 \u0431\u0430\u043a\u0448\u0438\u0448<\/li>\r\n\t\t<\/ul>\r\n \t<\/div>\r\n\t\t\r\n\t<div class=\"bw--ponuky_prace_button\">\r\n\t\t<a class=\"button primary expand\" href=\"https:\/\/www.viakris.eu\/bg\/ponuka-prace\/%d0%ba%d0%b0%d0%bc%d0%b5%d1%80%d0%b8%d0%b5%d1%80%d0%ba%d0%b0-3\/\">\r\n\t\t\t<span>\u041f\u043e\u0432\u0435\u0447\u0435 \u0438\u043d\u0444\u043e\u0440\u043c\u0430\u0446\u0438\u044f<\/span>\r\n\t\t<\/a>\r\n\t<\/div>\r\n<\/div><span class=\"pods-pagination-advanced \">\n\t\n\t<span class=\"pods-pagination-number pods-pagination-current \">1<\/span>\n\n\t\t\t\t<a href=\"\/bg\/wp-json\/wp\/v2\/pages\/2186?pg=2\" class=\"pods-pagination-number pods-pagination-2 \">2<\/a>\n\t\t\t\t\t<a href=\"\/bg\/wp-json\/wp\/v2\/pages\/2186?pg=3\" class=\"pods-pagination-number pods-pagination-last pods-pagination-3 \">3<\/a>\n\t\t\t\t\t<a href=\"\/bg\/wp-json\/wp\/v2\/pages\/2186?pg=2\" class=\"pods-pagination-label pods-pagination-next \">\u0441\u043b\u0435\u0434\u0432\u0430\u0449\u0438\u044f<\/a>\n\t\t\t\t\t\t\t<a href=\"\/bg\/wp-json\/wp\/v2\/pages\/2186?pg=3\" class=\"pods-pagination-label pods-pagination-last \">\u041f\u043e\u0441\u043b\u0435\u0434\u043d\u043e<\/a>\n\t\t\t\t\n<\/span>\n\n<\/div>\n\n\n","protected":false},"excerpt":{"rendered":"","protected":false},"author":1,"featured_media":0,"parent":0,"menu_order":0,"comment_status":"closed","ping_status":"closed","template":"page-right-sidebar.php","meta":{"footnotes":""},"yoast_head":"<!-- This site is optimized with the Yoast SEO plugin v21.4 - https:\/\/yoast.com\/wordpress\/plugins\/seo\/ -->\n<title>\u041e\u0444\u0435\u0440\u0442\u0438 \u0437\u0430 \u0440\u0430\u0431\u043e\u0442\u0430 - Viakris<\/title>\n<meta name=\"robots\" content=\"index, follow, max-snippet:-1, max-image-preview:large, max-video-preview:-1\" \/>\n<link rel=\"canonical\" href=\"https:\/\/www.viakris.eu\/bg\/%d0%be%d1%84%d0%b5%d1%80%d1%82%d0%b8-%d0%b7%d0%b0-%d1%80%d0%b0%d0%b1%d0%be%d1%82%d0%b0\/\" \/>\n<meta property=\"og:locale\" content=\"bg_BG\" \/>\n<meta property=\"og:type\" content=\"article\" \/>\n<meta property=\"og:title\" content=\"\u041e\u0444\u0435\u0440\u0442\u0438 \u0437\u0430 \u0440\u0430\u0431\u043e\u0442\u0430 - Viakris\" \/>\n<meta property=\"og:url\" content=\"https:\/\/www.viakris.eu\/bg\/%d0%be%d1%84%d0%b5%d1%80%d1%82%d0%b8-%d0%b7%d0%b0-%d1%80%d0%b0%d0%b1%d0%be%d1%82%d0%b0\/\" \/>\n<meta property=\"og:site_name\" content=\"Viakris\" \/>\n<meta property=\"article:publisher\" content=\"https:\/\/www.facebook.com\/profile.php?id=100091984939661\" \/>\n<meta property=\"article:modified_time\" content=\"2023-05-22T14:01:09+00:00\" \/>\n<meta name=\"twitter:card\" content=\"summary_large_image\" \/>\n<meta name=\"twitter:label1\" content=\"Est. reading time\" \/>\n\t<meta name=\"twitter:data1\" content=\"1 \u043c\u0438\u043d\u0443\u0442\u0430\" \/>\n<script type=\"application\/ld+json\" class=\"yoast-schema-graph\">{\"@context\":\"https:\/\/schema.org\",\"@graph\":[{\"@type\":\"WebPage\",\"@id\":\"https:\/\/www.viakris.eu\/bg\/%d0%be%d1%84%d0%b5%d1%80%d1%82%d0%b8-%d0%b7%d0%b0-%d1%80%d0%b0%d0%b1%d0%be%d1%82%d0%b0\/\",\"url\":\"https:\/\/www.viakris.eu\/bg\/%d0%be%d1%84%d0%b5%d1%80%d1%82%d0%b8-%d0%b7%d0%b0-%d1%80%d0%b0%d0%b1%d0%be%d1%82%d0%b0\/\",\"name\":\"\u041e\u0444\u0435\u0440\u0442\u0438 \u0437\u0430 \u0440\u0430\u0431\u043e\u0442\u0430 - Viakris\",\"isPartOf\":{\"@id\":\"https:\/\/www.viakris.eu\/bg\/#website\"},\"datePublished\":\"2023-03-14T13:09:32+00:00\",\"dateModified\":\"2023-05-22T14:01:09+00:00\",\"breadcrumb\":{\"@id\":\"https:\/\/www.viakris.eu\/bg\/%d0%be%d1%84%d0%b5%d1%80%d1%82%d0%b8-%d0%b7%d0%b0-%d1%80%d0%b0%d0%b1%d0%be%d1%82%d0%b0\/#breadcrumb\"},\"inLanguage\":\"bg-BG\",\"potentialAction\":[{\"@type\":\"ReadAction\",\"target\":[\"https:\/\/www.viakris.eu\/bg\/%d0%be%d1%84%d0%b5%d1%80%d1%82%d0%b8-%d0%b7%d0%b0-%d1%80%d0%b0%d0%b1%d0%be%d1%82%d0%b0\/\"]}]},{\"@type\":\"BreadcrumbList\",\"@id\":\"https:\/\/www.viakris.eu\/bg\/%d0%be%d1%84%d0%b5%d1%80%d1%82%d0%b8-%d0%b7%d0%b0-%d1%80%d0%b0%d0%b1%d0%be%d1%82%d0%b0\/#breadcrumb\",\"itemListElement\":[{\"@type\":\"ListItem\",\"position\":1,\"name\":\"Home\",\"item\":\"https:\/\/www.viakris.eu\/bg\/\"},{\"@type\":\"ListItem\",\"position\":2,\"name\":\"\u041e\u0444\u0435\u0440\u0442\u0438 \u0437\u0430 \u0440\u0430\u0431\u043e\u0442\u0430\"}]},{\"@type\":\"WebSite\",\"@id\":\"https:\/\/www.viakris.eu\/bg\/#website\",\"url\":\"https:\/\/www.viakris.eu\/bg\/\",\"name\":\"Viakris\",\"description\":\"N\u00e1jdi si pr\u00e1cu v zahrani\u010d\u00ed. Sprostredkujeme ti ju zdarma.\",\"publisher\":{\"@id\":\"https:\/\/www.viakris.eu\/bg\/#organization\"},\"alternateName\":\"Viakris\",\"potentialAction\":[{\"@type\":\"SearchAction\",\"target\":{\"@type\":\"EntryPoint\",\"urlTemplate\":\"https:\/\/www.viakris.eu\/bg\/?s={search_term_string}\"},\"query-input\":\"required name=search_term_string\"}],\"inLanguage\":\"bg-BG\"},{\"@type\":\"Organization\",\"@id\":\"https:\/\/www.viakris.eu\/bg\/#organization\",\"name\":\"Viakris\",\"alternateName\":\"Viakris\",\"url\":\"https:\/\/www.viakris.eu\/bg\/\",\"logo\":{\"@type\":\"ImageObject\",\"inLanguage\":\"bg-BG\",\"@id\":\"https:\/\/www.viakris.eu\/bg\/#\/schema\/logo\/image\/\",\"url\":\"https:\/\/www.viakris.eu\/wp-content\/uploads\/viakris_logo_1.svg\",\"contentUrl\":\"https:\/\/www.viakris.eu\/wp-content\/uploads\/viakris_logo_1.svg\",\"width\":1,\"height\":1,\"caption\":\"Viakris\"},\"image\":{\"@id\":\"https:\/\/www.viakris.eu\/bg\/#\/schema\/logo\/image\/\"},\"sameAs\":[\"https:\/\/www.facebook.com\/profile.php?id=100091984939661\",\"https:\/\/www.instagram.com\/viakris.eu\/\"]}]}<\/script>\n<!-- \/ Yoast SEO plugin. -->","yoast_head_json":{"title":"\u041e\u0444\u0435\u0440\u0442\u0438 \u0437\u0430 \u0440\u0430\u0431\u043e\u0442\u0430 - Viakris","robots":{"index":"index","follow":"follow","max-snippet":"max-snippet:-1","max-image-preview":"max-image-preview:large","max-video-preview":"max-video-preview:-1"},"canonical":"https:\/\/www.viakris.eu\/bg\/%d0%be%d1%84%d0%b5%d1%80%d1%82%d0%b8-%d0%b7%d0%b0-%d1%80%d0%b0%d0%b1%d0%be%d1%82%d0%b0\/","og_locale":"bg_BG","og_type":"article","og_title":"\u041e\u0444\u0435\u0440\u0442\u0438 \u0437\u0430 \u0440\u0430\u0431\u043e\u0442\u0430 - Viakris","og_url":"https:\/\/www.viakris.eu\/bg\/%d0%be%d1%84%d0%b5%d1%80%d1%82%d0%b8-%d0%b7%d0%b0-%d1%80%d0%b0%d0%b1%d0%be%d1%82%d0%b0\/","og_site_name":"Viakris","article_publisher":"https:\/\/www.facebook.com\/profile.php?id=100091984939661","article_modified_time":"2023-05-22T14:01:09+00:00","twitter_card":"summary_large_image","twitter_misc":{"Est. reading time":"1 \u043c\u0438\u043d\u0443\u0442\u0430"},"schema":{"@context":"https:\/\/schema.org","@graph":[{"@type":"WebPage","@id":"https:\/\/www.viakris.eu\/bg\/%d0%be%d1%84%d0%b5%d1%80%d1%82%d0%b8-%d0%b7%d0%b0-%d1%80%d0%b0%d0%b1%d0%be%d1%82%d0%b0\/","url":"https:\/\/www.viakris.eu\/bg\/%d0%be%d1%84%d0%b5%d1%80%d1%82%d0%b8-%d0%b7%d0%b0-%d1%80%d0%b0%d0%b1%d0%be%d1%82%d0%b0\/","name":"\u041e\u0444\u0435\u0440\u0442\u0438 \u0437\u0430 \u0440\u0430\u0431\u043e\u0442\u0430 - Viakris","isPartOf":{"@id":"https:\/\/www.viakris.eu\/bg\/#website"},"datePublished":"2023-03-14T13:09:32+00:00","dateModified":"2023-05-22T14:01:09+00:00","breadcrumb":{"@id":"https:\/\/www.viakris.eu\/bg\/%d0%be%d1%84%d0%b5%d1%80%d1%82%d0%b8-%d0%b7%d0%b0-%d1%80%d0%b0%d0%b1%d0%be%d1%82%d0%b0\/#breadcrumb"},"inLanguage":"bg-BG","potentialAction":[{"@type":"ReadAction","target":["https:\/\/www.viakris.eu\/bg\/%d0%be%d1%84%d0%b5%d1%80%d1%82%d0%b8-%d0%b7%d0%b0-%d1%80%d0%b0%d0%b1%d0%be%d1%82%d0%b0\/"]}]},{"@type":"BreadcrumbList","@id":"https:\/\/www.viakris.eu\/bg\/%d0%be%d1%84%d0%b5%d1%80%d1%82%d0%b8-%d0%b7%d0%b0-%d1%80%d0%b0%d0%b1%d0%be%d1%82%d0%b0\/#breadcrumb","itemListElement":[{"@type":"ListItem","position":1,"name":"Home","item":"https:\/\/www.viakris.eu\/bg\/"},{"@type":"ListItem","position":2,"name":"\u041e\u0444\u0435\u0440\u0442\u0438 \u0437\u0430 \u0440\u0430\u0431\u043e\u0442\u0430"}]},{"@type":"WebSite","@id":"https:\/\/www.viakris.eu\/bg\/#website","url":"https:\/\/www.viakris.eu\/bg\/","name":"Viakris","description":"N\u00e1jdi si pr\u00e1cu v zahrani\u010d\u00ed. Sprostredkujeme ti ju zdarma.","publisher":{"@id":"https:\/\/www.viakris.eu\/bg\/#organization"},"alternateName":"Viakris","potentialAction":[{"@type":"SearchAction","target":{"@type":"EntryPoint","urlTemplate":"https:\/\/www.viakris.eu\/bg\/?s={search_term_string}"},"query-input":"required name=search_term_string"}],"inLanguage":"bg-BG"},{"@type":"Organization","@id":"https:\/\/www.viakris.eu\/bg\/#organization","name":"Viakris","alternateName":"Viakris","url":"https:\/\/www.viakris.eu\/bg\/","logo":{"@type":"ImageObject","inLanguage":"bg-BG","@id":"https:\/\/www.viakris.eu\/bg\/#\/schema\/logo\/image\/","url":"https:\/\/www.viakris.eu\/wp-content\/uploads\/viakris_logo_1.svg","contentUrl":"https:\/\/www.viakris.eu\/wp-content\/uploads\/viakris_logo_1.svg","width":1,"height":1,"caption":"Viakris"},"image":{"@id":"https:\/\/www.viakris.eu\/bg\/#\/schema\/logo\/image\/"},"sameAs":["https:\/\/www.facebook.com\/profile.php?id=100091984939661","https:\/\/www.instagram.com\/viakris.eu\/"]}]}},"_links":{"self":[{"href":"https:\/\/www.viakris.eu\/bg\/wp-json\/wp\/v2\/pages\/2186"}],"collection":[{"href":"https:\/\/www.viakris.eu\/bg\/wp-json\/wp\/v2\/pages"}],"about":[{"href":"https:\/\/www.viakris.eu\/bg\/wp-json\/wp\/v2\/types\/page"}],"author":[{"embeddable":true,"href":"https:\/\/www.viakris.eu\/bg\/wp-json\/wp\/v2\/users\/1"}],"replies":[{"embeddable":true,"href":"https:\/\/www.viakris.eu\/bg\/wp-json\/wp\/v2\/comments?post=2186"}],"version-history":[{"count":0,"href":"https:\/\/www.viakris.eu\/bg\/wp-json\/wp\/v2\/pages\/2186\/revisions"}],"wp:attachment":[{"href":"https:\/\/www.viakris.eu\/bg\/wp-json\/wp\/v2\/media?parent=2186"}],"curies":[{"name":"wp","href":"https:\/\/api.w.org\/{rel}","templated":true}]}}