{"id":2189,"date":"2017-08-04T11:13:36","date_gmt":"2017-08-04T09:13:36","guid":{"rendered":"https:\/\/www.viakris.eu\/1684400471590\/o-nas\/"},"modified":"2023-05-22T12:50:08","modified_gmt":"2023-05-22T10:50:08","slug":"%d0%b7%d0%b0-%d0%bd%d0%b0%d1%81","status":"publish","type":"page","link":"https:\/\/www.viakris.eu\/bg\/%d0%b7%d0%b0-%d0%bd%d0%b0%d1%81\/","title":{"rendered":"\u0417\u0430 \u043d\u0430\u0441"},"content":{"rendered":"\n<div class=\"row\"  id=\"row-423199390\">\n\n\n\t<div id=\"col-306296502\" class=\"col small-12 large-12\"  >\n\t\t\t\t<div class=\"col-inner\"  >\n\t\t\t\n\t\t\t\n\n<h1>\u0417\u0410 \u041d\u0410\u0421<\/h1>\n\n\t<div id=\"gap-1712026971\" class=\"gap-element clearfix\" style=\"display:block; height:auto;\">\n\t\t\n<style>\n#gap-1712026971 {\n  padding-top: 0px;\n}\n@media (min-width:550px) {\n  #gap-1712026971 {\n    padding-top: 0px;\n  }\n}\n@media (min-width:850px) {\n  #gap-1712026971 {\n    padding-top: 50px;\n  }\n}\n<\/style>\n\t<\/div>\n\t\n\n\t<div id=\"text-2545834983\" class=\"text bw--checkmark\">\n\t\t\n\n<p>\u041d\u0438\u0435 \u0441\u043c\u0435 \u043a\u043e\u043c\u043f\u0430\u043d\u0438\u044f, \u043a\u043e\u044f\u0442\u043e \u0441\u0435 \u0444\u043e\u043a\u0443\u0441\u0438\u0440\u0430 \u0432\u044a\u0440\u0445\u0443 \u043f\u043e\u0441\u0440\u0435\u0434\u043d\u0438\u0447\u0435\u0441\u0442\u0432\u043e \u043f\u0440\u0438 \u0440\u0430\u0431\u043e\u0442\u0430 \u0432 \u0447\u0443\u0436\u0431\u0438\u043d\u0430.<\/p>\n<p>\u00a0<\/p>\n<p>\u041a\u0430\u0437\u0432\u0430\u043c \u0441\u0435 <strong>\u0412\u0438\u043b\u044f\u043c<\/strong> \u0438 \u0437\u0430\u0435\u0434\u043d\u043e \u0441 \u043f\u0430\u0440\u0442\u043d\u044c\u043e\u0440\u0430 \u043c\u0438 <strong>\u0410\u043d\u043d\u0430<\/strong> \u0440\u0435\u0448\u0438\u0445\u043c\u0435 \u0434\u0430 \u0441\u0431\u044a\u0434\u043d\u0435\u043c \u043c\u0435\u0447\u0442\u0430\u0442\u0430 \u0441\u0438 \u0438 \u043e\u0441\u043d\u043e\u0432\u0430\u0445\u043c\u0435 \u043a\u043e\u043c\u043f\u0430\u043d\u0438\u044f, \u043a\u043e\u044f\u0442\u043e \u0449\u0435 \u0443\u043b\u0435\u0441\u043d\u0438 \u0436\u0438\u0432\u043e\u0442\u0430 \u043d\u0430 \u0445\u043e\u0440\u0430\u0442\u0430.<\/p>\n<p>\u041d\u0438\u0435 \u043d\u0435 \u0441\u043c\u0435 \u043f\u0440\u043e\u0441\u0442\u043e \u043f\u043e\u0440\u0435\u0434\u043d\u0430\u0442\u0430 \u043a\u043e\u043c\u043f\u0430\u043d\u0438\u044f \u043d\u0430 \u043f\u0430\u0437\u0430\u0440\u0430, \u043a\u043e\u044f\u0442\u043e \u043f\u0440\u0430\u0432\u0438 \u043f\u0430\u0440\u0438 \u043e\u0442 \u0434\u0440\u0443\u0433\u0438\u0442\u0435, \u0430 \u043d\u0430\u0438\u0441\u0442\u0438\u043d\u0430 \u043f\u043e\u043c\u0430\u0433\u0430\u043c\u0435 \u043d\u0430 \u0445\u043e\u0440\u0430\u0442\u0430, \u043a\u043e\u0438\u0442\u043e \u0438\u0441\u043a\u0430\u0442 \u0434\u0430 \u043f\u044a\u0442\u0443\u0432\u0430\u0442 \u0432 \u0447\u0443\u0436\u0431\u0438\u043d\u0430 \u0438 \u0434\u0430 \u0440\u0430\u0431\u043e\u0442\u044f\u0442 \u0432\u044a\u0440\u0445\u0443 \u0431\u044a\u0434\u0435\u0449\u0435\u0442\u043e \u0441\u0438. \u041f\u0440\u0435\u0434\u043e\u0441\u0442\u0430\u0432\u044f\u043c\u0435 \u043d\u0430 \u043d\u0430\u0448\u0438\u0442\u0435 \u043a\u043b\u0438\u0435\u043d\u0442\u0438 \u0432\u0441\u0438\u0447\u043a\u043e \u043d\u0435\u043e\u0431\u0445\u043e\u0434\u0438\u043c\u043e \u043e\u0442 \u0410 \u0434\u043e \u042f, \u0437\u0430 \u043a\u043e\u0435\u0442\u043e \u043d\u0438 \u043f\u043e\u043c\u043e\u0433\u043d\u0430 \u0438 \u043d\u0430\u0448\u0438\u044f\u0442 \u043e\u043f\u0438\u0442, \u0437\u0430 \u043a\u043e\u0439\u0442\u043e \u043c\u043e\u0436\u0435\u0442\u0435 \u0434\u0430 \u043f\u0440\u043e\u0447\u0435\u0442\u0435\u0442\u0435 \u043f\u043e-\u0434\u043e\u043b\u0443. \u0421\u0440\u0435\u0449\u043d\u0430\u0445\u043c\u0435 \u043d\u0435\u0433\u0430\u0442\u0438\u0432\u043d\u043e \u043e\u0442\u043d\u043e\u0448\u0435\u043d\u0438\u0435, \u0434\u0435\u0437\u0438\u043d\u0444\u043e\u0440\u043c\u0430\u0446\u0438\u044f \u0438 \u043d\u0435\u043a\u043e\u0440\u0435\u043a\u0442\u043d\u0430 \u0438\u043d\u0444\u043e\u0440\u043c\u0430\u0446\u0438\u044f \u043e\u0442\u043d\u043e\u0441\u043d\u043e \u043d\u0430\u0441\u0442\u0430\u043d\u044f\u0432\u0430\u043d\u0435\u0442\u043e, \u043a\u0430\u043a\u0442\u043e \u0438 \u043d\u0435\u0442\u043e\u0447\u043d\u043e \u043e\u043f\u0438\u0441\u0430\u043d\u0438\u0435 \u043d\u0430 \u0434\u043b\u044a\u0436\u043d\u043e\u0441\u0442\u043d\u0430\u0442\u0430 \u0445\u0430\u0440\u0430\u043a\u0442\u0435\u0440\u0438\u0441\u0442\u0438\u043a\u0430.<\/p>\n<p>\u00a0<\/p>\n<p><strong>\u0412\u0438\u043b\u044f\u043c<\/strong> \u2013 \u0420\u043e\u0434\u043e\u043c \u0441\u044a\u043c \u043e\u0442 \u0421\u043b\u043e\u0432\u0430\u043a\u0438\u044f, \u043a\u044a\u0434\u0435\u0442\u043e \u0441\u044a\u043c \u0438\u0437\u0440\u0430\u0441\u043d\u0430\u043b \u0438 \u0443\u0447\u0438\u043b. \u041d\u0430 \u0434\u0432\u0430\u0434\u0435\u0441\u0435\u0442 \u0433\u043e\u0434\u0438\u043d\u0438 \u0437\u0430\u043c\u0438\u043d\u0430\u0445 \u0437\u0430 \u0425\u043e\u043b\u0430\u043d\u0434\u0438\u044f, \u043a\u044a\u0434\u0435\u0442\u043e \u0440\u0430\u0431\u043e\u0442\u0438\u0445 \u043a\u0430\u0442\u043e \u043a\u043e\u043e\u0440\u0434\u0438\u043d\u0430\u0442\u043e\u0440 \u0437\u0430 \u0435\u0434\u043d\u0430 \u043e\u0442 \u043d\u0430\u0439-\u0433\u043e\u043b\u0435\u043c\u0438\u0442\u0435 \u0430\u0433\u0435\u043d\u0446\u0438\u0438 \u0437\u0430 \u043f\u043e\u0434\u0431\u043e\u0440 \u043d\u0430 \u043f\u0435\u0440\u0441\u043e\u043d\u0430\u043b \u0432 \u0441\u0442\u0440\u0430\u043d\u0430\u0442\u0430.<\/p>\n<p>\u0410\u0437 \u0441\u044a\u043c \u043c\u043d\u043e\u0433\u043e \u0430\u043a\u0442\u0438\u0432\u0435\u043d \u0447\u043e\u0432\u0435\u043a, \u043a\u043e\u0439\u0442\u043e \u043f\u043e\u0441\u0442\u043e\u044f\u043d\u043d\u043e \u043d\u0430\u0443\u0447\u0430\u0432\u0430 \u043d\u043e\u0432\u0438 \u043d\u0435\u0449\u0430<br \/>\u0417\u0430\u043d\u0438\u043c\u0430\u0432\u0430\u043c \u0441\u0435 \u0441 \u0431\u0438\u0437\u043d\u0435\u0441 \u0432\u044a\u0432 \u0444\u0438\u043d\u0430\u043d\u0441\u043e\u0432\u0438\u044f \u0441\u0435\u043a\u0442\u043e\u0440 \u043f\u043e\u0432\u0435\u0447\u0435 \u043e\u0442 7 \u0433\u043e\u0434\u0438\u043d\u0438<br \/>\u0413\u043e\u0432\u043e\u0440\u044f \u0441\u043b\u043e\u0432\u0430\u0448\u043a\u0438, \u0430\u043d\u0433\u043b\u0438\u0439\u0441\u043a\u0438, \u0443\u043d\u0433\u0430\u0440\u0441\u043a\u0438, \u043f\u043e\u043b\u0441\u043a\u0438 \u0438 \u0445\u043e\u043b\u0430\u043d\u0434\u0441\u043a\u0438<\/p>\n<p>\u00a0<\/p>\n<p><strong>\u0410\u043d\u043d\u0430<\/strong> \u2013 \u0420\u043e\u0434\u043e\u043c \u0441\u044a\u043c \u043e\u0442 \u0411\u044a\u043b\u0433\u0430\u0440\u0438\u044f, \u043a\u044a\u0434\u0435\u0442\u043e \u0441\u044a\u043c \u0438\u0437\u0440\u0430\u0441\u043d\u0430\u043b\u0430 \u0438 \u0443\u0447\u0438\u043b\u0430.<br \/>\u041d\u043e \u0430\u0437 \u0436\u0438\u0432\u0435\u044f \u0432 \u0421\u043b\u043e\u0432\u0430\u043a\u0438\u044f \u043f\u043e\u0432\u0435\u0447\u0435 \u043e\u0442 \u043f\u0435\u0442 \u0433\u043e\u0434\u0438\u043d\u0438.<\/p>\n<p>\u0422\u0440\u0438 \u0433\u043e\u0434\u0438\u043d\u0438 \u0440\u0430\u0431\u043e\u0442\u0438\u0445 \u043a\u0430\u0442\u043e \u043a\u043e\u043d\u0441\u0443\u043b\u0442\u0430\u043d\u0442 \u0432 \u0441\u043b\u043e\u0432\u0430\u0448\u043a\u0430 \u0430\u0433\u0435\u043d\u0446\u0438\u044f \u0437\u0430 \u043f\u0435\u0440\u0441\u043e\u043d\u0430\u043b<br \/>\u0420\u0430\u0431\u043e\u0442\u0438\u0445 \u043d\u0430 \u043a\u0440\u0443\u0438\u0437\u0435\u043d \u043a\u043e\u0440\u0430\u0431 \u043f\u043e\u0447\u0442\u0438 \u0447\u0435\u0442\u0438\u0440\u0438 \u0433\u043e\u0434\u0438\u043d\u0438.<\/p>\n<p>\u041f\u0440\u0435\u0437 \u0442\u043e\u0432\u0430 \u0432\u0440\u0435\u043c\u0435 \u0438\u043c\u0430\u0445 \u0432\u044a\u0437\u043c\u043e\u0436\u043d\u043e\u0441\u0442\u0442\u0430 \u0434\u0430 \u0438\u0437\u043f\u0440\u043e\u0431\u0432\u0430\u043c \u043c\u043d\u043e\u0433\u043e \u0438\u043d\u0442\u0435\u0440\u0435\u0441\u043d\u0438 \u0440\u0430\u0431\u043e\u0442\u043d\u0438 \u043f\u043e\u0437\u0438\u0446\u0438\u0438, \u043a\u0430\u0442\u043e \u0441\u0435\u0440\u0432\u0438\u0442\u044c\u043e\u0440\u043a\u0430, \u0431\u0430\u0440\u0433\u043e\u0442\u0432\u0430\u0447, \u043f\u043e\u043c\u043e\u0449\u043d\u0438\u043a-\u043c\u0430\u0439\u0442\u044a\u0440 \u0438\u043b\u0438 \u0440\u0435\u0446\u0435\u043f\u0446\u0438\u043e\u043d\u0438\u0441\u0442.<\/p>\n<p>\u0412 \u043c\u043e\u043c\u0435\u043d\u0442\u0430 \u0441\u0435 \u0443\u0447\u0430 \u043a\u0430\u043a \u0434\u0430 \u0431\u044a\u0434\u0430 \u043d\u0430\u0439-\u0434\u043e\u0431\u0440\u0430\u0442\u0430 \u043c\u0430\u0439\u043a\u0430 \u043d\u0430 \u043d\u0430\u0448\u0438\u044f \u043d\u043e\u0432\u043e\u0440\u043e\u0434\u0435\u043d \u0441\u0438\u043d<br \/>\u0412\u043b\u0430\u0434\u0435\u044f \u0431\u044a\u043b\u0433\u0430\u0440\u0441\u043a\u0438, \u0441\u043b\u043e\u0432\u0430\u0448\u043a\u0438, \u043d\u0435\u043c\u0441\u043a\u0438, \u0430\u043d\u0433\u043b\u0438\u0439\u0441\u043a\u0438 \u0438 \u0440\u0443\u0441\u043a\u0438 \u0435\u0437\u0438\u043a<\/p>\n<p>\u0411\u043b\u0430\u0433\u043e\u0434\u0430\u0440\u0435\u043d\u0438\u0435 \u043d\u0430 \u043d\u0430\u0448\u0438\u044f \u043e\u043f\u0438\u0442 \u0438 \u0440\u0435\u0448\u0438\u0442\u0435\u043b\u043d\u043e\u0441\u0442, \u043d\u0438\u0435 \u0432\u044f\u0440\u0432\u0430\u043c\u0435, \u0447\u0435 \u0441\u043c\u0435 \u0438\u0437\u0431\u0440\u0430\u043b\u0438 \u043f\u0440\u0430\u0432\u0438\u043b\u043d\u0438\u044f \u043f\u044a\u0442, \u043a\u044a\u0434\u0435\u0442\u043e \u043c\u043e\u0436\u0435\u043c \u0434\u0430 \u0441\u0435 \u043f\u043e\u0433\u0440\u0438\u0436\u0438\u043c \u0438 \u0437\u0430 \u043d\u0430\u0439-\u043c\u0430\u043b\u043a\u0438\u0442\u0435 \u0434\u0435\u0442\u0430\u0439\u043b\u0438 \u0438 \u043a\u043b\u0438\u0435\u043d\u0442\u0438\u0442\u0435 \u0432\u0438\u043d\u0430\u0433\u0438 \u043c\u043e\u0433\u0430\u0442 \u0434\u0430 \u0440\u0430\u0437\u0447\u0438\u0442\u0430\u0442 \u043d\u0430 \u043d\u0430\u0441.<\/p>\n<p>\u041d\u0438\u0435 \u0441\u043c\u0435 \u043e\u0431\u0435\u0434\u0438\u043d\u0435\u043d\u0438 \u043e\u0442 \u0436\u0435\u043b\u0430\u043d\u0438\u0435\u0442\u043e \u0434\u0430 \u043f\u043e\u043c\u043e\u0433\u043d\u0435\u043c \u043d\u0430 \u0445\u043e\u0440\u0430\u0442\u0430 \u0434\u0430 \u043f\u043e\u043b\u0443\u0447\u0430\u0442 \u043f\u043e-\u0434\u043e\u0431\u0440\u0430 \u0432\u044a\u0437\u043c\u043e\u0436\u043d\u043e\u0441\u0442 \u0437\u0430 \u0440\u0430\u0431\u043e\u0442\u0430 \u0438 \u043f\u043e \u0442\u043e\u0437\u0438 \u043d\u0430\u0447\u0438\u043d \u0434\u0430 \u043f\u043e\u0434\u043e\u0431\u0440\u0438\u043c \u0441\u0442\u0430\u043d\u0434\u0430\u0440\u0442\u0430 \u043d\u0430 \u0436\u0438\u0432\u043e\u0442 \u043d\u0430 \u043d\u0430\u0448\u0438\u0442\u0435 \u043a\u043b\u0438\u0435\u043d\u0442\u0438.<\/p>\n\n\t\t\t<\/div>\n\t\n\n\t\t<\/div>\n\t\t\t\t\t<\/div>\n\n\t\n\n\n<style>\n#row-423199390 > .col > .col-inner {\n  padding: 40px 10px 0px 10px;\n}\n@media (min-width:550px) {\n  #row-423199390 > .col > .col-inner {\n    padding: 50px 10px 0px 10px;\n  }\n}\n@media (min-width:850px) {\n  #row-423199390 > .col > .col-inner {\n    padding: 100px 10px 0px 10px;\n  }\n}\n<\/style>\n<\/div>\n<div class=\"row row-collapse align-middle align-center\"  id=\"row-225617102\">\n\n\n\t<div id=\"col-1425407344\" class=\"col small-12 large-12\"  >\n\t\t\t\t<div class=\"col-inner\"  >\n\t\t\t\n\t\t\t\n\n\t<div class=\"img has-hover x md-x lg-x y md-y lg-y\" id=\"image_340786191\">\n\t\t\t\t\t\t\t\t<div class=\"img-inner dark\" >\n\t\t\t<img width=\"2000\" height=\"1000\" src=\"https:\/\/www.viakris.eu\/wp-content\/uploads\/o-nas-v-1.jpg\" class=\"attachment-original size-original\" alt=\"\" decoding=\"async\" \/>\t\t\t\t\t\t\n\t\t\t\t\t<\/div>\n\t\t\t\t\t\t\t\t\n<style>\n#image_340786191 {\n  width: 100%;\n}\n@media (min-width:550px) {\n  #image_340786191 {\n    width: 100%;\n  }\n}\n@media (min-width:850px) {\n  #image_340786191 {\n    width: 100%;\n  }\n}\n<\/style>\n\t<\/div>\n\t\n\n\n\t\t<\/div>\n\t\t\t\t\t<\/div>\n\n\t\n\n\n<style>\n#row-225617102 > .col > .col-inner {\n  padding: 0px 0px 40px 0px;\n}\n@media (min-width:550px) {\n  #row-225617102 > .col > .col-inner {\n    padding: 0px 0px 60px 0px;\n  }\n}\n@media (min-width:850px) {\n  #row-225617102 > .col > .col-inner {\n    padding: 0px 0px 100px 0px;\n  }\n}\n<\/style>\n<\/div>\n\n","protected":false},"excerpt":{"rendered":"","protected":false},"author":1,"featured_media":0,"parent":0,"menu_order":0,"comment_status":"closed","ping_status":"closed","template":"page-blank.php","meta":{"footnotes":""},"yoast_head":"<!-- This site is optimized with the Yoast SEO plugin v21.4 - https:\/\/yoast.com\/wordpress\/plugins\/seo\/ -->\n<title>\u0417\u0430 \u043d\u0430\u0441 - Viakris<\/title>\n<meta name=\"description\" content=\"V\u010faka na\u0161im sk\u00fasenostiam a odhodlaniu ver\u00edme, \u017ee sme sa rozhodli pre spravnu cestu a dok\u00e1\u017eeme sa postarat aj o tie najmen\u0161ie detaily a klienti\" \/>\n<meta name=\"robots\" content=\"index, follow, max-snippet:-1, max-image-preview:large, max-video-preview:-1\" \/>\n<link rel=\"canonical\" href=\"https:\/\/www.viakris.eu\/bg\/%d0%b7%d0%b0-%d0%bd%d0%b0%d1%81\/\" \/>\n<meta property=\"og:locale\" content=\"bg_BG\" \/>\n<meta property=\"og:type\" content=\"article\" \/>\n<meta property=\"og:title\" content=\"\u0417\u0430 \u043d\u0430\u0441 - Viakris\" \/>\n<meta property=\"og:description\" content=\"V\u010faka na\u0161im sk\u00fasenostiam a odhodlaniu ver\u00edme, \u017ee sme sa rozhodli pre spravnu cestu a dok\u00e1\u017eeme sa postarat aj o tie najmen\u0161ie detaily a klienti\" \/>\n<meta property=\"og:url\" content=\"https:\/\/www.viakris.eu\/bg\/%d0%b7%d0%b0-%d0%bd%d0%b0%d1%81\/\" \/>\n<meta property=\"og:site_name\" content=\"Viakris\" \/>\n<meta property=\"article:publisher\" content=\"https:\/\/www.facebook.com\/profile.php?id=100091984939661\" \/>\n<meta property=\"article:modified_time\" content=\"2023-05-22T10:50:08+00:00\" \/>\n<meta name=\"twitter:card\" content=\"summary_large_image\" \/>\n<meta name=\"twitter:label1\" content=\"Est. reading time\" \/>\n\t<meta name=\"twitter:data1\" content=\"2 \u043c\u0438\u043d\u0443\u0442\u0438\" \/>\n<script type=\"application\/ld+json\" class=\"yoast-schema-graph\">{\"@context\":\"https:\/\/schema.org\",\"@graph\":[{\"@type\":\"WebPage\",\"@id\":\"https:\/\/www.viakris.eu\/bg\/%d0%b7%d0%b0-%d0%bd%d0%b0%d1%81\/\",\"url\":\"https:\/\/www.viakris.eu\/bg\/%d0%b7%d0%b0-%d0%bd%d0%b0%d1%81\/\",\"name\":\"\u0417\u0430 \u043d\u0430\u0441 - Viakris\",\"isPartOf\":{\"@id\":\"https:\/\/www.viakris.eu\/bg\/#website\"},\"datePublished\":\"2017-08-04T09:13:36+00:00\",\"dateModified\":\"2023-05-22T10:50:08+00:00\",\"description\":\"V\u010faka na\u0161im sk\u00fasenostiam a odhodlaniu ver\u00edme, \u017ee sme sa rozhodli pre spravnu cestu a dok\u00e1\u017eeme sa postarat aj o tie najmen\u0161ie detaily a klienti\",\"breadcrumb\":{\"@id\":\"https:\/\/www.viakris.eu\/bg\/%d0%b7%d0%b0-%d0%bd%d0%b0%d1%81\/#breadcrumb\"},\"inLanguage\":\"bg-BG\",\"potentialAction\":[{\"@type\":\"ReadAction\",\"target\":[\"https:\/\/www.viakris.eu\/bg\/%d0%b7%d0%b0-%d0%bd%d0%b0%d1%81\/\"]}]},{\"@type\":\"BreadcrumbList\",\"@id\":\"https:\/\/www.viakris.eu\/bg\/%d0%b7%d0%b0-%d0%bd%d0%b0%d1%81\/#breadcrumb\",\"itemListElement\":[{\"@type\":\"ListItem\",\"position\":1,\"name\":\"Home\",\"item\":\"https:\/\/www.viakris.eu\/bg\/\"},{\"@type\":\"ListItem\",\"position\":2,\"name\":\"\u0417\u0430 \u043d\u0430\u0441\"}]},{\"@type\":\"WebSite\",\"@id\":\"https:\/\/www.viakris.eu\/bg\/#website\",\"url\":\"https:\/\/www.viakris.eu\/bg\/\",\"name\":\"Viakris\",\"description\":\"N\u00e1jdi si pr\u00e1cu v zahrani\u010d\u00ed. Sprostredkujeme ti ju zdarma.\",\"publisher\":{\"@id\":\"https:\/\/www.viakris.eu\/bg\/#organization\"},\"alternateName\":\"Viakris\",\"potentialAction\":[{\"@type\":\"SearchAction\",\"target\":{\"@type\":\"EntryPoint\",\"urlTemplate\":\"https:\/\/www.viakris.eu\/bg\/?s={search_term_string}\"},\"query-input\":\"required name=search_term_string\"}],\"inLanguage\":\"bg-BG\"},{\"@type\":\"Organization\",\"@id\":\"https:\/\/www.viakris.eu\/bg\/#organization\",\"name\":\"Viakris\",\"alternateName\":\"Viakris\",\"url\":\"https:\/\/www.viakris.eu\/bg\/\",\"logo\":{\"@type\":\"ImageObject\",\"inLanguage\":\"bg-BG\",\"@id\":\"https:\/\/www.viakris.eu\/bg\/#\/schema\/logo\/image\/\",\"url\":\"https:\/\/www.viakris.eu\/wp-content\/uploads\/viakris_logo_1.svg\",\"contentUrl\":\"https:\/\/www.viakris.eu\/wp-content\/uploads\/viakris_logo_1.svg\",\"width\":1,\"height\":1,\"caption\":\"Viakris\"},\"image\":{\"@id\":\"https:\/\/www.viakris.eu\/bg\/#\/schema\/logo\/image\/\"},\"sameAs\":[\"https:\/\/www.facebook.com\/profile.php?id=100091984939661\",\"https:\/\/www.instagram.com\/viakris.eu\/\"]}]}<\/script>\n<!-- \/ Yoast SEO plugin. -->","yoast_head_json":{"title":"\u0417\u0430 \u043d\u0430\u0441 - Viakris","description":"V\u010faka na\u0161im sk\u00fasenostiam a odhodlaniu ver\u00edme, \u017ee sme sa rozhodli pre spravnu cestu a dok\u00e1\u017eeme sa postarat aj o tie najmen\u0161ie detaily a klienti","robots":{"index":"index","follow":"follow","max-snippet":"max-snippet:-1","max-image-preview":"max-image-preview:large","max-video-preview":"max-video-preview:-1"},"canonical":"https:\/\/www.viakris.eu\/bg\/%d0%b7%d0%b0-%d0%bd%d0%b0%d1%81\/","og_locale":"bg_BG","og_type":"article","og_title":"\u0417\u0430 \u043d\u0430\u0441 - Viakris","og_description":"V\u010faka na\u0161im sk\u00fasenostiam a odhodlaniu ver\u00edme, \u017ee sme sa rozhodli pre spravnu cestu a dok\u00e1\u017eeme sa postarat aj o tie najmen\u0161ie detaily a klienti","og_url":"https:\/\/www.viakris.eu\/bg\/%d0%b7%d0%b0-%d0%bd%d0%b0%d1%81\/","og_site_name":"Viakris","article_publisher":"https:\/\/www.facebook.com\/profile.php?id=100091984939661","article_modified_time":"2023-05-22T10:50:08+00:00","twitter_card":"summary_large_image","twitter_misc":{"Est. reading time":"2 \u043c\u0438\u043d\u0443\u0442\u0438"},"schema":{"@context":"https:\/\/schema.org","@graph":[{"@type":"WebPage","@id":"https:\/\/www.viakris.eu\/bg\/%d0%b7%d0%b0-%d0%bd%d0%b0%d1%81\/","url":"https:\/\/www.viakris.eu\/bg\/%d0%b7%d0%b0-%d0%bd%d0%b0%d1%81\/","name":"\u0417\u0430 \u043d\u0430\u0441 - Viakris","isPartOf":{"@id":"https:\/\/www.viakris.eu\/bg\/#website"},"datePublished":"2017-08-04T09:13:36+00:00","dateModified":"2023-05-22T10:50:08+00:00","description":"V\u010faka na\u0161im sk\u00fasenostiam a odhodlaniu ver\u00edme, \u017ee sme sa rozhodli pre spravnu cestu a dok\u00e1\u017eeme sa postarat aj o tie najmen\u0161ie detaily a klienti","breadcrumb":{"@id":"https:\/\/www.viakris.eu\/bg\/%d0%b7%d0%b0-%d0%bd%d0%b0%d1%81\/#breadcrumb"},"inLanguage":"bg-BG","potentialAction":[{"@type":"ReadAction","target":["https:\/\/www.viakris.eu\/bg\/%d0%b7%d0%b0-%d0%bd%d0%b0%d1%81\/"]}]},{"@type":"BreadcrumbList","@id":"https:\/\/www.viakris.eu\/bg\/%d0%b7%d0%b0-%d0%bd%d0%b0%d1%81\/#breadcrumb","itemListElement":[{"@type":"ListItem","position":1,"name":"Home","item":"https:\/\/www.viakris.eu\/bg\/"},{"@type":"ListItem","position":2,"name":"\u0417\u0430 \u043d\u0430\u0441"}]},{"@type":"WebSite","@id":"https:\/\/www.viakris.eu\/bg\/#website","url":"https:\/\/www.viakris.eu\/bg\/","name":"Viakris","description":"N\u00e1jdi si pr\u00e1cu v zahrani\u010d\u00ed. Sprostredkujeme ti ju zdarma.","publisher":{"@id":"https:\/\/www.viakris.eu\/bg\/#organization"},"alternateName":"Viakris","potentialAction":[{"@type":"SearchAction","target":{"@type":"EntryPoint","urlTemplate":"https:\/\/www.viakris.eu\/bg\/?s={search_term_string}"},"query-input":"required name=search_term_string"}],"inLanguage":"bg-BG"},{"@type":"Organization","@id":"https:\/\/www.viakris.eu\/bg\/#organization","name":"Viakris","alternateName":"Viakris","url":"https:\/\/www.viakris.eu\/bg\/","logo":{"@type":"ImageObject","inLanguage":"bg-BG","@id":"https:\/\/www.viakris.eu\/bg\/#\/schema\/logo\/image\/","url":"https:\/\/www.viakris.eu\/wp-content\/uploads\/viakris_logo_1.svg","contentUrl":"https:\/\/www.viakris.eu\/wp-content\/uploads\/viakris_logo_1.svg","width":1,"height":1,"caption":"Viakris"},"image":{"@id":"https:\/\/www.viakris.eu\/bg\/#\/schema\/logo\/image\/"},"sameAs":["https:\/\/www.facebook.com\/profile.php?id=100091984939661","https:\/\/www.instagram.com\/viakris.eu\/"]}]}},"_links":{"self":[{"href":"https:\/\/www.viakris.eu\/bg\/wp-json\/wp\/v2\/pages\/2189"}],"collection":[{"href":"https:\/\/www.viakris.eu\/bg\/wp-json\/wp\/v2\/pages"}],"about":[{"href":"https:\/\/www.viakris.eu\/bg\/wp-json\/wp\/v2\/types\/page"}],"author":[{"embeddable":true,"href":"https:\/\/www.viakris.eu\/bg\/wp-json\/wp\/v2\/users\/1"}],"replies":[{"embeddable":true,"href":"https:\/\/www.viakris.eu\/bg\/wp-json\/wp\/v2\/comments?post=2189"}],"version-history":[{"count":0,"href":"https:\/\/www.viakris.eu\/bg\/wp-json\/wp\/v2\/pages\/2189\/revisions"}],"wp:attachment":[{"href":"https:\/\/www.viakris.eu\/bg\/wp-json\/wp\/v2\/media?parent=2189"}],"curies":[{"name":"wp","href":"https:\/\/api.w.org\/{rel}","templated":true}]}}