{"id":2199,"date":"2018-04-22T09:48:47","date_gmt":"2018-04-22T07:48:47","guid":{"rendered":"https:\/\/www.viakris.eu\/1684400471590\/ochrana-osobnych-udajov\/"},"modified":"2023-05-25T13:00:20","modified_gmt":"2023-05-25T11:00:20","slug":"ochrana-osobnich-udaju","status":"publish","type":"page","link":"https:\/\/www.viakris.eu\/cs\/ochrana-osobnich-udaju\/","title":{"rendered":"Ochrana osobn\u00edch \u00fadaj\u016f"},"content":{"rendered":"\n<div class=\"row align-middle align-center\"  id=\"row-749348699\">\n\n\n\t<div id=\"col-16843171\" class=\"col small-12 large-12\"  >\n\t\t\t\t<div class=\"col-inner\"  >\n\t\t\t\n\t\t\t\n\n<h1 class=\"p1\"><b>Informace o zpracov\u00e1n\u00ed osobn\u00edch \u00fadaju\u030a <\/b><\/h1>\n<p class=\"p1\">V souvislosti s nar\u030c\u00edzen\u00edm Evropsk\u00e9ho parlamentu a Rady (EU) 2016\/679 ze dne 27. dubna 2016 o ochrane\u030c fyzick\u00fdch osob v souvislosti se zpracov\u00e1n\u00edm osobn\u00edch \u00fadaju\u030a a o voln\u00e9m pohybu te\u030cchto \u00fadaju\u030a a o zru\u0161en\u00ed sme\u030crnice 95\/46\/ES (obecn\u00e9 nar\u030c\u00edzen\u00ed o ochrane\u030c osobn\u00edch \u00fadaju\u030a) a z\u00e1konem c\u030c. 18\/2018 Sb. o ochrane\u030c osobn\u00edch \u00fadaju\u030a pln\u00edme informac\u030cn\u00ed povinnost v souvislosti se zpracov\u00e1n\u00edm Va\u0161ich osobn\u00edch \u00fadaju\u030a.<\/p>\n<p class=\"p1\"><b>Kdo je spr\u00e1vcem va\u0161ich osobn\u00edch \u00fadaju\u030a? <\/b><\/p>\n<p class=\"p1\">Spr\u00e1vcem va\u0161ich osobn\u00edch \u00fadaju\u030a je spolec\u030cnost VIAKRIS s.r.o. Jesensk\u00e9ho 68\/8 957 01 B\u00e1novce nad Bebravou, IC\u030cO: 55169554, DIC\u030c: 2121894511<\/p>\n<p class=\"p1\">Spr\u00e1vci jmenovali inspektora ochrany \u00fadaju\u030a, kter\u00e9ho lze kontaktovat na e- mailov\u00e9 adrese: viakris@viakris.eu.<\/p>\n<p class=\"p1\"><b>Pro jak\u00e9 \u00fac\u030cely zpracov\u00e1v\u00e1me va\u0161e osobn\u00ed \u00fadaje a jak\u00fd je pr\u00e1vn\u00ed z\u00e1klad pro jejich zpracov\u00e1n\u00ed? <\/b><\/p>\n<p class=\"p1\"><b>Zpracov\u00e1n\u00ed na z\u00e1klade\u030c smluvn\u00edch a pr\u030cedsmluvn\u00edch vztahu\u030a: <\/b><\/p>\n<p class=\"p1\">V souvislosti s prodejem na\u0161ich slu\u017eeb zpracov\u00e1v\u00e1me va\u0161e osobn\u00ed \u00fadaje na <b>z\u00e1klade\u030c smlouvy <\/b>a jsme opr\u00e1vne\u030cni je zpracov\u00e1vat <b>bez va\u0161eho souhlasu<\/b>.<\/p>\n<p class=\"p1\"><b>Zpracov\u00e1n\u00ed na z\u00e1klade\u030c souhlasu: <\/b><\/p>\n<p class=\"p1\">Va\u0161e osobn\u00ed \u00fadaje zpracov\u00e1v\u00e1me pro marketingov\u00e9 \u00fac\u030cely, prostr\u030cednictv\u00edm kter\u00fdch v\u00e1s informujeme o novink\u00e1ch a zme\u030cn\u00e1ch v souvislosti s na\u0161imi slu\u017ebami. Mu\u030a\u017eeme je zpracov\u00e1vat pouze <b>s va\u0161\u00edm souhlasem<\/b>. Tento souhlas m\u00e1te pr\u00e1vo kdykoli odvolat kliknut\u00edm na odhla\u0161ovac\u00ed odkaz v ka\u017ed\u00e9 n\u00e1mi zaslan\u00e9 \u017e\u00e1dosti o zpracov\u00e1n\u00ed va\u0161ich osobn\u00edch \u00fadaju\u030a pro marketingov\u00e9 \u00fac\u030cely , nebo zasl\u00e1n\u00edm \u017e\u00e1dosti na adresu: viakris@viakris.eu.<\/p>\n<p class=\"p1\"><b>Jak\u00e9 \u00fadaje zpracov\u00e1v\u00e1me<\/b>:<\/p>\n<p class=\"p1\">Pokud vypln\u00edte n\u00e1\u0161 online kontaktn\u00ed formul\u00e1r\u030c, zpracov\u00e1v\u00e1me n\u00e1sleduj\u00edc\u00ed \u00fadaje:<br \/>Jm\u00e9no, pr\u030c\u00edjmen\u00ed, e-mail, telefonn\u00ed c\u030c\u00edslo a \u00fadaje ze zaslan\u00e9ho \u017eivotopisu.<\/p>\n<p class=\"p1\">D\u00e1le zpracov\u00e1v\u00e1me n\u00e1sleduj\u00edc\u00ed osobn\u00ed \u00fadaje:<\/p>\n<ul class=\"ul1\">\n<li class=\"li1\">&#8211; \u00a0\u00dadaje z komunikace mezi spolec\u030cnost\u00ed Viakris s.r.o. a n\u00e1v\u0161te\u030cvn\u00edkem<\/li>\n<li class=\"li1\">&#8211; \u00a0Z\u00e1znamy o chov\u00e1n\u00ed na webov\u00fdch str\u00e1nk\u00e1ch spravovan\u00fdch spolec\u030cnost\u00ed Viakris s.r.o.<\/li>\n<\/ul>\n<p class=\"p1\">Pokud m\u00e1te ve sv\u00e9m webov\u00e9m prohl\u00ed\u017eec\u030ci povoleny soubory cookie, zpracov\u00e1v\u00e1me z\u00e1znamy o chov\u00e1n\u00ed ze souboru\u030a cookie um\u00edste\u030cn\u00fdch na webov\u00fdch str\u00e1nk\u00e1ch provozovan\u00fdch spolec\u030cnost\u00ed Viakris s.r.o. za \u00fac\u030celem zaji\u0161te\u030cn\u00ed lep\u0161\u00edho fungov\u00e1n\u00ed webov\u00fdch str\u00e1nek www.viakris.eu a za \u00fac\u030celem internetov\u00e9 reklamy spolec\u030cnosti Viakris s.r.o. V\u00edce informac\u00ed naleznete v samostatn\u00e9 kapitole tohoto dokumentu.<\/p>\n<p class=\"p1\"><b>Zpracov\u00e1n\u00ed na z\u00e1klade\u030c opr\u00e1vne\u030cn\u00e9ho z\u00e1jmu spr\u00e1vce: <\/b><\/p>\n<p class=\"p1\">Na z\u00e1klade\u030c opr\u00e1vne\u030cn\u00e9ho z\u00e1jmu jsme opr\u00e1vne\u030cni zpracov\u00e1vat osobn\u00ed \u00fadaje za \u00fac\u030celem identifikace a ove\u030cr\u030cen\u00ed toto\u017enosti pr\u030ci rezervaci pr\u030cedn\u00e1\u0161ky. Na tomto pr\u00e1vn\u00edm z\u00e1klade\u030c mu\u030a\u017eeme tak\u00e9 zpracov\u00e1vat osobn\u00ed \u00fadaje pro vym\u00e1h\u00e1n\u00ed pohled\u00e1vek nebo v pr\u030c\u00edpade\u030c soudn\u00edho sporu.<\/p>\n<p class=\"p1\"><b>Jak\u00e9 subjekty maj\u00ed pr\u030c\u00edstup k va\u0161im osobn\u00edm \u00fadaju\u030am? <\/b><\/p>\n<p class=\"p1\">Vyu\u017e\u00edv\u00e1me slu\u017eeb extern\u00edch zprostr\u030cedkovatelu\u030a a tr\u030cet\u00edch stran, napr\u030c. pro spr\u00e1vu IT, spr\u00e1vu informac\u030cn\u00edch syst\u00e9mu\u030a, vym\u00e1h\u00e1n\u00ed pohled\u00e1vek, pr\u00e1vn\u00ed zastoupen\u00ed v soudn\u00edch sporech, v\u00fdbe\u030crov\u00e1 r\u030c\u00edzen\u00ed. U v\u0161ech dodavatelu\u030a db\u00e1me na to, aby dodr\u017eovali platn\u00e9 pr\u00e1vn\u00ed pr\u030cedpisy, byli v\u00e1z\u00e1ni mlc\u030cenlivost\u00ed a zpracov\u00e1vali va\u0161e \u00fadaje pouze v r\u00e1mci uzavr\u030cen\u00fdch smluv a n\u00e1le\u017eite\u030c je chr\u00e1nili v souladu s po\u017eadavky GDPR a mezin\u00e1rodn\u00edch standardu\u030a.<\/p>\n<p class=\"p1\"><b>Jak dlouho budeme va\u0161e osobn\u00ed \u00fadaje uchov\u00e1vat? <\/b><\/p>\n<p class=\"p1\">Va\u0161e osobn\u00ed \u00fadaje budeme uchov\u00e1vat po dobu trv\u00e1n\u00ed smlouvy a po z\u00e1konem stanovenou dobu archivace nebo po dobu nezbytnou k dosa\u017een\u00ed \u00fac\u030celu. Osobn\u00ed \u00fadaje, kter\u00e9 jsou zpracov\u00e1v\u00e1ny pro \u00fac\u030cely opr\u00e1vne\u030cn\u00e9ho z\u00e1jmu, jsou zpracov\u00e1v\u00e1ny pouze v rozsahu nezbytn\u00e9m pro naplne\u030cn\u00ed tohoto \u00fac\u030celu.<\/p>\n<p class=\"p1\"><b>Jak\u00e1 m\u00e1te pr\u00e1va v souvislosti se zpracov\u00e1n\u00edm va\u0161ich osobn\u00edch \u00fadaju\u030a? <\/b><\/p>\n<p class=\"p1\"><b>Pr\u00e1vo na pr\u030c\u00edstup k osobn\u00edm \u00fadaju\u030am: <\/b><\/p>\n<p class=\"p1\">Spr\u00e1vce je povinen poskytnout subjektu \u00fadaju\u030a (osobe\u030c, jej\u00ed\u017e osobn\u00ed \u00fadaje zpracov\u00e1v\u00e1) potvrzen\u00ed o tom, \u017ee zpracov\u00e1v\u00e1 osobn\u00ed \u00fadaje, kter\u00e9 se ho t\u00fdkaj\u00ed, a subjekt \u00fadaju\u030a m\u00e1 pr\u00e1vo z\u00edskat pr\u030c\u00edstup ke sv\u00fdm osobn\u00edm \u00fadaju\u030am v rozsahu stanoven\u00e9m v c\u030cl\u00e1nku 15 GDPR.<\/p>\n<p class=\"p1\"><b>Pr\u00e1vo na opravu osobn\u00edch \u00fadaju\u030a: <\/b><\/p>\n<p class=\"p1\">Subjekty \u00fadaju\u030a maj\u00ed pr\u00e1vo na opravu sv\u00fdch osobn\u00edch \u00fadaju\u030a, pokud jsou nepr\u030cesn\u00e9 nebo ne\u00fapln\u00e9. Spr\u00e1vce mus\u00ed \u017e\u00e1dosti o opravu osobn\u00edch \u00fadaju\u030a vyhove\u030ct bez zbytec\u030cn\u00e9ho odkladu.<\/p>\n<p class=\"p1\"><b>Pr\u00e1vo na v\u00fdmaz (zapomenut\u00ed): <\/b><\/p>\n<p class=\"p1\"><b>Spr\u00e1vce je povinen bez zbytec\u030cn\u00e9ho odkladu vymazat osobn\u00ed \u00fadaje subjektu \u00fadaju\u030a, <\/b>pokud:<\/p>\n<ul class=\"ul1\">\n<li class=\"li1\">osobn\u00ed \u00fadaje ji\u017e nejsou potr\u030cebn\u00e9 pro \u00fac\u030cely, pro kter\u00e9 byly shrom\u00e1\u017ede\u030cny nebo jinak zpracov\u00e1ny,<\/li>\n<li class=\"li1\">subjekt \u00fadaju\u030a odvol\u00e1 souhlas, na jeho\u017e z\u00e1klade\u030c je zpracov\u00e1n\u00ed prov\u00e1de\u030cno,<\/li>\n<li class=\"li1\">pokud neexistuje jin\u00fd pr\u00e1vn\u00ed z\u00e1klad pro zpracov\u00e1n\u00ed osobn\u00edch \u00fadaju\u030a,<\/li>\n<li class=\"li1\">subjekt \u00fadaju\u030a vznese n\u00e1mitku proti zpracov\u00e1n\u00ed a neexistuj\u00ed \u017e\u00e1dn\u00e9 pr\u030ceva\u017euj\u00edc\u00ed opr\u00e1vne\u030cn\u00e9 du\u030avody pro zpracov\u00e1n\u00ed,<\/li>\n<li class=\"li1\">subjekt \u00fadaju\u030a vznese n\u00e1mitku proti zpracov\u00e1n\u00ed a osobn\u00ed \u00fadaje byly zpracov\u00e1ny protipr\u00e1vne\u030c,<\/li>\n<li class=\"li1\">osobn\u00ed \u00fadaje mus\u00ed b\u00fdt vymaz\u00e1ny, aby byla splne\u030cna pr\u00e1vn\u00ed povinnost podle pr\u00e1va Unie nebo pr\u00e1va c\u030clensk\u00e9ho st\u00e1tu, kter\u00e9mu spr\u00e1vce podl\u00e9h\u00e1,<\/li>\n<li class=\"li1\">osobn\u00ed \u00fadaje byly shrom\u00e1\u017ede\u030cny v souvislosti s nab\u00eddkou slu\u017eeb informac\u030cn\u00ed spolec\u030cnosti.<\/li>\n<\/ul>\n<p class=\"p1\">Subjekt \u00fadaju\u030a mu\u030a\u017ee rovne\u030c\u017e podat \u017e\u00e1dost o v\u00fdmaz, pokud jsou jeho \u00fadaje zpracov\u00e1v\u00e1ny protipr\u00e1vne\u030c a v rozporu s GDPR.<\/p>\n<p class=\"p1\"><b>Spr\u00e1vce se \u017e\u00e1dosti o v\u00fdmaz nedovol\u00e1, <\/b>dokud je zpracov\u00e1n\u00ed nezbytn\u00e9:<\/p>\n<ul class=\"ul1\">\n<li class=\"li1\">uplatn\u030covat pr\u00e1vo na svobodu projevu a informac\u00ed,<\/li>\n<li class=\"li1\">splne\u030cn\u00ed z\u00e1konn\u00e9 povinnosti,<\/li>\n<li class=\"li1\">pro plne\u030cn\u00ed \u00fakolu ve ver\u030cejn\u00e9m z\u00e1jmu,<\/li>\n<li class=\"li1\">z du\u030avodu\u030a ver\u030cejn\u00e9ho z\u00e1jmu v oblasti ver\u030cejn\u00e9ho zdrav\u00ed,<\/li>\n<li class=\"li1\">pro \u00fac\u030cely archivace ve ver\u030cejn\u00e9m z\u00e1jmu, ve\u030cdeck\u00fd nebo historick\u00fd v\u00fdzkum nebo statistick\u00e9 \u00fac\u030cely,<\/li>\n<li class=\"li1\">prok\u00e1zat, uplatnit nebo obh\u00e1jit pr\u00e1vn\u00ed n\u00e1roky.<\/li>\n<\/ul>\n<p class=\"p1\"><b>Pr\u00e1vo na omezen\u00ed zpracov\u00e1n\u00ed osobn\u00edch \u00fadaju\u030a: <\/b><\/p>\n<p class=\"p1\">Subjekt \u00fadaju\u030a m\u00e1 pr\u00e1vo po\u017eadovat, aby spr\u00e1vce omezil zpracov\u00e1n\u00ed jeho osobn\u00edch \u00fadaju\u030a v jednom z n\u00e1sleduj\u00edc\u00edch pr\u030c\u00edpadu\u030a:<\/p>\n<ul class=\"ul1\">\n<li class=\"li1\">subjekt \u00fadaju\u030a pop\u00edr\u00e1 pr\u030cesnost osobn\u00edch \u00fadaju\u030a po dobu, kter\u00e1 spr\u00e1vci umo\u017en\u030cuje pr\u030cesnost osobn\u00edch \u00fadaju\u030a ove\u030cr\u030cit,<\/li>\n<li class=\"li1\">zpracov\u00e1n\u00ed je protipr\u00e1vn\u00ed a subjekt \u00fadaju\u030a vznese n\u00e1mitku proti v\u00fdmazu osobn\u00edch \u00fadaju\u030a a m\u00edsto toho po\u017e\u00e1d\u00e1 o omezen\u00ed jejich pou\u017e\u00edv\u00e1n\u00ed,<\/li>\n<li class=\"li1\">spr\u00e1vce ji\u017e osobn\u00ed \u00fadaje nepotr\u030cebuje pro \u00fac\u030cely zpracov\u00e1n\u00ed, ale subjekt \u00fadaju\u030a je potr\u030cebuje k urc\u030cen\u00ed, v\u00fdkonu nebo obhajobe\u030c pr\u00e1vn\u00edch n\u00e1roku\u030a,<\/li>\n<li class=\"li1\">subjekt \u00fadaju\u030a vznesl n\u00e1mitku proti zpracov\u00e1n\u00ed podle c\u030cl. 21 odst. 1, dokud se neove\u030cr\u030c\u00ed, \u017ee opr\u00e1vne\u030cn\u00e9 du\u030avody na strane\u030c spr\u00e1vce pr\u030ceva\u017euj\u00ed nad du\u030avody subjektu \u00fadaju\u030a.<\/li>\n<\/ul>\n<p class=\"p1\">Pokud bylo zpracov\u00e1n\u00ed omezeno, budou tyto osobn\u00ed \u00fadaje zpracov\u00e1v\u00e1ny s v\u00fdjimkou uchov\u00e1v\u00e1n\u00ed:<\/p>\n<ul class=\"ul1\">\n<li class=\"li1\">pouze se souhlasem subjektu \u00fadaju\u030a,<\/li>\n<li class=\"li1\">prok\u00e1zat, uplatnit nebo obh\u00e1jit pr\u00e1vn\u00ed n\u00e1roky,<\/li>\n<li class=\"li1\">k ochrane\u030c pr\u00e1v jin\u00e9 fyzick\u00e9 nebo pr\u00e1vnick\u00e9 osoby,<\/li>\n<li class=\"li1\">z du\u030avodu\u030a du\u030ale\u017eit\u00e9ho ver\u030cejn\u00e9ho z\u00e1jmu Unie nebo c\u030clensk\u00e9ho st\u00e1tu.<\/li>\n<\/ul>\n<p class=\"p1\"><b>Pr\u00e1vo na pr\u030cenos osobn\u00edch \u00fadaju\u030a: <\/b><\/p>\n<p class=\"p1\">Subjekt \u00fadaju\u030a m\u00e1 pr\u00e1vo z\u00edskat sv\u00e9 osobn\u00ed \u00fadaje, kter\u00e9 poskytl spr\u00e1vci, a m\u00e1 pr\u00e1vo pr\u030cedat tyto \u00fadaje jin\u00e9mu spr\u00e1vci (napr\u030c. pr\u030ci zme\u030cne\u030c poskytovatele urc\u030cit\u00e9 slu\u017eby). Spr\u00e1vce je povinen na \u017e\u00e1dost umo\u017enit pr\u030ced\u00e1n\u00ed \u00fadaju\u030a ve strukturovan\u00e9m, be\u030c\u017ene\u030c pou\u017e\u00edvan\u00e9m a strojove\u030c c\u030citeln\u00e9m form\u00e1tu (napr\u030c. XML nebo CSV).<\/p>\n<p class=\"p1\"><b>Na koho se mu\u030a\u017eete obr\u00e1tit ohledne\u030c zpracov\u00e1n\u00ed va\u0161ich osobn\u00edch \u00fadaju\u030a? <\/b><\/p>\n<p class=\"p1\">Pokud m\u00e1te jak\u00e9koli dotazy nebo pr\u030cipom\u00ednky t\u00fdkaj\u00edc\u00ed se zpracov\u00e1n\u00ed va\u0161ich osobn\u00edch \u00fadaju\u030a, napi\u0161te n\u00e1m nejprve na adresu: viakris@viakris.eu M\u00e1te pr\u00e1vo podat st\u00ed\u017enost u \u00dar\u030cadu pro ochranu osobn\u00edch \u00fadaju\u030a, pokud se domn\u00edv\u00e1te, \u017ee byla poru\u0161ena va\u0161e pr\u00e1va.<\/p>\n<p class=\"p1\"><b>Soubory cookie <\/b><\/p>\n<p class=\"p1\">Na\u0161e str\u00e1nky pou\u017e\u00edvaj\u00ed soubory cookie, aby byla na\u0161e nab\u00eddka relevantn\u00ed, zaj\u00edmav\u00e1 a u\u017eivatelsky pr\u030c\u00edve\u030ctiv\u00e1. Soubory cookie jsou mal\u00e9 textov\u00e9 soubory, kter\u00e9 se ukl\u00e1daj\u00ed do va\u0161eho poc\u030c\u00edtac\u030ce, chytr\u00e9ho telefonu nebo jin\u00e9ho zar\u030c\u00edzen\u00ed a kter\u00e9 pou\u017e\u00edv\u00e1 v\u00e1\u0161 prohl\u00ed\u017eec\u030c. Spolec\u030cnost Viakris s.r.o. pou\u017e\u00edv\u00e1 tak\u00e9 soubory cookie od spolec\u030cnost\u00ed Facebook a Google Soubory cookie pou\u017e\u00edv\u00e1me napr\u030c. pro:<\/p>\n<ul class=\"ul1\">\n<li class=\"li1\">co nejpr\u030cesne\u030cj\u0161\u00ed pr\u030cizpu\u030asoben\u00ed na\u0161ich str\u00e1nek va\u0161im po\u017eadavku\u030am <br \/>prostr\u030cednictv\u00edm sledov\u00e1n\u00ed va\u0161\u00ed n\u00e1v\u0161te\u030cvnosti, va\u0161eho pohybu po str\u00e1nk\u00e1ch <br \/>a funkc\u00ed, kter\u00e9 pou\u017e\u00edv\u00e1te.<\/li>\n<li class=\"li1\">zjistit informace o sledov\u00e1n\u00ed reklam, abychom v\u00e1m nezobrazovali reklamu, <br \/>o kterou nem\u00e1te z\u00e1jem. <br \/>Ne\u030ckter\u00e9 soubory cookie mohou shroma\u017ed\u030covat informace, kter\u00e9 jsou n\u00e1sledne\u030c vyu\u017e\u00edv\u00e1ny tr\u030cet\u00edmi stranami a kter\u00e9 napr\u030c\u00edklad pr\u030c\u00edmo podporuj\u00ed na\u0161e reklamn\u00ed aktivity (&#8222;soubory cookie tr\u030cet\u00edch stran&#8220;). Na z\u00e1klade\u030c te\u030cchto informac\u00ed v\u00e1s v\u0161ak nelze identifikovat. <br \/><b>Pou\u017e\u00edv\u00e1n\u00ed souboru\u030a cookie <\/b><br \/>Soubory cookie pou\u017e\u00edvan\u00e9 na na\u0161ich str\u00e1nk\u00e1ch lze rozde\u030clit na dva z\u00e1kladn\u00ed typy. Kr\u00e1tkodob\u00e9, tzv.<br \/>&#8222;soubory cookie relace&#8220; se vyma\u017eou, jakmile pr\u030cestanete nav\u0161te\u030cvovat na\u0161e str\u00e1nky. Dlouhodob\u00e9, takzvan\u00e9 &#8222;trval\u00e9 soubory cookie&#8220; zu\u030ast\u00e1vaj\u00ed ve va\u0161em zar\u030c\u00edzen\u00ed ulo\u017eeny mnohem d\u00e9le nebo dokud je ruc\u030cne\u030c nevyma\u017eete (doba, po<\/li>\n<\/ul>\n<p class=\"p1\">kterou soubory cookie zu\u030ast\u00e1vaj\u00ed ve va\u0161em zar\u030c\u00edzen\u00ed, z\u00e1vis\u00ed na nastaven\u00ed samotn\u00e9ho souboru cookie a nastaven\u00ed va\u0161eho prohl\u00ed\u017eec\u030ce).<\/p>\n<p class=\"p1\">Soubory cookie lze tak\u00e9 rozde\u030clit podle jejich funkc\u030cnosti na:<\/p>\n<ul class=\"ul1\">\n<li class=\"li1\">anal\u00fdzy, kter\u00e9 n\u00e1m pom\u00e1haj\u00ed zlep\u0161ovat u\u017eivatelsk\u00fd komfort na\u0161ich <br \/>webov\u00fdch str\u00e1nek t\u00edm, \u017ee ch\u00e1peme, jak je u\u017eivatel\u00e9 pou\u017e\u00edvaj\u00ed.<\/li>\n<li class=\"li1\">konverze, kter\u00e9 n\u00e1m umo\u017en\u030cuj\u00ed analyzovat v\u00fdkonnost ru\u030azn\u00fdch prodejn\u00edch <br \/>kan\u00e1lu\u030a.<\/li>\n<li class=\"li1\">sledov\u00e1n\u00ed, kter\u00e9 v kombinaci s konverz\u00ed pom\u00e1h\u00e1 analyzovat v\u00fdkonnost <br \/>ru\u030azn\u00fdch prodejn\u00edch kan\u00e1lu\u030a.<\/li>\n<li class=\"li1\">remarketing, kter\u00fd pou\u017e\u00edv\u00e1me k personalizaci obsahu reklam a jejich <br \/>spr\u00e1vn\u00e9mu c\u00edlen\u00ed.<\/li>\n<li class=\"li1\">z\u00e1sadn\u00ed, kter\u00e9 jsou du\u030ale\u017eit\u00e9 pro z\u00e1kladn\u00ed funkc\u030cnost webu. <br \/><b>Analytick\u00e9 soubory cookie <\/b><br \/>Google Analytics je slu\u017eba poskytovan\u00e1 spolec\u030cnost\u00ed Google, Inc. (&#8222;Google&#8220;). Slu\u017eba Google Analytics pou\u017e\u00edv\u00e1 soubory cookie.<br \/>Slu\u017ebu Google Analytics dopln\u030cuj\u00ed souvisej\u00edc\u00ed reklamn\u00ed funkce poskytovan\u00e9 spolec\u030cnost\u00ed Google, a to:<\/li>\n<\/ul>\n<p class=\"p1\">&#8211; zpr\u00e1vy o zobrazen\u00edch v reklamn\u00ed s\u00edti Google<br \/>-remarketing (zobrazov\u00e1n\u00ed reklam v obsahov\u00e9 s\u00edti na z\u00e1klade\u030c zobrazen\u00fdch produktu\u030a).<br \/>&#8211; roz\u0161\u00edr\u030cen\u00e9 demografick\u00e9 zpr\u00e1vy (hl\u00e1\u0161en\u00ed anonymn\u00edch demografick\u00fdch \u00fadaju\u030a).<\/p>\n<p class=\"p1\">Dal\u0161\u00ed informace o ochrane\u030c osobn\u00edch \u00fadaju\u030a naleznete na adrese https:\/\/support.google.com , chcete-li tyto soubory cookie odm\u00edtnout, mu\u030a\u017eete si nainstalovat softwarov\u00fd doplne\u030ck, kter\u00fd je k dispozici zde https:\/\/tools.google.com .<\/p>\n<p class=\"p1\"><b>Odm\u00edtnut\u00ed souboru\u030a cookie <\/b><\/p>\n<p class=\"p1\">Nastaven\u00ed pou\u017e\u00edv\u00e1n\u00ed souboru\u030a cookie je souc\u030c\u00e1st\u00ed va\u0161eho internetov\u00e9ho prohl\u00ed\u017eec\u030ce. Ve\u030ct\u0161ina prohl\u00ed\u017eec\u030cu\u030a ve v\u00fdchoz\u00edm nastaven\u00ed soubory cookie automaticky pr\u030cij\u00edm\u00e1. Soubory cookie mu\u030a\u017eete odm\u00edtnout nebo je omezit na typy, kter\u00e9 si vyberete pomoc\u00ed internetov\u00e9ho prohl\u00ed\u017eec\u030ce.<\/p>\n<p class=\"p1\">Odkazy<br \/>Na\u0161e webov\u00e9 str\u00e1nky obsahuj\u00ed odkazy na jin\u00e9 webov\u00e9 str\u00e1nky, kter\u00e9 jsou<\/p>\n<p class=\"p1\">praktick\u00e9 a obsahuj\u00ed informace. Upozorn\u030cujeme, \u017ee tyto str\u00e1nky mohou b\u00fdt vlastne\u030cny a provozov\u00e1ny jin\u00fdmi spolec\u030cnostmi a organizacemi a maj\u00ed odli\u0161n\u00e9<\/p>\n<p class=\"p1\">z\u00e1sady zabezpec\u030cen\u00ed a ochrany osobn\u00edch \u00fadaju\u030a. Na\u0161e spolec\u030cnost nem\u00e1 kontrolu nad \u017e\u00e1dn\u00fdmi informacemi, materi\u00e1ly, produkty nebo slu\u017ebami, kter\u00e9 se nach\u00e1zej\u00ed na te\u030cchto webov\u00fdch str\u00e1nk\u00e1ch nebo jsou jejich prostr\u030cednictv\u00edm dostupn\u00e9, a nenese za ne\u030c \u017e\u00e1dnou odpove\u030cdnost.<\/p>\n<p class=\"p1\">6. Kontaktujte n\u00e1s<\/p>\n<p class=\"p1\">Pokud m\u00e1te jak\u00e9koli dotazy, pr\u030cipom\u00ednky nebo po\u017eadavky t\u00fdkaj\u00edc\u00ed se te\u030cchto z\u00e1sad, kontaktujte n\u00e1s na adrese nebo na lince z\u00e1kaznick\u00e9ho servisu uveden\u00e9 v z\u00e1pat\u00ed te\u030cchto z\u00e1sad nebo prostr\u030cednictv\u00edm e-mailu.<\/p>\n<p class=\"p1\">viakris@viakris.eu<\/p>\n<p class=\"p1\">Viakris s. r. o.<br \/>Jesensk\u00e9ho 68\/8 957 01 B\u00e1novce nad Bebravou<\/p>\n<p class=\"p1\">7. \u00dac\u030cinnost<br \/>Tyto z\u00e1sady ochrany osobn\u00edch \u00fadaju\u030a jsou \u00fac\u030cinn\u00e9 od 1.4.2023.<\/p>\n\n\t\t<\/div>\n\t\t\t\t\t<\/div>\n\n\t\n\n\n<style>\n#row-749348699 > .col > .col-inner {\n  padding: 100px 10px 100px 10px;\n}\n<\/style>\n<\/div>\n\n","protected":false},"excerpt":{"rendered":"","protected":false},"author":1,"featured_media":0,"parent":0,"menu_order":0,"comment_status":"closed","ping_status":"closed","template":"","meta":{"footnotes":""},"yoast_head":"<!-- This site is optimized with the Yoast SEO plugin v21.4 - https:\/\/yoast.com\/wordpress\/plugins\/seo\/ -->\n<title>Ochrana osobn\u00edch \u00fadaj\u016f - Viakris<\/title>\n<meta name=\"robots\" content=\"index, follow, max-snippet:-1, max-image-preview:large, max-video-preview:-1\" \/>\n<link rel=\"canonical\" href=\"https:\/\/www.viakris.eu\/cs\/ochrana-osobnich-udaju\/\" \/>\n<meta property=\"og:locale\" content=\"cs_CZ\" \/>\n<meta property=\"og:type\" content=\"article\" \/>\n<meta property=\"og:title\" content=\"Ochrana osobn\u00edch \u00fadaj\u016f - Viakris\" \/>\n<meta property=\"og:url\" content=\"https:\/\/www.viakris.eu\/cs\/ochrana-osobnich-udaju\/\" \/>\n<meta property=\"og:site_name\" content=\"Viakris\" \/>\n<meta property=\"article:publisher\" content=\"https:\/\/www.facebook.com\/profile.php?id=100091984939661\" \/>\n<meta property=\"article:modified_time\" content=\"2023-05-25T11:00:20+00:00\" \/>\n<meta name=\"twitter:card\" content=\"summary_large_image\" \/>\n<meta name=\"twitter:label1\" content=\"Odhadovan\u00e1 doba \u010dten\u00ed\" \/>\n\t<meta name=\"twitter:data1\" content=\"8 minut\" \/>\n<script type=\"application\/ld+json\" class=\"yoast-schema-graph\">{\"@context\":\"https:\/\/schema.org\",\"@graph\":[{\"@type\":\"WebPage\",\"@id\":\"https:\/\/www.viakris.eu\/cs\/ochrana-osobnich-udaju\/\",\"url\":\"https:\/\/www.viakris.eu\/cs\/ochrana-osobnich-udaju\/\",\"name\":\"Ochrana osobn\u00edch \u00fadaj\u016f - Viakris\",\"isPartOf\":{\"@id\":\"https:\/\/www.viakris.eu\/cs\/#website\"},\"datePublished\":\"2018-04-22T07:48:47+00:00\",\"dateModified\":\"2023-05-25T11:00:20+00:00\",\"breadcrumb\":{\"@id\":\"https:\/\/www.viakris.eu\/cs\/ochrana-osobnich-udaju\/#breadcrumb\"},\"inLanguage\":\"cs\",\"potentialAction\":[{\"@type\":\"ReadAction\",\"target\":[\"https:\/\/www.viakris.eu\/cs\/ochrana-osobnich-udaju\/\"]}]},{\"@type\":\"BreadcrumbList\",\"@id\":\"https:\/\/www.viakris.eu\/cs\/ochrana-osobnich-udaju\/#breadcrumb\",\"itemListElement\":[{\"@type\":\"ListItem\",\"position\":1,\"name\":\"Home\",\"item\":\"https:\/\/www.viakris.eu\/cs\/\"},{\"@type\":\"ListItem\",\"position\":2,\"name\":\"Ochrana osobn\u00edch \u00fadaj\u016f\"}]},{\"@type\":\"WebSite\",\"@id\":\"https:\/\/www.viakris.eu\/cs\/#website\",\"url\":\"https:\/\/www.viakris.eu\/cs\/\",\"name\":\"Viakris\",\"description\":\"N\u00e1jdi si pr\u00e1cu v zahrani\u010d\u00ed. Sprostredkujeme ti ju zdarma.\",\"publisher\":{\"@id\":\"https:\/\/www.viakris.eu\/cs\/#organization\"},\"alternateName\":\"Viakris\",\"potentialAction\":[{\"@type\":\"SearchAction\",\"target\":{\"@type\":\"EntryPoint\",\"urlTemplate\":\"https:\/\/www.viakris.eu\/cs\/?s={search_term_string}\"},\"query-input\":\"required name=search_term_string\"}],\"inLanguage\":\"cs\"},{\"@type\":\"Organization\",\"@id\":\"https:\/\/www.viakris.eu\/cs\/#organization\",\"name\":\"Viakris\",\"alternateName\":\"Viakris\",\"url\":\"https:\/\/www.viakris.eu\/cs\/\",\"logo\":{\"@type\":\"ImageObject\",\"inLanguage\":\"cs\",\"@id\":\"https:\/\/www.viakris.eu\/cs\/#\/schema\/logo\/image\/\",\"url\":\"https:\/\/www.viakris.eu\/wp-content\/uploads\/viakris_logo_1.svg\",\"contentUrl\":\"https:\/\/www.viakris.eu\/wp-content\/uploads\/viakris_logo_1.svg\",\"width\":1,\"height\":1,\"caption\":\"Viakris\"},\"image\":{\"@id\":\"https:\/\/www.viakris.eu\/cs\/#\/schema\/logo\/image\/\"},\"sameAs\":[\"https:\/\/www.facebook.com\/profile.php?id=100091984939661\",\"https:\/\/www.instagram.com\/viakris.eu\/\"]}]}<\/script>\n<!-- \/ Yoast SEO plugin. -->","yoast_head_json":{"title":"Ochrana osobn\u00edch \u00fadaj\u016f - Viakris","robots":{"index":"index","follow":"follow","max-snippet":"max-snippet:-1","max-image-preview":"max-image-preview:large","max-video-preview":"max-video-preview:-1"},"canonical":"https:\/\/www.viakris.eu\/cs\/ochrana-osobnich-udaju\/","og_locale":"cs_CZ","og_type":"article","og_title":"Ochrana osobn\u00edch \u00fadaj\u016f - Viakris","og_url":"https:\/\/www.viakris.eu\/cs\/ochrana-osobnich-udaju\/","og_site_name":"Viakris","article_publisher":"https:\/\/www.facebook.com\/profile.php?id=100091984939661","article_modified_time":"2023-05-25T11:00:20+00:00","twitter_card":"summary_large_image","twitter_misc":{"Odhadovan\u00e1 doba \u010dten\u00ed":"8 minut"},"schema":{"@context":"https:\/\/schema.org","@graph":[{"@type":"WebPage","@id":"https:\/\/www.viakris.eu\/cs\/ochrana-osobnich-udaju\/","url":"https:\/\/www.viakris.eu\/cs\/ochrana-osobnich-udaju\/","name":"Ochrana osobn\u00edch \u00fadaj\u016f - Viakris","isPartOf":{"@id":"https:\/\/www.viakris.eu\/cs\/#website"},"datePublished":"2018-04-22T07:48:47+00:00","dateModified":"2023-05-25T11:00:20+00:00","breadcrumb":{"@id":"https:\/\/www.viakris.eu\/cs\/ochrana-osobnich-udaju\/#breadcrumb"},"inLanguage":"cs","potentialAction":[{"@type":"ReadAction","target":["https:\/\/www.viakris.eu\/cs\/ochrana-osobnich-udaju\/"]}]},{"@type":"BreadcrumbList","@id":"https:\/\/www.viakris.eu\/cs\/ochrana-osobnich-udaju\/#breadcrumb","itemListElement":[{"@type":"ListItem","position":1,"name":"Home","item":"https:\/\/www.viakris.eu\/cs\/"},{"@type":"ListItem","position":2,"name":"Ochrana osobn\u00edch \u00fadaj\u016f"}]},{"@type":"WebSite","@id":"https:\/\/www.viakris.eu\/cs\/#website","url":"https:\/\/www.viakris.eu\/cs\/","name":"Viakris","description":"N\u00e1jdi si pr\u00e1cu v zahrani\u010d\u00ed. Sprostredkujeme ti ju zdarma.","publisher":{"@id":"https:\/\/www.viakris.eu\/cs\/#organization"},"alternateName":"Viakris","potentialAction":[{"@type":"SearchAction","target":{"@type":"EntryPoint","urlTemplate":"https:\/\/www.viakris.eu\/cs\/?s={search_term_string}"},"query-input":"required name=search_term_string"}],"inLanguage":"cs"},{"@type":"Organization","@id":"https:\/\/www.viakris.eu\/cs\/#organization","name":"Viakris","alternateName":"Viakris","url":"https:\/\/www.viakris.eu\/cs\/","logo":{"@type":"ImageObject","inLanguage":"cs","@id":"https:\/\/www.viakris.eu\/cs\/#\/schema\/logo\/image\/","url":"https:\/\/www.viakris.eu\/wp-content\/uploads\/viakris_logo_1.svg","contentUrl":"https:\/\/www.viakris.eu\/wp-content\/uploads\/viakris_logo_1.svg","width":1,"height":1,"caption":"Viakris"},"image":{"@id":"https:\/\/www.viakris.eu\/cs\/#\/schema\/logo\/image\/"},"sameAs":["https:\/\/www.facebook.com\/profile.php?id=100091984939661","https:\/\/www.instagram.com\/viakris.eu\/"]}]}},"_links":{"self":[{"href":"https:\/\/www.viakris.eu\/cs\/wp-json\/wp\/v2\/pages\/2199"}],"collection":[{"href":"https:\/\/www.viakris.eu\/cs\/wp-json\/wp\/v2\/pages"}],"about":[{"href":"https:\/\/www.viakris.eu\/cs\/wp-json\/wp\/v2\/types\/page"}],"author":[{"embeddable":true,"href":"https:\/\/www.viakris.eu\/cs\/wp-json\/wp\/v2\/users\/1"}],"replies":[{"embeddable":true,"href":"https:\/\/www.viakris.eu\/cs\/wp-json\/wp\/v2\/comments?post=2199"}],"version-history":[{"count":0,"href":"https:\/\/www.viakris.eu\/cs\/wp-json\/wp\/v2\/pages\/2199\/revisions"}],"wp:attachment":[{"href":"https:\/\/www.viakris.eu\/cs\/wp-json\/wp\/v2\/media?parent=2199"}],"curies":[{"name":"wp","href":"https:\/\/api.w.org\/{rel}","templated":true}]}}