{"id":2245,"date":"2023-03-14T14:09:32","date_gmt":"2023-03-14T13:09:32","guid":{"rendered":"https:\/\/www.viakris.eu\/1684400471590\/ponuky-prace\/"},"modified":"2023-05-25T21:47:06","modified_gmt":"2023-05-25T19:47:06","slug":"nabidky-prace-2","status":"publish","type":"page","link":"https:\/\/www.viakris.eu\/cs\/nabidky-prace-2\/","title":{"rendered":"Nab\u00eddky pr\u00e1ce"},"content":{"rendered":"\n<h1>NAB\u00cdDKY PR\u00c1CE<\/h1>\n\n\n<div class=\"bw--ponuka_prace\"><div class=\"bw--ponuka_prace_listing\">\r\n\t<div class=\"bw--ponuka_prace_img\">\r\n\t\t<a href=\"https:\/\/www.viakris.eu\/cs\/ponuka-prace\/vodic-vysokozdvizneho-vozika-2\/\"><img src=\"https:\/\/www.viakris.eu\/wp-content\/uploads\/stock.jpg\" alt=\"\u0158idi\u010d vysokozdvi\u017en\u00e9ho voz\u00edku\"><\/a>\r\n\t<\/div>\r\n\t\t\r\n\t<div class=\"bw--ponuky_prace\">\r\n\t\t<a href=\"https:\/\/www.viakris.eu\/cs\/ponuka-prace\/vodic-vysokozdvizneho-vozika-2\/\"><h2>\u0158idi\u010d vysokozdvi\u017en\u00e9ho voz\u00edku<\/h2><\/a>\r\n\t\t<ul style=\"list-style: none;margin-left: 0.2rem;\">\r\n\t\t<li><b>Zem\u011b:<\/b> N\u011bmecko<\/li>\r\n\t\t<li><b>Term\u00edn n\u00e1stupu:<\/b> ASAP<\/li>\r\n\t\t<li><b>Vhodn\u00e1 pro:<\/b> \u017deny, mu\u017ei<\/li>\r\n\t\t<li><b>Plat:<\/b> 2000 - 2600 \u20ac h \/ <small>Hrub\u00e9ho<\/small><br><\/li>\r\n\t\t<\/ul>\r\n \t<\/div>\r\n\t\t\r\n\t<div class=\"bw--ponuky_prace_button\">\r\n\t\t<a class=\"button primary expand\" href=\"https:\/\/www.viakris.eu\/cs\/ponuka-prace\/vodic-vysokozdvizneho-vozika-2\/\">\r\n\t\t\t<span>V\u00edce informac\u00ed<\/span>\r\n\t\t<\/a>\r\n\t<\/div>\r\n<\/div><div class=\"bw--ponuka_prace_listing\">\r\n\t<div class=\"bw--ponuka_prace_img\">\r\n\t\t<a href=\"https:\/\/www.viakris.eu\/cs\/ponuka-prace\/stolar-monter-fasadnik\/\"><img src=\"https:\/\/www.viakris.eu\/wp-content\/uploads\/wood-work-.jpeg\" alt=\"Tesa\u0159\/mont\u00e9r\/fas\u00e1dn\u00edk\"><\/a>\r\n\t<\/div>\r\n\t\t\r\n\t<div class=\"bw--ponuky_prace\">\r\n\t\t<a href=\"https:\/\/www.viakris.eu\/cs\/ponuka-prace\/stolar-monter-fasadnik\/\"><h2>Tesa\u0159\/mont\u00e9r\/fas\u00e1dn\u00edk<\/h2><\/a>\r\n\t\t<ul style=\"list-style: none;margin-left: 0.2rem;\">\r\n\t\t<li><b>Zem\u011b:<\/b> N\u011bmecko<\/li>\r\n\t\t<li><b>Term\u00edn n\u00e1stupu:<\/b> Co nejd\u0159\u00edve<\/li>\r\n\t\t<li><b>Vhodn\u00e1 pro:<\/b> \u017deny, mu\u017ee<\/li>\r\n\t\t<li><b>Plat:<\/b> 13,50 \u20ac - 16,00 \u20ac h \/ <small>Hrub\u00e9ho<\/small><br><\/li>\r\n\t\t<\/ul>\r\n \t<\/div>\r\n\t\t\r\n\t<div class=\"bw--ponuky_prace_button\">\r\n\t\t<a class=\"button primary expand\" href=\"https:\/\/www.viakris.eu\/cs\/ponuka-prace\/stolar-monter-fasadnik\/\">\r\n\t\t\t<span>V\u00edce informac\u00ed<\/span>\r\n\t\t<\/a>\r\n\t<\/div>\r\n<\/div><div class=\"bw--ponuka_prace_listing\">\r\n\t<div class=\"bw--ponuka_prace_img\">\r\n\t\t<a href=\"https:\/\/www.viakris.eu\/cs\/ponuka-prace\/stolar-tesar\/\"><img src=\"https:\/\/www.viakris.eu\/wp-content\/uploads\/wood-work-.jpeg\" alt=\"Truhl\u00e1\u0159\/Tesa\u0159\"><\/a>\r\n\t<\/div>\r\n\t\t\r\n\t<div class=\"bw--ponuky_prace\">\r\n\t\t<a href=\"https:\/\/www.viakris.eu\/cs\/ponuka-prace\/stolar-tesar\/\"><h2>Truhl\u00e1\u0159\/Tesa\u0159<\/h2><\/a>\r\n\t\t<ul style=\"list-style: none;margin-left: 0.2rem;\">\r\n\t\t<li><b>Zem\u011b:<\/b> N\u011bmecko<\/li>\r\n\t\t<li><b>Term\u00edn n\u00e1stupu:<\/b> ASAP<\/li>\r\n\t\t<li><b>Vhodn\u00e1 pro:<\/b> \u017deny, mu\u017ei<\/li>\r\n\t\t<li><b>Plat:<\/b> 13,50 \u20ac - 16,00 \u20ac h \/ <small>Hrub\u00e9ho<\/small><br><\/li>\r\n\t\t<\/ul>\r\n \t<\/div>\r\n\t\t\r\n\t<div class=\"bw--ponuky_prace_button\">\r\n\t\t<a class=\"button primary expand\" href=\"https:\/\/www.viakris.eu\/cs\/ponuka-prace\/stolar-tesar\/\">\r\n\t\t\t<span>V\u00edce informac\u00ed<\/span>\r\n\t\t<\/a>\r\n\t<\/div>\r\n<\/div><div class=\"bw--ponuka_prace_listing\">\r\n\t<div class=\"bw--ponuka_prace_img\">\r\n\t\t<a href=\"https:\/\/www.viakris.eu\/cs\/ponuka-prace\/stavebny-mechanik\/\"><img src=\"https:\/\/www.viakris.eu\/wp-content\/uploads\/welder_2.jpg\" alt=\"Stavebn\u00ed mechanik\"><\/a>\r\n\t<\/div>\r\n\t\t\r\n\t<div class=\"bw--ponuky_prace\">\r\n\t\t<a href=\"https:\/\/www.viakris.eu\/cs\/ponuka-prace\/stavebny-mechanik\/\"><h2>Stavebn\u00ed mechanik<\/h2><\/a>\r\n\t\t<ul style=\"list-style: none;margin-left: 0.2rem;\">\r\n\t\t<li><b>Zem\u011b:<\/b> N\u011bmecko<\/li>\r\n\t\t<li><b>Term\u00edn n\u00e1stupu:<\/b> ASAP<\/li>\r\n\t\t<li><b>Vhodn\u00e1 pro:<\/b> \u017deny, mu\u017ei<\/li>\r\n\t\t<li><b>Plat:<\/b> 2000 - 2600 \u20ac h \/ <small>Hrub\u00e9ho<\/small><br><\/li>\r\n\t\t<\/ul>\r\n \t<\/div>\r\n\t\t\r\n\t<div class=\"bw--ponuky_prace_button\">\r\n\t\t<a class=\"button primary expand\" href=\"https:\/\/www.viakris.eu\/cs\/ponuka-prace\/stavebny-mechanik\/\">\r\n\t\t\t<span>V\u00edce informac\u00ed<\/span>\r\n\t\t<\/a>\r\n\t<\/div>\r\n<\/div><div class=\"bw--ponuka_prace_listing\">\r\n\t<div class=\"bw--ponuka_prace_img\">\r\n\t\t<a href=\"https:\/\/www.viakris.eu\/cs\/ponuka-prace\/skladnik-vysokozdvizny-vozik\/\"><img src=\"https:\/\/www.viakris.eu\/wp-content\/uploads\/stock.jpg\" alt=\"Skladn\u00edk &#8211; vysokozdvi\u017en\u00fd voz\u00edk\"><\/a>\r\n\t<\/div>\r\n\t\t\r\n\t<div class=\"bw--ponuky_prace\">\r\n\t\t<a href=\"https:\/\/www.viakris.eu\/cs\/ponuka-prace\/skladnik-vysokozdvizny-vozik\/\"><h2>Skladn\u00edk &#8211; vysokozdvi\u017en\u00fd voz\u00edk<\/h2><\/a>\r\n\t\t<ul style=\"list-style: none;margin-left: 0.2rem;\">\r\n\t\t<li><b>Zem\u011b:<\/b> N\u011bmecko<\/li>\r\n\t\t<li><b>Term\u00edn n\u00e1stupu:<\/b> co nejd\u0159\u00edve<\/li>\r\n\t\t<li><b>Vhodn\u00e1 pro:<\/b> \u017deny, mu\u017ee<\/li>\r\n\t\t<li><b>Plat:<\/b> 16,92 \u20ac\/h \/ <small>Hrub\u00e9ho<\/small><br><\/li>\r\n\t\t<\/ul>\r\n \t<\/div>\r\n\t\t\r\n\t<div class=\"bw--ponuky_prace_button\">\r\n\t\t<a class=\"button primary expand\" href=\"https:\/\/www.viakris.eu\/cs\/ponuka-prace\/skladnik-vysokozdvizny-vozik\/\">\r\n\t\t\t<span>V\u00edce informac\u00ed<\/span>\r\n\t\t<\/a>\r\n\t<\/div>\r\n<\/div><div class=\"bw--ponuka_prace_listing\">\r\n\t<div class=\"bw--ponuka_prace_img\">\r\n\t\t<a href=\"https:\/\/www.viakris.eu\/cs\/ponuka-prace\/specialista-na-sklady-brigada-personalny-lizing-vysokozdvizny-vozik\/\"><img src=\"https:\/\/www.viakris.eu\/wp-content\/uploads\/stock.jpg\" alt=\"Specialista na sklady \/  Brig\u00e1da &#8211; Person\u00e1ln\u00ed leasing &#8211; vysokozdvi\u017en\u00fd voz\u00edk\"><\/a>\r\n\t<\/div>\r\n\t\t\r\n\t<div class=\"bw--ponuky_prace\">\r\n\t\t<a href=\"https:\/\/www.viakris.eu\/cs\/ponuka-prace\/specialista-na-sklady-brigada-personalny-lizing-vysokozdvizny-vozik\/\"><h2>Specialista na sklady \/  Brig\u00e1da &#8211; Person\u00e1ln\u00ed leasing &#8211; vysokozdvi\u017en\u00fd voz\u00edk<\/h2><\/a>\r\n\t\t<ul style=\"list-style: none;margin-left: 0.2rem;\">\r\n\t\t<li><b>Zem\u011b:<\/b> N\u011bmecko<\/li>\r\n\t\t<li><b>Term\u00edn n\u00e1stupu:<\/b> ASAP<\/li>\r\n\t\t<li><b>Vhodn\u00e1 pro:<\/b> \u017deny, mu\u017ei<\/li>\r\n\t\t<li><b>Plat:<\/b> od 13,79 \u20ac \/ <small>Hrub\u00e9ho<\/small><br><\/li>\r\n\t\t<\/ul>\r\n \t<\/div>\r\n\t\t\r\n\t<div class=\"bw--ponuky_prace_button\">\r\n\t\t<a class=\"button primary expand\" href=\"https:\/\/www.viakris.eu\/cs\/ponuka-prace\/specialista-na-sklady-brigada-personalny-lizing-vysokozdvizny-vozik\/\">\r\n\t\t\t<span>V\u00edce informac\u00ed<\/span>\r\n\t\t<\/a>\r\n\t<\/div>\r\n<\/div><div class=\"bw--ponuka_prace_listing\">\r\n\t<div class=\"bw--ponuka_prace_img\">\r\n\t\t<a href=\"https:\/\/www.viakris.eu\/cs\/ponuka-prace\/specialista-na-skladovu-logistiku\/\"><img src=\"https:\/\/www.viakris.eu\/wp-content\/uploads\/stock.jpg\" alt=\"Specialista na skladovou logistiku\"><\/a>\r\n\t<\/div>\r\n\t\t\r\n\t<div class=\"bw--ponuky_prace\">\r\n\t\t<a href=\"https:\/\/www.viakris.eu\/cs\/ponuka-prace\/specialista-na-skladovu-logistiku\/\"><h2>Specialista na skladovou logistiku<\/h2><\/a>\r\n\t\t<ul style=\"list-style: none;margin-left: 0.2rem;\">\r\n\t\t<li><b>Zem\u011b:<\/b> N\u011bmecko<\/li>\r\n\t\t<li><b>Term\u00edn n\u00e1stupu:<\/b> ASAP<\/li>\r\n\t\t<li><b>Vhodn\u00e1 pro:<\/b> \u017deny, mu\u017ei<\/li>\r\n\t\t<li><b>Plat:<\/b> 2000 - 2600 \u20ac h \/ <small>Hrub\u00e9ho<\/small><br><\/li>\r\n\t\t<\/ul>\r\n \t<\/div>\r\n\t\t\r\n\t<div class=\"bw--ponuky_prace_button\">\r\n\t\t<a class=\"button primary expand\" href=\"https:\/\/www.viakris.eu\/cs\/ponuka-prace\/specialista-na-skladovu-logistiku\/\">\r\n\t\t\t<span>V\u00edce informac\u00ed<\/span>\r\n\t\t<\/a>\r\n\t<\/div>\r\n<\/div><div class=\"bw--ponuka_prace_listing\">\r\n\t<div class=\"bw--ponuka_prace_img\">\r\n\t\t<a href=\"https:\/\/www.viakris.eu\/cs\/ponuka-prace\/priemyselny-elektrikar\/\"><img src=\"https:\/\/www.viakris.eu\/wp-content\/uploads\/electrician_1.jpeg\" alt=\"Pr\u016fmyslov\u00fd elektrik\u00e1\u0159\"><\/a>\r\n\t<\/div>\r\n\t\t\r\n\t<div class=\"bw--ponuky_prace\">\r\n\t\t<a href=\"https:\/\/www.viakris.eu\/cs\/ponuka-prace\/priemyselny-elektrikar\/\"><h2>Pr\u016fmyslov\u00fd elektrik\u00e1\u0159<\/h2><\/a>\r\n\t\t<ul style=\"list-style: none;margin-left: 0.2rem;\">\r\n\t\t<li><b>Zem\u011b:<\/b> N\u011bmecko<\/li>\r\n\t\t<li><b>Term\u00edn n\u00e1stupu:<\/b> ASAP<\/li>\r\n\t\t<li><b>Vhodn\u00e1 pro:<\/b> mu\u017ei\/\u017eeny<\/li>\r\n\t\t<li><b>Plat:<\/b> 2000 - 2600 \u20ac h \/ <small>Hrub\u00e9ho<\/small><br><\/li>\r\n\t\t<\/ul>\r\n \t<\/div>\r\n\t\t\r\n\t<div class=\"bw--ponuky_prace_button\">\r\n\t\t<a class=\"button primary expand\" href=\"https:\/\/www.viakris.eu\/cs\/ponuka-prace\/priemyselny-elektrikar\/\">\r\n\t\t\t<span>V\u00edce informac\u00ed<\/span>\r\n\t\t<\/a>\r\n\t<\/div>\r\n<\/div><div class=\"bw--ponuka_prace_listing\">\r\n\t<div class=\"bw--ponuka_prace_img\">\r\n\t\t<a href=\"https:\/\/www.viakris.eu\/cs\/ponuka-prace\/pomocnik-na-instalaciu-klimatizacie\/\"><img src=\"https:\/\/www.viakris.eu\/wp-content\/uploads\/repair_1.jpg\" alt=\"Pomocn\u00edk p\u0159i instalaci klimatizace\"><\/a>\r\n\t<\/div>\r\n\t\t\r\n\t<div class=\"bw--ponuky_prace\">\r\n\t\t<a href=\"https:\/\/www.viakris.eu\/cs\/ponuka-prace\/pomocnik-na-instalaciu-klimatizacie\/\"><h2>Pomocn\u00edk p\u0159i instalaci klimatizace<\/h2><\/a>\r\n\t\t<ul style=\"list-style: none;margin-left: 0.2rem;\">\r\n\t\t<li><b>Zem\u011b:<\/b> N\u011bmecko<\/li>\r\n\t\t<li><b>Term\u00edn n\u00e1stupu:<\/b> co nejd\u0159\u00edve<\/li>\r\n\t\t<li><b>Vhodn\u00e1 pro:<\/b> mu\u017ee\/\u017eeny<\/li>\r\n\t\t<li><b>Plat:<\/b> 1600 - 1900 \u20ac\/h \/ <small>Hrub\u00e9ho<\/small><br><\/li>\r\n\t\t<\/ul>\r\n \t<\/div>\r\n\t\t\r\n\t<div class=\"bw--ponuky_prace_button\">\r\n\t\t<a class=\"button primary expand\" href=\"https:\/\/www.viakris.eu\/cs\/ponuka-prace\/pomocnik-na-instalaciu-klimatizacie\/\">\r\n\t\t\t<span>V\u00edce informac\u00ed<\/span>\r\n\t\t<\/a>\r\n\t<\/div>\r\n<\/div><div class=\"bw--ponuka_prace_listing\">\r\n\t<div class=\"bw--ponuka_prace_img\">\r\n\t\t<a href=\"https:\/\/www.viakris.eu\/cs\/ponuka-prace\/operatori-strojov-zamestnanci-vyroby\/\"><img src=\"https:\/\/www.viakris.eu\/wp-content\/uploads\/stock.jpg\" alt=\"Oper\u00e1to\u0159i stroj\u016f \/ zam\u011bstnanci v\u00fdroby\"><\/a>\r\n\t<\/div>\r\n\t\t\r\n\t<div class=\"bw--ponuky_prace\">\r\n\t\t<a href=\"https:\/\/www.viakris.eu\/cs\/ponuka-prace\/operatori-strojov-zamestnanci-vyroby\/\"><h2>Oper\u00e1to\u0159i stroj\u016f \/ zam\u011bstnanci v\u00fdroby<\/h2><\/a>\r\n\t\t<ul style=\"list-style: none;margin-left: 0.2rem;\">\r\n\t\t<li><b>Zem\u011b:<\/b> N\u011bmecko<\/li>\r\n\t\t<li><b>Term\u00edn n\u00e1stupu:<\/b> ASAP<\/li>\r\n\t\t<li><b>Vhodn\u00e1 pro:<\/b> \u017deny, mu\u017ei<\/li>\r\n\t\t<li><b>Plat:<\/b> od 15,00 \u20ac\/h \/ <small>Hrub\u00e9ho<\/small><br><\/li>\r\n\t\t<\/ul>\r\n \t<\/div>\r\n\t\t\r\n\t<div class=\"bw--ponuky_prace_button\">\r\n\t\t<a class=\"button primary expand\" href=\"https:\/\/www.viakris.eu\/cs\/ponuka-prace\/operatori-strojov-zamestnanci-vyroby\/\">\r\n\t\t\t<span>V\u00edce informac\u00ed<\/span>\r\n\t\t<\/a>\r\n\t<\/div>\r\n<\/div><span class=\"pods-pagination-advanced \">\n\t\n\t<span class=\"pods-pagination-number pods-pagination-current \">1<\/span>\n\n\t\t\t\t<a href=\"\/cs\/wp-json\/wp\/v2\/pages\/2245?pg=2\" class=\"pods-pagination-number pods-pagination-2 \">2<\/a>\n\t\t\t\t\t\t<a href=\"\/cs\/wp-json\/wp\/v2\/pages\/2245?pg=3\" class=\"pods-pagination-number pods-pagination-3 \">3<\/a>\n\t\t\t\t\t<a href=\"\/cs\/wp-json\/wp\/v2\/pages\/2245?pg=11\" class=\"pods-pagination-number pods-pagination-11 \">11<\/a>\n\t\t\t\t<a href=\"\/cs\/wp-json\/wp\/v2\/pages\/2245?pg=12\" class=\"pods-pagination-number pods-pagination-last pods-pagination-12 \">12<\/a>\n\t\t\t\t\t<a href=\"\/cs\/wp-json\/wp\/v2\/pages\/2245?pg=2\" class=\"pods-pagination-label pods-pagination-next \">Dal\u0161\u00ed<\/a>\n\t\t\t\t\t\t\t<a href=\"\/cs\/wp-json\/wp\/v2\/pages\/2245?pg=12\" class=\"pods-pagination-label pods-pagination-last \">Posledn\u00ed<\/a>\n\t\t\t\t\n<\/span>\n\n<\/div>\n\n","protected":false},"excerpt":{"rendered":"","protected":false},"author":1,"featured_media":0,"parent":0,"menu_order":0,"comment_status":"closed","ping_status":"closed","template":"page-right-sidebar.php","meta":{"footnotes":""},"yoast_head":"<!-- This site is optimized with the Yoast SEO plugin v21.4 - https:\/\/yoast.com\/wordpress\/plugins\/seo\/ -->\n<title>Nab\u00eddky pr\u00e1ce - Viakris<\/title>\n<meta name=\"robots\" content=\"index, follow, max-snippet:-1, max-image-preview:large, max-video-preview:-1\" \/>\n<link rel=\"canonical\" href=\"https:\/\/www.viakris.eu\/cs\/nabidky-prace-2\/\" \/>\n<meta property=\"og:locale\" content=\"cs_CZ\" \/>\n<meta property=\"og:type\" content=\"article\" \/>\n<meta property=\"og:title\" content=\"Nab\u00eddky pr\u00e1ce - Viakris\" \/>\n<meta property=\"og:url\" content=\"https:\/\/www.viakris.eu\/cs\/nabidky-prace-2\/\" \/>\n<meta property=\"og:site_name\" content=\"Viakris\" \/>\n<meta property=\"article:publisher\" content=\"https:\/\/www.facebook.com\/profile.php?id=100091984939661\" \/>\n<meta property=\"article:modified_time\" content=\"2023-05-25T19:47:06+00:00\" \/>\n<meta name=\"twitter:card\" content=\"summary_large_image\" \/>\n<meta name=\"twitter:label1\" content=\"Odhadovan\u00e1 doba \u010dten\u00ed\" \/>\n\t<meta name=\"twitter:data1\" content=\"1 minuta\" \/>\n<script type=\"application\/ld+json\" class=\"yoast-schema-graph\">{\"@context\":\"https:\/\/schema.org\",\"@graph\":[{\"@type\":\"WebPage\",\"@id\":\"https:\/\/www.viakris.eu\/cs\/nabidky-prace-2\/\",\"url\":\"https:\/\/www.viakris.eu\/cs\/nabidky-prace-2\/\",\"name\":\"Nab\u00eddky pr\u00e1ce - Viakris\",\"isPartOf\":{\"@id\":\"https:\/\/www.viakris.eu\/cs\/#website\"},\"datePublished\":\"2023-03-14T13:09:32+00:00\",\"dateModified\":\"2023-05-25T19:47:06+00:00\",\"breadcrumb\":{\"@id\":\"https:\/\/www.viakris.eu\/cs\/nabidky-prace-2\/#breadcrumb\"},\"inLanguage\":\"cs\",\"potentialAction\":[{\"@type\":\"ReadAction\",\"target\":[\"https:\/\/www.viakris.eu\/cs\/nabidky-prace-2\/\"]}]},{\"@type\":\"BreadcrumbList\",\"@id\":\"https:\/\/www.viakris.eu\/cs\/nabidky-prace-2\/#breadcrumb\",\"itemListElement\":[{\"@type\":\"ListItem\",\"position\":1,\"name\":\"Home\",\"item\":\"https:\/\/www.viakris.eu\/cs\/\"},{\"@type\":\"ListItem\",\"position\":2,\"name\":\"Nab\u00eddky pr\u00e1ce\"}]},{\"@type\":\"WebSite\",\"@id\":\"https:\/\/www.viakris.eu\/cs\/#website\",\"url\":\"https:\/\/www.viakris.eu\/cs\/\",\"name\":\"Viakris\",\"description\":\"N\u00e1jdi si pr\u00e1cu v zahrani\u010d\u00ed. Sprostredkujeme ti ju zdarma.\",\"publisher\":{\"@id\":\"https:\/\/www.viakris.eu\/cs\/#organization\"},\"alternateName\":\"Viakris\",\"potentialAction\":[{\"@type\":\"SearchAction\",\"target\":{\"@type\":\"EntryPoint\",\"urlTemplate\":\"https:\/\/www.viakris.eu\/cs\/?s={search_term_string}\"},\"query-input\":\"required name=search_term_string\"}],\"inLanguage\":\"cs\"},{\"@type\":\"Organization\",\"@id\":\"https:\/\/www.viakris.eu\/cs\/#organization\",\"name\":\"Viakris\",\"alternateName\":\"Viakris\",\"url\":\"https:\/\/www.viakris.eu\/cs\/\",\"logo\":{\"@type\":\"ImageObject\",\"inLanguage\":\"cs\",\"@id\":\"https:\/\/www.viakris.eu\/cs\/#\/schema\/logo\/image\/\",\"url\":\"https:\/\/www.viakris.eu\/wp-content\/uploads\/viakris_logo_1.svg\",\"contentUrl\":\"https:\/\/www.viakris.eu\/wp-content\/uploads\/viakris_logo_1.svg\",\"width\":1,\"height\":1,\"caption\":\"Viakris\"},\"image\":{\"@id\":\"https:\/\/www.viakris.eu\/cs\/#\/schema\/logo\/image\/\"},\"sameAs\":[\"https:\/\/www.facebook.com\/profile.php?id=100091984939661\",\"https:\/\/www.instagram.com\/viakris.eu\/\"]}]}<\/script>\n<!-- \/ Yoast SEO plugin. -->","yoast_head_json":{"title":"Nab\u00eddky pr\u00e1ce - Viakris","robots":{"index":"index","follow":"follow","max-snippet":"max-snippet:-1","max-image-preview":"max-image-preview:large","max-video-preview":"max-video-preview:-1"},"canonical":"https:\/\/www.viakris.eu\/cs\/nabidky-prace-2\/","og_locale":"cs_CZ","og_type":"article","og_title":"Nab\u00eddky pr\u00e1ce - Viakris","og_url":"https:\/\/www.viakris.eu\/cs\/nabidky-prace-2\/","og_site_name":"Viakris","article_publisher":"https:\/\/www.facebook.com\/profile.php?id=100091984939661","article_modified_time":"2023-05-25T19:47:06+00:00","twitter_card":"summary_large_image","twitter_misc":{"Odhadovan\u00e1 doba \u010dten\u00ed":"1 minuta"},"schema":{"@context":"https:\/\/schema.org","@graph":[{"@type":"WebPage","@id":"https:\/\/www.viakris.eu\/cs\/nabidky-prace-2\/","url":"https:\/\/www.viakris.eu\/cs\/nabidky-prace-2\/","name":"Nab\u00eddky pr\u00e1ce - Viakris","isPartOf":{"@id":"https:\/\/www.viakris.eu\/cs\/#website"},"datePublished":"2023-03-14T13:09:32+00:00","dateModified":"2023-05-25T19:47:06+00:00","breadcrumb":{"@id":"https:\/\/www.viakris.eu\/cs\/nabidky-prace-2\/#breadcrumb"},"inLanguage":"cs","potentialAction":[{"@type":"ReadAction","target":["https:\/\/www.viakris.eu\/cs\/nabidky-prace-2\/"]}]},{"@type":"BreadcrumbList","@id":"https:\/\/www.viakris.eu\/cs\/nabidky-prace-2\/#breadcrumb","itemListElement":[{"@type":"ListItem","position":1,"name":"Home","item":"https:\/\/www.viakris.eu\/cs\/"},{"@type":"ListItem","position":2,"name":"Nab\u00eddky pr\u00e1ce"}]},{"@type":"WebSite","@id":"https:\/\/www.viakris.eu\/cs\/#website","url":"https:\/\/www.viakris.eu\/cs\/","name":"Viakris","description":"N\u00e1jdi si pr\u00e1cu v zahrani\u010d\u00ed. Sprostredkujeme ti ju zdarma.","publisher":{"@id":"https:\/\/www.viakris.eu\/cs\/#organization"},"alternateName":"Viakris","potentialAction":[{"@type":"SearchAction","target":{"@type":"EntryPoint","urlTemplate":"https:\/\/www.viakris.eu\/cs\/?s={search_term_string}"},"query-input":"required name=search_term_string"}],"inLanguage":"cs"},{"@type":"Organization","@id":"https:\/\/www.viakris.eu\/cs\/#organization","name":"Viakris","alternateName":"Viakris","url":"https:\/\/www.viakris.eu\/cs\/","logo":{"@type":"ImageObject","inLanguage":"cs","@id":"https:\/\/www.viakris.eu\/cs\/#\/schema\/logo\/image\/","url":"https:\/\/www.viakris.eu\/wp-content\/uploads\/viakris_logo_1.svg","contentUrl":"https:\/\/www.viakris.eu\/wp-content\/uploads\/viakris_logo_1.svg","width":1,"height":1,"caption":"Viakris"},"image":{"@id":"https:\/\/www.viakris.eu\/cs\/#\/schema\/logo\/image\/"},"sameAs":["https:\/\/www.facebook.com\/profile.php?id=100091984939661","https:\/\/www.instagram.com\/viakris.eu\/"]}]}},"_links":{"self":[{"href":"https:\/\/www.viakris.eu\/cs\/wp-json\/wp\/v2\/pages\/2245"}],"collection":[{"href":"https:\/\/www.viakris.eu\/cs\/wp-json\/wp\/v2\/pages"}],"about":[{"href":"https:\/\/www.viakris.eu\/cs\/wp-json\/wp\/v2\/types\/page"}],"author":[{"embeddable":true,"href":"https:\/\/www.viakris.eu\/cs\/wp-json\/wp\/v2\/users\/1"}],"replies":[{"embeddable":true,"href":"https:\/\/www.viakris.eu\/cs\/wp-json\/wp\/v2\/comments?post=2245"}],"version-history":[{"count":0,"href":"https:\/\/www.viakris.eu\/cs\/wp-json\/wp\/v2\/pages\/2245\/revisions"}],"wp:attachment":[{"href":"https:\/\/www.viakris.eu\/cs\/wp-json\/wp\/v2\/media?parent=2245"}],"curies":[{"name":"wp","href":"https:\/\/api.w.org\/{rel}","templated":true}]}}