{"id":2252,"date":"2023-03-14T14:10:11","date_gmt":"2023-03-14T13:10:11","guid":{"rendered":"https:\/\/www.viakris.eu\/1684400471590\/hladam-zamestnancov\/"},"modified":"2023-05-25T20:45:35","modified_gmt":"2023-05-25T18:45:35","slug":"hledam-zamestnance","status":"publish","type":"page","link":"https:\/\/www.viakris.eu\/cs\/hledam-zamestnance\/","title":{"rendered":"Hled\u00e1m zam\u011bstnance"},"content":{"rendered":"\n<div class=\"row align-equal align-center\"  id=\"row-738855655\">\n\n\n\t<div id=\"col-697036253\" class=\"col small-12 large-12\"  >\n\t\t\t\t<div class=\"col-inner\"  >\n\t\t\t\n\t\t\t\n\n<h1>HLED\u00c1\u0160 ZAM\u011aSTNANCY?<\/h1>\n\n\t<div id=\"gap-1486425148\" class=\"gap-element clearfix\" style=\"display:block; height:auto;\">\n\t\t\n<style>\n#gap-1486425148 {\n  padding-top: 10px;\n}\n@media (min-width:550px) {\n  #gap-1486425148 {\n    padding-top: 30px;\n  }\n}\n@media (min-width:850px) {\n  #gap-1486425148 {\n    padding-top: 50px;\n  }\n}\n<\/style>\n\t<\/div>\n\t\n\n\n  \n    <div class=\"row large-columns-3 medium-columns- small-columns-2 row-collapse slider row-slider slider-nav-simple\"  data-flickity-options='{\"imagesLoaded\": true, \"groupCells\": \"100%\", \"dragThreshold\" : 5, \"cellAlign\": \"left\",\"wrapAround\": true,\"prevNextButtons\": true,\"percentPosition\": true,\"pageDots\": false, \"rightToLeft\": false, \"autoPlay\" : 4000}' >\n\n  <div class=\"gallery-col col\" >\n          <div class=\"col-inner\">\n            <a class=\"image-lightbox lightbox-gallery\" href=\"https:\/\/www.viakris.eu\/wp-content\/uploads\/safety_hat.jpg\" title=\"\">            <div class=\"box has-hover gallery-box box-overlay dark\">\n              <div class=\"box-image\" >\n                <img width=\"1024\" height=\"768\" src=\"https:\/\/www.viakris.eu\/wp-content\/uploads\/safety_hat.jpg\" class=\"attachment-original size-original\" alt=\"\" decoding=\"async\" ids=\"1728,1731,1725,1722,1719\" lightbox_image_size=\"original\" type=\"slider\" col_spacing=\"collapse\" columns=\"3\" slider_nav_style=\"simple\" auto_slide=\"4000\" image_size=\"original\" \/>                                  <div class=\"overlay fill\"\n                      style=\"background-color: rgba(0,0,0,.15)\">\n                  <\/div>\n                                                              <\/div>\n              <div class=\"box-text text-left\" >\n                 <p><\/p>\n              <\/div>\n            <\/div>\n            <\/a>          <\/div>\n         <\/div><div class=\"gallery-col col\" >\n          <div class=\"col-inner\">\n            <a class=\"image-lightbox lightbox-gallery\" href=\"https:\/\/www.viakris.eu\/wp-content\/uploads\/worker_flower.jpg\" title=\"\">            <div class=\"box has-hover gallery-box box-overlay dark\">\n              <div class=\"box-image\" >\n                <img width=\"1024\" height=\"768\" src=\"https:\/\/www.viakris.eu\/wp-content\/uploads\/worker_flower.jpg\" class=\"attachment-original size-original\" alt=\"\" decoding=\"async\" ids=\"1728,1731,1725,1722,1719\" lightbox_image_size=\"original\" type=\"slider\" col_spacing=\"collapse\" columns=\"3\" slider_nav_style=\"simple\" auto_slide=\"4000\" image_size=\"original\" \/>                                  <div class=\"overlay fill\"\n                      style=\"background-color: rgba(0,0,0,.15)\">\n                  <\/div>\n                                                              <\/div>\n              <div class=\"box-text text-left\" >\n                 <p><\/p>\n              <\/div>\n            <\/div>\n            <\/a>          <\/div>\n         <\/div><div class=\"gallery-col col\" >\n          <div class=\"col-inner\">\n            <a class=\"image-lightbox lightbox-gallery\" href=\"https:\/\/www.viakris.eu\/wp-content\/uploads\/mixer.jpg\" title=\"\">            <div class=\"box has-hover gallery-box box-overlay dark\">\n              <div class=\"box-image\" >\n                <img width=\"1024\" height=\"768\" src=\"https:\/\/www.viakris.eu\/wp-content\/uploads\/mixer.jpg\" class=\"attachment-original size-original\" alt=\"\" decoding=\"async\" ids=\"1728,1731,1725,1722,1719\" lightbox_image_size=\"original\" type=\"slider\" col_spacing=\"collapse\" columns=\"3\" slider_nav_style=\"simple\" auto_slide=\"4000\" image_size=\"original\" \/>                                  <div class=\"overlay fill\"\n                      style=\"background-color: rgba(0,0,0,.15)\">\n                  <\/div>\n                                                              <\/div>\n              <div class=\"box-text text-left\" >\n                 <p><\/p>\n              <\/div>\n            <\/div>\n            <\/a>          <\/div>\n         <\/div><div class=\"gallery-col col\" >\n          <div class=\"col-inner\">\n            <a class=\"image-lightbox lightbox-gallery\" href=\"https:\/\/www.viakris.eu\/wp-content\/uploads\/it.jpg\" title=\"\">            <div class=\"box has-hover gallery-box box-overlay dark\">\n              <div class=\"box-image\" >\n                <img width=\"1024\" height=\"768\" src=\"https:\/\/www.viakris.eu\/wp-content\/uploads\/it.jpg\" class=\"attachment-original size-original\" alt=\"\" decoding=\"async\" ids=\"1728,1731,1725,1722,1719\" lightbox_image_size=\"original\" type=\"slider\" col_spacing=\"collapse\" columns=\"3\" slider_nav_style=\"simple\" auto_slide=\"4000\" image_size=\"original\" \/>                                  <div class=\"overlay fill\"\n                      style=\"background-color: rgba(0,0,0,.15)\">\n                  <\/div>\n                                                              <\/div>\n              <div class=\"box-text text-left\" >\n                 <p><\/p>\n              <\/div>\n            <\/div>\n            <\/a>          <\/div>\n         <\/div><div class=\"gallery-col col\" >\n          <div class=\"col-inner\">\n            <a class=\"image-lightbox lightbox-gallery\" href=\"https:\/\/www.viakris.eu\/wp-content\/uploads\/barista.jpg\" title=\"\">            <div class=\"box has-hover gallery-box box-overlay dark\">\n              <div class=\"box-image\" >\n                <img width=\"1024\" height=\"768\" src=\"https:\/\/www.viakris.eu\/wp-content\/uploads\/barista.jpg\" class=\"attachment-original size-original\" alt=\"\" decoding=\"async\" ids=\"1728,1731,1725,1722,1719\" lightbox_image_size=\"original\" type=\"slider\" col_spacing=\"collapse\" columns=\"3\" slider_nav_style=\"simple\" auto_slide=\"4000\" image_size=\"original\" \/>                                  <div class=\"overlay fill\"\n                      style=\"background-color: rgba(0,0,0,.15)\">\n                  <\/div>\n                                                              <\/div>\n              <div class=\"box-text text-left\" >\n                 <p><\/p>\n              <\/div>\n            <\/div>\n            <\/a>          <\/div>\n         <\/div><\/div>\n\n\t<div id=\"gap-1757130720\" class=\"gap-element clearfix\" style=\"display:block; height:auto;\">\n\t\t\n<style>\n#gap-1757130720 {\n  padding-top: 20px;\n}\n@media (min-width:550px) {\n  #gap-1757130720 {\n    padding-top: 50px;\n  }\n}\n<\/style>\n\t<\/div>\n\t\n\n<h2>POKUD SI ZAM\u011aSTNAVATEL, KTER\u00dd POT\u0158EBUJE ZAM\u011aSTNANCY, TAK VYPL\u0147 FORMUL\u00c1\u0158 A MY SE TI \u0158\u00c1DI OZVEME.<\/h2>\n\n\n\n<div class=\"wpforms-container wpforms-container-full\" id=\"wpforms-1632\"><form id=\"wpforms-form-1632\" class=\"wpforms-validate wpforms-form wpforms-ajax-form\" data-formid=\"1632\" method=\"post\" enctype=\"multipart\/form-data\" action=\"\/cs\/wp-json\/wp\/v2\/pages\/2252\" data-token=\"5093d7f0a4a57d87d58cad39e9324951\"><noscript class=\"wpforms-error-noscript\">Please enable JavaScript in your browser to complete this form.<\/noscript><div class=\"wpforms-field-container\"><div id=\"wpforms-1632-field_0-container\" class=\"wpforms-field wpforms-field-name\" data-field-id=\"0\"><label class=\"wpforms-field-label\" for=\"wpforms-1632-field_0\">Jm\u00e9no a p\u0159\u00edjmen <span class=\"wpforms-required-label\">*<\/span><\/label><div class=\"wpforms-field-row wpforms-field-large\"><div class=\"wpforms-field-row-block wpforms-first wpforms-one-half\"><input type=\"text\" id=\"wpforms-1632-field_0\" class=\"wpforms-field-name-first wpforms-field-required\" name=\"wpforms[fields][0][first]\" required><label for=\"wpforms-1632-field_0\" class=\"wpforms-field-sublabel after wpforms-sublabel-hide\">First<\/label><\/div><div class=\"wpforms-field-row-block wpforms-one-half\"><input type=\"text\" id=\"wpforms-1632-field_0-last\" class=\"wpforms-field-name-last wpforms-field-required\" name=\"wpforms[fields][0][last]\" required><label for=\"wpforms-1632-field_0-last\" class=\"wpforms-field-sublabel after wpforms-sublabel-hide\">Last<\/label><\/div><\/div><\/div><div id=\"wpforms-1632-field_8-container\" class=\"wpforms-field wpforms-field-layout\" data-field-id=\"8\"><label class=\"wpforms-field-label wpforms-label-hide\" for=\"wpforms-1632-field_8\">Layout<\/label><div class=\"wpforms-field-layout-columns wpforms-field-layout-preset-50-50\"><div class=\"wpforms-layout-column wpforms-layout-column-50\"><div id=\"wpforms-1632-field_1-container\" class=\"wpforms-field wpforms-field-email\" data-field-id=\"1\"><label class=\"wpforms-field-label\" for=\"wpforms-1632-field_1\">Email <span class=\"wpforms-required-label\">*<\/span><\/label><input type=\"email\" id=\"wpforms-1632-field_1\" class=\"wpforms-field-large wpforms-field-required\" name=\"wpforms[fields][1]\" spellcheck=\"false\" required><\/div><\/div><div class=\"wpforms-layout-column wpforms-layout-column-50\"><div id=\"wpforms-1632-field_7-container\" class=\"wpforms-field wpforms-field-phone\" data-field-id=\"7\"><label class=\"wpforms-field-label\" for=\"wpforms-1632-field_7\">Telefonn\u00ed \u010d\u00edslo <span class=\"wpforms-required-label\">*<\/span><\/label><input type=\"tel\" id=\"wpforms-1632-field_7\" class=\"wpforms-field-large wpforms-field-required wpforms-smart-phone-field\" data-rule-smart-phone-field=\"true\" name=\"wpforms[fields][7]\" required><\/div><\/div><\/div><\/div><div id=\"wpforms-1632-field_6-container\" class=\"wpforms-field wpforms-field-textarea\" data-field-id=\"6\"><label class=\"wpforms-field-label\" for=\"wpforms-1632-field_6\">Zpr\u00e1va<\/label><textarea id=\"wpforms-1632-field_6\" class=\"wpforms-field-medium\" name=\"wpforms[fields][6]\" ><\/textarea><\/div><div id=\"wpforms-1632-field_4-container\" class=\"wpforms-field wpforms-field-checkbox\" data-field-id=\"4\"><label class=\"wpforms-field-label\" for=\"wpforms-1632-field_4\">Newsletter<\/label><ul id=\"wpforms-1632-field_4\"><li class=\"choice-1 depth-1\"><input type=\"checkbox\" id=\"wpforms-1632-field_4_1\" name=\"wpforms[fields][4][]\" value=\"P\u0159ihl\u00e1sit se k odb\u011bru a dost\u00e1vat informace o pracovn\u00edch nab\u00eddk\u00e1ch\"  ><label class=\"wpforms-field-label-inline\" for=\"wpforms-1632-field_4_1\">P\u0159ihl\u00e1sit se k odb\u011bru a dost\u00e1vat informace o pracovn\u00edch nab\u00eddk\u00e1ch<\/label><\/li><\/ul><\/div><div id=\"wpforms-1632-field_5-container\" class=\"wpforms-field wpforms-field-gdpr-checkbox\" data-field-id=\"5\"><label class=\"wpforms-field-label\" for=\"wpforms-1632-field_5\">Souhlas\u00edm se zpracov\u00e1n\u00edm osobn\u00edch \u00fadaj\u016f <span class=\"wpforms-required-label\">*<\/span><\/label><ul id=\"wpforms-1632-field_5\" class=\"wpforms-field-required\"><li class=\"choice-1\"><input type=\"checkbox\" id=\"wpforms-1632-field_5_1\" name=\"wpforms[fields][5][]\" value=\"Souhlas\u00edm se &lt;a href=&quot;\/ochrana-osobnich-udaj\u016f\/&quot; target=&quot;_blank&quot;&gt;zpracov\u00e1n\u00edm osobn\u00edch \u00fadaj\u016f&lt;\/a&gt;.\" required ><label class=\"wpforms-field-label-inline\" for=\"wpforms-1632-field_5_1\">Souhlas\u00edm se <a href=\"\/ochrana-osobnich-udaj\u016f\/\" target=\"_blank\">zpracov\u00e1n\u00edm osobn\u00edch \u00fadaj\u016f<\/a>.<\/label><\/li><\/ul><\/div><\/div><!-- .wpforms-field-container --><input type=\"hidden\" name=\"wpforms[recaptcha]\" value=\"\"><div class=\"wpforms-submit-container\" ><input type=\"hidden\" name=\"wpforms[id]\" value=\"1632\"><input type=\"hidden\" name=\"wpforms[author]\" value=\"1\"><button type=\"submit\" name=\"wpforms[submit]\" id=\"wpforms-submit-1632\" class=\"wpforms-submit bw--submit-button\" data-alt-text=\"Odes\u00edl\u00e1 se...\" data-submit-text=\"Odeslat\" aria-live=\"assertive\" value=\"wpforms-submit\">Odeslat<\/button><img src=\"https:\/\/www.viakris.eu\/wp-content\/plugins\/wpforms\/assets\/images\/submit-spin.svg\" class=\"wpforms-submit-spinner\" style=\"display: none;\" width=\"26\" height=\"26\" alt=\"Loading\"><\/div><\/form><\/div>  <!-- .wpforms-container -->\n\n\n\n\t\t<\/div>\n\t\t\t\t\n<style>\n#col-697036253 > .col-inner {\n  padding: 0px 0px 0px 0px;\n}\n@media (min-width:850px) {\n  #col-697036253 > .col-inner {\n    padding: 0px 0px 0px 0px;\n  }\n}\n<\/style>\n\t<\/div>\n\n\t\n\n\n<style>\n#row-738855655 > .col > .col-inner {\n  padding: 20px 10px 0px 10px;\n}\n@media (min-width:550px) {\n  #row-738855655 > .col > .col-inner {\n    padding: 50px 10px 0px 10px;\n  }\n}\n@media (min-width:850px) {\n  #row-738855655 > .col > .col-inner {\n    padding: 100px 10px 100px 10px;\n  }\n}\n<\/style>\n<\/div>\n","protected":false},"excerpt":{"rendered":"","protected":false},"author":1,"featured_media":0,"parent":0,"menu_order":0,"comment_status":"closed","ping_status":"closed","template":"","meta":{"footnotes":""},"yoast_head":"<!-- This site is optimized with the Yoast SEO plugin v21.4 - https:\/\/yoast.com\/wordpress\/plugins\/seo\/ -->\n<title>Hled\u00e1m zam\u011bstnance - Viakris<\/title>\n<meta name=\"description\" content=\"H\u013ead\u00e1\u0161 zamestnancov? Ak si zamestn\u00e1vate\u013e, ktor\u00fd potrebuje zamestnancov, tak vypl\u0148 formul\u00e1r a my sa ti radi ozveme.\" \/>\n<meta name=\"robots\" content=\"index, follow, max-snippet:-1, max-image-preview:large, max-video-preview:-1\" \/>\n<link rel=\"canonical\" href=\"https:\/\/www.viakris.eu\/cs\/hledam-zamestnance\/\" \/>\n<meta property=\"og:locale\" content=\"cs_CZ\" \/>\n<meta property=\"og:type\" content=\"article\" \/>\n<meta property=\"og:title\" content=\"Hled\u00e1m zam\u011bstnance - Viakris\" \/>\n<meta property=\"og:description\" content=\"H\u013ead\u00e1\u0161 zamestnancov? Ak si zamestn\u00e1vate\u013e, ktor\u00fd potrebuje zamestnancov, tak vypl\u0148 formul\u00e1r a my sa ti radi ozveme.\" \/>\n<meta property=\"og:url\" content=\"https:\/\/www.viakris.eu\/cs\/hledam-zamestnance\/\" \/>\n<meta property=\"og:site_name\" content=\"Viakris\" \/>\n<meta property=\"article:publisher\" content=\"https:\/\/www.facebook.com\/profile.php?id=100091984939661\" \/>\n<meta property=\"article:modified_time\" content=\"2023-05-25T18:45:35+00:00\" \/>\n<meta name=\"twitter:card\" content=\"summary_large_image\" \/>\n<meta name=\"twitter:label1\" content=\"Odhadovan\u00e1 doba \u010dten\u00ed\" \/>\n\t<meta name=\"twitter:data1\" content=\"1 minuta\" \/>\n<script type=\"application\/ld+json\" class=\"yoast-schema-graph\">{\"@context\":\"https:\/\/schema.org\",\"@graph\":[{\"@type\":\"WebPage\",\"@id\":\"https:\/\/www.viakris.eu\/cs\/hledam-zamestnance\/\",\"url\":\"https:\/\/www.viakris.eu\/cs\/hledam-zamestnance\/\",\"name\":\"Hled\u00e1m zam\u011bstnance - Viakris\",\"isPartOf\":{\"@id\":\"https:\/\/www.viakris.eu\/cs\/#website\"},\"datePublished\":\"2023-03-14T13:10:11+00:00\",\"dateModified\":\"2023-05-25T18:45:35+00:00\",\"description\":\"H\u013ead\u00e1\u0161 zamestnancov? Ak si zamestn\u00e1vate\u013e, ktor\u00fd potrebuje zamestnancov, tak vypl\u0148 formul\u00e1r a my sa ti radi ozveme.\",\"breadcrumb\":{\"@id\":\"https:\/\/www.viakris.eu\/cs\/hledam-zamestnance\/#breadcrumb\"},\"inLanguage\":\"cs\",\"potentialAction\":[{\"@type\":\"ReadAction\",\"target\":[\"https:\/\/www.viakris.eu\/cs\/hledam-zamestnance\/\"]}]},{\"@type\":\"BreadcrumbList\",\"@id\":\"https:\/\/www.viakris.eu\/cs\/hledam-zamestnance\/#breadcrumb\",\"itemListElement\":[{\"@type\":\"ListItem\",\"position\":1,\"name\":\"Home\",\"item\":\"https:\/\/www.viakris.eu\/cs\/\"},{\"@type\":\"ListItem\",\"position\":2,\"name\":\"Hled\u00e1m zam\u011bstnance\"}]},{\"@type\":\"WebSite\",\"@id\":\"https:\/\/www.viakris.eu\/cs\/#website\",\"url\":\"https:\/\/www.viakris.eu\/cs\/\",\"name\":\"Viakris\",\"description\":\"N\u00e1jdi si pr\u00e1cu v zahrani\u010d\u00ed. Sprostredkujeme ti ju zdarma.\",\"publisher\":{\"@id\":\"https:\/\/www.viakris.eu\/cs\/#organization\"},\"alternateName\":\"Viakris\",\"potentialAction\":[{\"@type\":\"SearchAction\",\"target\":{\"@type\":\"EntryPoint\",\"urlTemplate\":\"https:\/\/www.viakris.eu\/cs\/?s={search_term_string}\"},\"query-input\":\"required name=search_term_string\"}],\"inLanguage\":\"cs\"},{\"@type\":\"Organization\",\"@id\":\"https:\/\/www.viakris.eu\/cs\/#organization\",\"name\":\"Viakris\",\"alternateName\":\"Viakris\",\"url\":\"https:\/\/www.viakris.eu\/cs\/\",\"logo\":{\"@type\":\"ImageObject\",\"inLanguage\":\"cs\",\"@id\":\"https:\/\/www.viakris.eu\/cs\/#\/schema\/logo\/image\/\",\"url\":\"https:\/\/www.viakris.eu\/wp-content\/uploads\/viakris_logo_1.svg\",\"contentUrl\":\"https:\/\/www.viakris.eu\/wp-content\/uploads\/viakris_logo_1.svg\",\"width\":1,\"height\":1,\"caption\":\"Viakris\"},\"image\":{\"@id\":\"https:\/\/www.viakris.eu\/cs\/#\/schema\/logo\/image\/\"},\"sameAs\":[\"https:\/\/www.facebook.com\/profile.php?id=100091984939661\",\"https:\/\/www.instagram.com\/viakris.eu\/\"]}]}<\/script>\n<!-- \/ Yoast SEO plugin. -->","yoast_head_json":{"title":"Hled\u00e1m zam\u011bstnance - Viakris","description":"H\u013ead\u00e1\u0161 zamestnancov? Ak si zamestn\u00e1vate\u013e, ktor\u00fd potrebuje zamestnancov, tak vypl\u0148 formul\u00e1r a my sa ti radi ozveme.","robots":{"index":"index","follow":"follow","max-snippet":"max-snippet:-1","max-image-preview":"max-image-preview:large","max-video-preview":"max-video-preview:-1"},"canonical":"https:\/\/www.viakris.eu\/cs\/hledam-zamestnance\/","og_locale":"cs_CZ","og_type":"article","og_title":"Hled\u00e1m zam\u011bstnance - Viakris","og_description":"H\u013ead\u00e1\u0161 zamestnancov? Ak si zamestn\u00e1vate\u013e, ktor\u00fd potrebuje zamestnancov, tak vypl\u0148 formul\u00e1r a my sa ti radi ozveme.","og_url":"https:\/\/www.viakris.eu\/cs\/hledam-zamestnance\/","og_site_name":"Viakris","article_publisher":"https:\/\/www.facebook.com\/profile.php?id=100091984939661","article_modified_time":"2023-05-25T18:45:35+00:00","twitter_card":"summary_large_image","twitter_misc":{"Odhadovan\u00e1 doba \u010dten\u00ed":"1 minuta"},"schema":{"@context":"https:\/\/schema.org","@graph":[{"@type":"WebPage","@id":"https:\/\/www.viakris.eu\/cs\/hledam-zamestnance\/","url":"https:\/\/www.viakris.eu\/cs\/hledam-zamestnance\/","name":"Hled\u00e1m zam\u011bstnance - Viakris","isPartOf":{"@id":"https:\/\/www.viakris.eu\/cs\/#website"},"datePublished":"2023-03-14T13:10:11+00:00","dateModified":"2023-05-25T18:45:35+00:00","description":"H\u013ead\u00e1\u0161 zamestnancov? Ak si zamestn\u00e1vate\u013e, ktor\u00fd potrebuje zamestnancov, tak vypl\u0148 formul\u00e1r a my sa ti radi ozveme.","breadcrumb":{"@id":"https:\/\/www.viakris.eu\/cs\/hledam-zamestnance\/#breadcrumb"},"inLanguage":"cs","potentialAction":[{"@type":"ReadAction","target":["https:\/\/www.viakris.eu\/cs\/hledam-zamestnance\/"]}]},{"@type":"BreadcrumbList","@id":"https:\/\/www.viakris.eu\/cs\/hledam-zamestnance\/#breadcrumb","itemListElement":[{"@type":"ListItem","position":1,"name":"Home","item":"https:\/\/www.viakris.eu\/cs\/"},{"@type":"ListItem","position":2,"name":"Hled\u00e1m zam\u011bstnance"}]},{"@type":"WebSite","@id":"https:\/\/www.viakris.eu\/cs\/#website","url":"https:\/\/www.viakris.eu\/cs\/","name":"Viakris","description":"N\u00e1jdi si pr\u00e1cu v zahrani\u010d\u00ed. Sprostredkujeme ti ju zdarma.","publisher":{"@id":"https:\/\/www.viakris.eu\/cs\/#organization"},"alternateName":"Viakris","potentialAction":[{"@type":"SearchAction","target":{"@type":"EntryPoint","urlTemplate":"https:\/\/www.viakris.eu\/cs\/?s={search_term_string}"},"query-input":"required name=search_term_string"}],"inLanguage":"cs"},{"@type":"Organization","@id":"https:\/\/www.viakris.eu\/cs\/#organization","name":"Viakris","alternateName":"Viakris","url":"https:\/\/www.viakris.eu\/cs\/","logo":{"@type":"ImageObject","inLanguage":"cs","@id":"https:\/\/www.viakris.eu\/cs\/#\/schema\/logo\/image\/","url":"https:\/\/www.viakris.eu\/wp-content\/uploads\/viakris_logo_1.svg","contentUrl":"https:\/\/www.viakris.eu\/wp-content\/uploads\/viakris_logo_1.svg","width":1,"height":1,"caption":"Viakris"},"image":{"@id":"https:\/\/www.viakris.eu\/cs\/#\/schema\/logo\/image\/"},"sameAs":["https:\/\/www.facebook.com\/profile.php?id=100091984939661","https:\/\/www.instagram.com\/viakris.eu\/"]}]}},"_links":{"self":[{"href":"https:\/\/www.viakris.eu\/cs\/wp-json\/wp\/v2\/pages\/2252"}],"collection":[{"href":"https:\/\/www.viakris.eu\/cs\/wp-json\/wp\/v2\/pages"}],"about":[{"href":"https:\/\/www.viakris.eu\/cs\/wp-json\/wp\/v2\/types\/page"}],"author":[{"embeddable":true,"href":"https:\/\/www.viakris.eu\/cs\/wp-json\/wp\/v2\/users\/1"}],"replies":[{"embeddable":true,"href":"https:\/\/www.viakris.eu\/cs\/wp-json\/wp\/v2\/comments?post=2252"}],"version-history":[{"count":0,"href":"https:\/\/www.viakris.eu\/cs\/wp-json\/wp\/v2\/pages\/2252\/revisions"}],"wp:attachment":[{"href":"https:\/\/www.viakris.eu\/cs\/wp-json\/wp\/v2\/media?parent=2252"}],"curies":[{"name":"wp","href":"https:\/\/api.w.org\/{rel}","templated":true}]}}