{"id":2268,"date":"2017-08-04T11:13:36","date_gmt":"2017-08-04T09:13:36","guid":{"rendered":"https:\/\/www.viakris.eu\/1684400471590\/o-nas\/"},"modified":"2023-05-22T13:05:50","modified_gmt":"2023-05-22T11:05:50","slug":"o-nas","status":"publish","type":"page","link":"https:\/\/www.viakris.eu\/cs\/o-nas\/","title":{"rendered":"O n\u00e1s"},"content":{"rendered":"\n<div class=\"row\"  id=\"row-68573197\">\n\n\n\t<div id=\"col-103356959\" class=\"col small-12 large-12\"  >\n\t\t\t\t<div class=\"col-inner\"  >\n\t\t\t\n\t\t\t\n\n<h1>O N\u00c1S<\/h1>\n\t<div id=\"gap-2077728140\" class=\"gap-element clearfix\" style=\"display:block; height:auto;\">\n\t\t\n<style>\n#gap-2077728140 {\n  padding-top: 0px;\n}\n@media (min-width:550px) {\n  #gap-2077728140 {\n    padding-top: 0px;\n  }\n}\n@media (min-width:850px) {\n  #gap-2077728140 {\n    padding-top: 50px;\n  }\n}\n<\/style>\n\t<\/div>\n\t\n\n\t<div id=\"text-1007346023\" class=\"text bw--checkmark\">\n\t\t\n\n<p>Jsme firma, kter\u00e1 se zam\u011b\u0159uje na zprost\u0159edkov\u00e1n\u00ed pr\u00e1ce do zahrani\u010d\u00ed.<\/p>\n<p>\u00a0<\/p>\n<p>Jmenuji se <strong>Vil\u00e9m<\/strong> a spole\u010dn\u011b se svou partnerkou <strong>Annou<\/strong> jsme se rozhodli, \u017ee spln\u00edme sen a zalo\u017e\u00edme spole\u010dnost, kter\u00e1 bude lidem usnad\u0148ovat \u017eivot.<\/p>\n<p>Nejsme jen dal\u0161\u00ed firma na trhu, kter\u00e1 vyd\u011bl\u00e1v\u00e1 na druh\u00e9, ale skute\u010dn\u011b pom\u00e1h\u00e1me lidem, kte\u0159\u00ed maj\u00ed chu\u0165 vycestovat do zahrani\u010d\u00ed a pracovat na sv\u00e9 budoucnosti. Zprost\u0159edkov\u00e1v\u00e1me na\u0161im klient\u016fm od <strong>A<\/strong> do <strong>Z<\/strong> v\u0161e pot\u0159ebn\u00e9, k \u010demu\u017e n\u00e1m dopomohly na\u0161e zku\u0161enosti, o kter\u00fdch se m\u016f\u017eete do\u010d\u00edst n\u00ed\u017ee. Setkali jsme se s negativn\u00edm p\u0159\u00edstupem, zav\u00e1d\u011bn\u00edm as nespr\u00e1vn\u00fdmi informacemi ohledn\u011b ubytov\u00e1n\u00ed, ale is nep\u0159esn\u00fdm popisem pracovn\u00ed pozice o n\u00e1plni pr\u00e1ce.<\/p>\n<p>\u00a0<\/p>\n<p><strong>Vil\u00e9m<\/strong> &#8211; Jsem p\u016fvodem ze Slovenska, kde jsem vyr\u016fstal a tak\u00e9 studoval. Ve dvaceti letech jsem odcestoval do Nizozemska, kde jsem d\u011blal Koordin\u00e1tora pro jednu z nejv\u011bt\u0161\u00edch person\u00e1ln\u00edch agentur v zemi.<\/p>\n<ul>\n<li>Jsem velmi aktivn\u00ed \u010dlov\u011bk, kter\u00fd se neust\u00e1le u\u010d\u00ed nov\u00fdm v\u011bcem<\/li>\n<li>V\u00edce ne\u017e 7 let podnik\u00e1m ve finan\u010dn\u00edm sektoru<\/li>\n<li>Mluv\u00edm \u010desky, anglicky, ma\u010farsky, polsky a holandsky<\/li>\n<\/ul>\n<p>\u00a0<\/p>\n<p><strong>Anna<\/strong> &#8211; J\u00e1 jsem p\u016fvodem z Bulharska, kde jsem vyr\u016fstala a tak\u00e9 studovala.<br \/>U\u017e v\u00edce ne\u017e p\u011bt let ale \u017eiji na Slovensku.<\/p>\n<ul>\n<li>Pracovala jsem, jako Konzultantka pro slovenskou person\u00e1ln\u00ed agenturu t\u0159i roky<\/li>\n<li>T\u00e9m\u011b\u0159 \u010dty\u0159i roky jsem d\u011blala na v\u00fdletn\u00ed lodi. Za tu dobu jsem si m\u011bla mo\u017enost vyzkou\u0161et mnoho zaj\u00edmav\u00fdch pracovn\u00edch pozic, jako nap\u0159\u00edklad serv\u00edrka, Barchef, Assistant maitre, nebo i recep\u010dn\u00ed<\/li>\n<li>Moment\u00e1ln\u011b se u\u010d\u00edm, jak b\u00fdt ta nejlep\u0161\u00ed m\u00e1ma pro na\u0161eho novorozen\u00e9ho syna<\/li>\n<li>Mluv\u00edm bulharsky, slovensky, n\u011bmecky, anglicky a rusky<\/li>\n<\/ul>\n<p>D\u00edky na\u0161im zku\u0161enostem a odhodl\u00e1n\u00ed v\u011b\u0159\u00edme, \u017ee jsme se rozhodli pro spr\u00e1vnou cestu, kde se dok\u00e1\u017eeme postarat io ty nejmen\u0161\u00ed detaily a klienti se na n\u00e1s mohou v\u017edy spolehnout.<\/p>\n<p>Spojuje n\u00e1s touha pomoci lidem, jak se dostat k lep\u0161\u00ed pracovn\u00ed p\u0159\u00edle\u017eitosti a t\u00edm zlep\u0161it \u017eivotn\u00ed \u00farove\u0148 pro na\u0161e klienty.<\/p>\n\t\t\t<\/div>\n\t\n\n\t\t<\/div>\n\t\t\t\t\t<\/div>\n\n\t\n\n\n<style>\n#row-68573197 > .col > .col-inner {\n  padding: 40px 10px 0px 10px;\n}\n@media (min-width:550px) {\n  #row-68573197 > .col > .col-inner {\n    padding: 50px 10px 0px 10px;\n  }\n}\n@media (min-width:850px) {\n  #row-68573197 > .col > .col-inner {\n    padding: 100px 10px 0px 10px;\n  }\n}\n<\/style>\n<\/div>\n<div class=\"row row-collapse align-middle align-center\"  id=\"row-1175506501\">\n\n\n\t<div id=\"col-1433758788\" class=\"col small-12 large-12\"  >\n\t\t\t\t<div class=\"col-inner\"  >\n\t\t\t\n\t\t\t\n\n\t<div class=\"img has-hover x md-x lg-x y md-y lg-y\" id=\"image_1239800758\">\n\t\t\t\t\t\t\t\t<div class=\"img-inner dark\" >\n\t\t\t<img width=\"2000\" height=\"1000\" src=\"https:\/\/www.viakris.eu\/wp-content\/uploads\/o-nas-v-1.jpg\" class=\"attachment-original size-original\" alt=\"\" decoding=\"async\" \/>\t\t\t\t\t\t\n\t\t\t\t\t<\/div>\n\t\t\t\t\t\t\t\t\n<style>\n#image_1239800758 {\n  width: 100%;\n}\n@media (min-width:550px) {\n  #image_1239800758 {\n    width: 100%;\n  }\n}\n@media (min-width:850px) {\n  #image_1239800758 {\n    width: 100%;\n  }\n}\n<\/style>\n\t<\/div>\n\t\n\n\n\t\t<\/div>\n\t\t\t\t\t<\/div>\n\n\t\n\n\n<style>\n#row-1175506501 > .col > .col-inner {\n  padding: 0px 0px 40px 0px;\n}\n@media (min-width:550px) {\n  #row-1175506501 > .col > .col-inner {\n    padding: 0px 0px 60px 0px;\n  }\n}\n@media (min-width:850px) {\n  #row-1175506501 > .col > .col-inner {\n    padding: 0px 0px 100px 0px;\n  }\n}\n<\/style>\n<\/div>\n\n","protected":false},"excerpt":{"rendered":"","protected":false},"author":1,"featured_media":0,"parent":0,"menu_order":0,"comment_status":"closed","ping_status":"closed","template":"page-blank.php","meta":{"footnotes":""},"yoast_head":"<!-- This site is optimized with the Yoast SEO plugin v21.4 - https:\/\/yoast.com\/wordpress\/plugins\/seo\/ -->\n<title>O n\u00e1s - Viakris<\/title>\n<meta name=\"description\" content=\"V\u010faka na\u0161im sk\u00fasenostiam a odhodlaniu ver\u00edme, \u017ee sme sa rozhodli pre spravnu cestu a dok\u00e1\u017eeme sa postarat aj o tie najmen\u0161ie detaily a klienti\" \/>\n<meta name=\"robots\" content=\"index, follow, max-snippet:-1, max-image-preview:large, max-video-preview:-1\" \/>\n<link rel=\"canonical\" href=\"https:\/\/www.viakris.eu\/cs\/o-nas\/\" \/>\n<meta property=\"og:locale\" content=\"cs_CZ\" \/>\n<meta property=\"og:type\" content=\"article\" \/>\n<meta property=\"og:title\" content=\"O n\u00e1s - Viakris\" \/>\n<meta property=\"og:description\" content=\"V\u010faka na\u0161im sk\u00fasenostiam a odhodlaniu ver\u00edme, \u017ee sme sa rozhodli pre spravnu cestu a dok\u00e1\u017eeme sa postarat aj o tie najmen\u0161ie detaily a klienti\" \/>\n<meta property=\"og:url\" content=\"https:\/\/www.viakris.eu\/cs\/o-nas\/\" \/>\n<meta property=\"og:site_name\" content=\"Viakris\" \/>\n<meta property=\"article:publisher\" content=\"https:\/\/www.facebook.com\/profile.php?id=100091984939661\" \/>\n<meta property=\"article:modified_time\" content=\"2023-05-22T11:05:50+00:00\" \/>\n<meta name=\"twitter:card\" content=\"summary_large_image\" \/>\n<meta name=\"twitter:label1\" content=\"Odhadovan\u00e1 doba \u010dten\u00ed\" \/>\n\t<meta name=\"twitter:data1\" content=\"2 minuty\" \/>\n<script type=\"application\/ld+json\" class=\"yoast-schema-graph\">{\"@context\":\"https:\/\/schema.org\",\"@graph\":[{\"@type\":\"WebPage\",\"@id\":\"https:\/\/www.viakris.eu\/cs\/o-nas\/\",\"url\":\"https:\/\/www.viakris.eu\/cs\/o-nas\/\",\"name\":\"O n\u00e1s - Viakris\",\"isPartOf\":{\"@id\":\"https:\/\/www.viakris.eu\/cs\/#website\"},\"datePublished\":\"2017-08-04T09:13:36+00:00\",\"dateModified\":\"2023-05-22T11:05:50+00:00\",\"description\":\"V\u010faka na\u0161im sk\u00fasenostiam a odhodlaniu ver\u00edme, \u017ee sme sa rozhodli pre spravnu cestu a dok\u00e1\u017eeme sa postarat aj o tie najmen\u0161ie detaily a klienti\",\"breadcrumb\":{\"@id\":\"https:\/\/www.viakris.eu\/cs\/o-nas\/#breadcrumb\"},\"inLanguage\":\"cs\",\"potentialAction\":[{\"@type\":\"ReadAction\",\"target\":[\"https:\/\/www.viakris.eu\/cs\/o-nas\/\"]}]},{\"@type\":\"BreadcrumbList\",\"@id\":\"https:\/\/www.viakris.eu\/cs\/o-nas\/#breadcrumb\",\"itemListElement\":[{\"@type\":\"ListItem\",\"position\":1,\"name\":\"Home\",\"item\":\"https:\/\/www.viakris.eu\/cs\/\"},{\"@type\":\"ListItem\",\"position\":2,\"name\":\"O n\u00e1s\"}]},{\"@type\":\"WebSite\",\"@id\":\"https:\/\/www.viakris.eu\/cs\/#website\",\"url\":\"https:\/\/www.viakris.eu\/cs\/\",\"name\":\"Viakris\",\"description\":\"N\u00e1jdi si pr\u00e1cu v zahrani\u010d\u00ed. Sprostredkujeme ti ju zdarma.\",\"publisher\":{\"@id\":\"https:\/\/www.viakris.eu\/cs\/#organization\"},\"alternateName\":\"Viakris\",\"potentialAction\":[{\"@type\":\"SearchAction\",\"target\":{\"@type\":\"EntryPoint\",\"urlTemplate\":\"https:\/\/www.viakris.eu\/cs\/?s={search_term_string}\"},\"query-input\":\"required name=search_term_string\"}],\"inLanguage\":\"cs\"},{\"@type\":\"Organization\",\"@id\":\"https:\/\/www.viakris.eu\/cs\/#organization\",\"name\":\"Viakris\",\"alternateName\":\"Viakris\",\"url\":\"https:\/\/www.viakris.eu\/cs\/\",\"logo\":{\"@type\":\"ImageObject\",\"inLanguage\":\"cs\",\"@id\":\"https:\/\/www.viakris.eu\/cs\/#\/schema\/logo\/image\/\",\"url\":\"https:\/\/www.viakris.eu\/wp-content\/uploads\/viakris_logo_1.svg\",\"contentUrl\":\"https:\/\/www.viakris.eu\/wp-content\/uploads\/viakris_logo_1.svg\",\"width\":1,\"height\":1,\"caption\":\"Viakris\"},\"image\":{\"@id\":\"https:\/\/www.viakris.eu\/cs\/#\/schema\/logo\/image\/\"},\"sameAs\":[\"https:\/\/www.facebook.com\/profile.php?id=100091984939661\",\"https:\/\/www.instagram.com\/viakris.eu\/\"]}]}<\/script>\n<!-- \/ Yoast SEO plugin. -->","yoast_head_json":{"title":"O n\u00e1s - Viakris","description":"V\u010faka na\u0161im sk\u00fasenostiam a odhodlaniu ver\u00edme, \u017ee sme sa rozhodli pre spravnu cestu a dok\u00e1\u017eeme sa postarat aj o tie najmen\u0161ie detaily a klienti","robots":{"index":"index","follow":"follow","max-snippet":"max-snippet:-1","max-image-preview":"max-image-preview:large","max-video-preview":"max-video-preview:-1"},"canonical":"https:\/\/www.viakris.eu\/cs\/o-nas\/","og_locale":"cs_CZ","og_type":"article","og_title":"O n\u00e1s - Viakris","og_description":"V\u010faka na\u0161im sk\u00fasenostiam a odhodlaniu ver\u00edme, \u017ee sme sa rozhodli pre spravnu cestu a dok\u00e1\u017eeme sa postarat aj o tie najmen\u0161ie detaily a klienti","og_url":"https:\/\/www.viakris.eu\/cs\/o-nas\/","og_site_name":"Viakris","article_publisher":"https:\/\/www.facebook.com\/profile.php?id=100091984939661","article_modified_time":"2023-05-22T11:05:50+00:00","twitter_card":"summary_large_image","twitter_misc":{"Odhadovan\u00e1 doba \u010dten\u00ed":"2 minuty"},"schema":{"@context":"https:\/\/schema.org","@graph":[{"@type":"WebPage","@id":"https:\/\/www.viakris.eu\/cs\/o-nas\/","url":"https:\/\/www.viakris.eu\/cs\/o-nas\/","name":"O n\u00e1s - Viakris","isPartOf":{"@id":"https:\/\/www.viakris.eu\/cs\/#website"},"datePublished":"2017-08-04T09:13:36+00:00","dateModified":"2023-05-22T11:05:50+00:00","description":"V\u010faka na\u0161im sk\u00fasenostiam a odhodlaniu ver\u00edme, \u017ee sme sa rozhodli pre spravnu cestu a dok\u00e1\u017eeme sa postarat aj o tie najmen\u0161ie detaily a klienti","breadcrumb":{"@id":"https:\/\/www.viakris.eu\/cs\/o-nas\/#breadcrumb"},"inLanguage":"cs","potentialAction":[{"@type":"ReadAction","target":["https:\/\/www.viakris.eu\/cs\/o-nas\/"]}]},{"@type":"BreadcrumbList","@id":"https:\/\/www.viakris.eu\/cs\/o-nas\/#breadcrumb","itemListElement":[{"@type":"ListItem","position":1,"name":"Home","item":"https:\/\/www.viakris.eu\/cs\/"},{"@type":"ListItem","position":2,"name":"O n\u00e1s"}]},{"@type":"WebSite","@id":"https:\/\/www.viakris.eu\/cs\/#website","url":"https:\/\/www.viakris.eu\/cs\/","name":"Viakris","description":"N\u00e1jdi si pr\u00e1cu v zahrani\u010d\u00ed. Sprostredkujeme ti ju zdarma.","publisher":{"@id":"https:\/\/www.viakris.eu\/cs\/#organization"},"alternateName":"Viakris","potentialAction":[{"@type":"SearchAction","target":{"@type":"EntryPoint","urlTemplate":"https:\/\/www.viakris.eu\/cs\/?s={search_term_string}"},"query-input":"required name=search_term_string"}],"inLanguage":"cs"},{"@type":"Organization","@id":"https:\/\/www.viakris.eu\/cs\/#organization","name":"Viakris","alternateName":"Viakris","url":"https:\/\/www.viakris.eu\/cs\/","logo":{"@type":"ImageObject","inLanguage":"cs","@id":"https:\/\/www.viakris.eu\/cs\/#\/schema\/logo\/image\/","url":"https:\/\/www.viakris.eu\/wp-content\/uploads\/viakris_logo_1.svg","contentUrl":"https:\/\/www.viakris.eu\/wp-content\/uploads\/viakris_logo_1.svg","width":1,"height":1,"caption":"Viakris"},"image":{"@id":"https:\/\/www.viakris.eu\/cs\/#\/schema\/logo\/image\/"},"sameAs":["https:\/\/www.facebook.com\/profile.php?id=100091984939661","https:\/\/www.instagram.com\/viakris.eu\/"]}]}},"_links":{"self":[{"href":"https:\/\/www.viakris.eu\/cs\/wp-json\/wp\/v2\/pages\/2268"}],"collection":[{"href":"https:\/\/www.viakris.eu\/cs\/wp-json\/wp\/v2\/pages"}],"about":[{"href":"https:\/\/www.viakris.eu\/cs\/wp-json\/wp\/v2\/types\/page"}],"author":[{"embeddable":true,"href":"https:\/\/www.viakris.eu\/cs\/wp-json\/wp\/v2\/users\/1"}],"replies":[{"embeddable":true,"href":"https:\/\/www.viakris.eu\/cs\/wp-json\/wp\/v2\/comments?post=2268"}],"version-history":[{"count":0,"href":"https:\/\/www.viakris.eu\/cs\/wp-json\/wp\/v2\/pages\/2268\/revisions"}],"wp:attachment":[{"href":"https:\/\/www.viakris.eu\/cs\/wp-json\/wp\/v2\/media?parent=2268"}],"curies":[{"name":"wp","href":"https:\/\/api.w.org\/{rel}","templated":true}]}}