{"id":2099,"date":"2017-08-04T11:13:36","date_gmt":"2017-08-04T09:13:36","guid":{"rendered":"https:\/\/www.viakris.eu\/1684400471590\/o-nas\/"},"modified":"2023-05-22T12:50:07","modified_gmt":"2023-05-22T10:50:07","slug":"o-nas","status":"publish","type":"page","link":"https:\/\/www.viakris.eu\/pl\/o-nas\/","title":{"rendered":"O nas"},"content":{"rendered":"\n<div class=\"row\"  id=\"row-1703542729\">\n\n\n\t<div id=\"col-841225457\" class=\"col small-12 large-12\"  >\n\t\t\t\t<div class=\"col-inner\"  >\n\t\t\t\n\t\t\t\n\n<h1>O NAS<\/h1>\n\n\t<div id=\"gap-1951226580\" class=\"gap-element clearfix\" style=\"display:block; height:auto;\">\n\t\t\n<style>\n#gap-1951226580 {\n  padding-top: 0px;\n}\n@media (min-width:550px) {\n  #gap-1951226580 {\n    padding-top: 0px;\n  }\n}\n@media (min-width:850px) {\n  #gap-1951226580 {\n    padding-top: 50px;\n  }\n}\n<\/style>\n\t<\/div>\n\t\n\n\t<div id=\"text-3786692924\" class=\"text bw--checkmark\">\n\t\t\n\n<p>Jeste\u015bmy firm\u0105, kt\u00f3ra koncentruje si\u0119 na po\u015brednictwie pracy za granic\u0105.<\/p>\n<p>\u00a0<\/p>\n<p>Dzwoni\u0119 z <strong>Viliamem<\/strong> i razem z moj\u0105 partnerk\u0105 <strong>Ann\u0105<\/strong> postanowili\u015bmy spe\u0142ni\u0107 nasze marzenie i znale\u017a\u0107 firm\u0119, kt\u00f3ra u\u0142atwi ludziom \u017cycie.<\/p>\n<p>Nie jeste\u015bmy kolejn\u0105 firm\u0105 na rynku, kt\u00f3ra zarabia na innych, ale naprawd\u0119 pomagamy ludziom, kt\u00f3rzy chc\u0105 wyjecha\u0107 za granic\u0119 i pracowa\u0107 nad swoj\u0105 przysz\u0142o\u015bci\u0105. Zapewniamy naszym klientom wszystko, co niezb\u0119dne od <strong>A<\/strong> do <strong>Z<\/strong>, w czym pomog\u0142o nam nasze do\u015bwiadczenie, o kt\u00f3rym mo\u017cecie przeczyta\u0107 poni\u017cej. Spotkali\u015bmy si\u0119 z negatywnym nastawieniem, dezinformacj\u0105 i b\u0142\u0119dnymi informacjami dotycz\u0105cymi zakwaterowania, a tak\u017ce niedok\u0142adnym opisem opisu stanowiska.<\/p>\n<p>\u00a0<\/p>\n<p><strong>Viliam<\/strong> \u2013 Pochodz\u0119 ze S\u0142owacji, gdzie dorasta\u0142em i studiowa\u0142em. W wieku dwudziestu lat wyjecha\u0142am do Holandii, gdzie pracowa\u0142am jako Koordynator w jednej z najwi\u0119kszych agencji rekrutacyjnych w kraju.<\/p>\n<ul>\n<li>Jestem bardzo aktywn\u0105 osob\u0105, kt\u00f3ra ci\u0105gle uczy si\u0119 nowych rzeczy<\/li>\n<li>Od ponad 7 lat prowadz\u0119 dzia\u0142alno\u015b\u0107 w sektorze finansowym<\/li>\n<li>M\u00f3wi\u0119 po s\u0142owacku, angielsku, w\u0119giersku, polsku i holendersku<\/li>\n<\/ul>\n<p>\u00a0<\/p>\n<p><strong>Anna<\/strong> \u2013 Pochodz\u0119 z Bu\u0142garii, gdzie dorasta\u0142am, a tak\u017ce studiowa\u0142am.<br \/>Ale mieszkam na S\u0142owacji od ponad pi\u0119ciu lat.<\/p>\n<p>Przez trzy lata pracowa\u0142em jako konsultant w s\u0142owackiej agencji personalnej<br \/>Pracowa\u0142em na statku wycieczkowym przez prawie cztery lata. W tym czasie mia\u0142am okazj\u0119 wypr\u00f3bowa\u0107 wiele ciekawych stanowisk, takich jak kelnerka, barman, asystent maitre d&#8217;, czy recepcjonistka.<\/p>\n<ul>\n<li>Obecnie ucz\u0119 si\u0119, jak by\u0107 najlepsz\u0105 mam\u0105, jak\u0105 mog\u0119 by\u0107 dla naszego nowonarodzonego syna<\/li>\n<li>M\u00f3wi\u0119 po bu\u0142garsku, s\u0142owacku, niemiecku, angielsku i rosyjsku<\/li>\n<\/ul>\n<p>\u00a0<\/p>\n<p>Dzi\u0119ki naszemu do\u015bwiadczeniu i determinacji wierzymy, \u017ce wybrali\u015bmy w\u0142a\u015bciw\u0105 drog\u0119, na kt\u00f3rej mo\u017cemy zadba\u0107 o najdrobniejsze szczeg\u00f3\u0142y, a klienci zawsze mog\u0105 na nas polega\u0107.<\/p>\n<p>\u0141\u0105czy nas ch\u0119\u0107 pomocy ludziom w znalezieniu lepszej pracy, a tym samym poprawy standardu \u017cycia naszych klient\u00f3w.<\/p>\n\t\t\t<\/div>\n\t\n\n\t\t<\/div>\n\t\t\t\t\t<\/div>\n\n\t\n\n\n<style>\n#row-1703542729 > .col > .col-inner {\n  padding: 40px 10px 0px 10px;\n}\n@media (min-width:550px) {\n  #row-1703542729 > .col > .col-inner {\n    padding: 50px 10px 0px 10px;\n  }\n}\n@media (min-width:850px) {\n  #row-1703542729 > .col > .col-inner {\n    padding: 100px 10px 0px 10px;\n  }\n}\n<\/style>\n<\/div>\n<div class=\"row row-collapse align-middle align-center\"  id=\"row-1718620156\">\n\n\n\t<div id=\"col-622164315\" class=\"col small-12 large-12\"  >\n\t\t\t\t<div class=\"col-inner\"  >\n\t\t\t\n\t\t\t\n\n\t<div class=\"img has-hover x md-x lg-x y md-y lg-y\" id=\"image_283335329\">\n\t\t\t\t\t\t\t\t<div class=\"img-inner dark\" >\n\t\t\t<img width=\"2000\" height=\"1000\" src=\"https:\/\/www.viakris.eu\/wp-content\/uploads\/o-nas-v-1.jpg\" class=\"attachment-original size-original\" alt=\"\" decoding=\"async\" \/>\t\t\t\t\t\t\n\t\t\t\t\t<\/div>\n\t\t\t\t\t\t\t\t\n<style>\n#image_283335329 {\n  width: 100%;\n}\n@media (min-width:550px) {\n  #image_283335329 {\n    width: 100%;\n  }\n}\n@media (min-width:850px) {\n  #image_283335329 {\n    width: 100%;\n  }\n}\n<\/style>\n\t<\/div>\n\t\n\n\n\t\t<\/div>\n\t\t\t\t\t<\/div>\n\n\t\n\n\n<style>\n#row-1718620156 > .col > .col-inner {\n  padding: 0px 0px 40px 0px;\n}\n@media (min-width:550px) {\n  #row-1718620156 > .col > .col-inner {\n    padding: 0px 0px 60px 0px;\n  }\n}\n@media (min-width:850px) {\n  #row-1718620156 > .col > .col-inner {\n    padding: 0px 0px 100px 0px;\n  }\n}\n<\/style>\n<\/div>\n\n","protected":false},"excerpt":{"rendered":"","protected":false},"author":1,"featured_media":0,"parent":0,"menu_order":0,"comment_status":"closed","ping_status":"closed","template":"page-blank.php","meta":{"footnotes":""},"yoast_head":"<!-- This site is optimized with the Yoast SEO plugin v21.4 - https:\/\/yoast.com\/wordpress\/plugins\/seo\/ -->\n<title>O nas - Viakris<\/title>\n<meta name=\"description\" content=\"V\u010faka na\u0161im sk\u00fasenostiam a odhodlaniu ver\u00edme, \u017ee sme sa rozhodli pre spravnu cestu a dok\u00e1\u017eeme sa postarat aj o tie najmen\u0161ie detaily a klienti\" \/>\n<meta name=\"robots\" content=\"index, follow, max-snippet:-1, max-image-preview:large, max-video-preview:-1\" \/>\n<link rel=\"canonical\" href=\"https:\/\/www.viakris.eu\/pl\/o-nas\/\" \/>\n<meta property=\"og:locale\" content=\"pl_PL\" \/>\n<meta property=\"og:type\" content=\"article\" \/>\n<meta property=\"og:title\" content=\"O nas - Viakris\" \/>\n<meta property=\"og:description\" content=\"V\u010faka na\u0161im sk\u00fasenostiam a odhodlaniu ver\u00edme, \u017ee sme sa rozhodli pre spravnu cestu a dok\u00e1\u017eeme sa postarat aj o tie najmen\u0161ie detaily a klienti\" \/>\n<meta property=\"og:url\" content=\"https:\/\/www.viakris.eu\/pl\/o-nas\/\" \/>\n<meta property=\"og:site_name\" content=\"Viakris\" \/>\n<meta property=\"article:publisher\" content=\"https:\/\/www.facebook.com\/profile.php?id=100091984939661\" \/>\n<meta property=\"article:modified_time\" content=\"2023-05-22T10:50:07+00:00\" \/>\n<meta name=\"twitter:card\" content=\"summary_large_image\" \/>\n<meta name=\"twitter:label1\" content=\"Szacowany czas czytania\" \/>\n\t<meta name=\"twitter:data1\" content=\"2 minuty\" \/>\n<script type=\"application\/ld+json\" class=\"yoast-schema-graph\">{\"@context\":\"https:\/\/schema.org\",\"@graph\":[{\"@type\":\"WebPage\",\"@id\":\"https:\/\/www.viakris.eu\/pl\/o-nas\/\",\"url\":\"https:\/\/www.viakris.eu\/pl\/o-nas\/\",\"name\":\"O nas - Viakris\",\"isPartOf\":{\"@id\":\"https:\/\/www.viakris.eu\/pl\/#website\"},\"datePublished\":\"2017-08-04T09:13:36+00:00\",\"dateModified\":\"2023-05-22T10:50:07+00:00\",\"description\":\"V\u010faka na\u0161im sk\u00fasenostiam a odhodlaniu ver\u00edme, \u017ee sme sa rozhodli pre spravnu cestu a dok\u00e1\u017eeme sa postarat aj o tie najmen\u0161ie detaily a klienti\",\"breadcrumb\":{\"@id\":\"https:\/\/www.viakris.eu\/pl\/o-nas\/#breadcrumb\"},\"inLanguage\":\"pl-PL\",\"potentialAction\":[{\"@type\":\"ReadAction\",\"target\":[\"https:\/\/www.viakris.eu\/pl\/o-nas\/\"]}]},{\"@type\":\"BreadcrumbList\",\"@id\":\"https:\/\/www.viakris.eu\/pl\/o-nas\/#breadcrumb\",\"itemListElement\":[{\"@type\":\"ListItem\",\"position\":1,\"name\":\"Home\",\"item\":\"https:\/\/www.viakris.eu\/pl\/\"},{\"@type\":\"ListItem\",\"position\":2,\"name\":\"O nas\"}]},{\"@type\":\"WebSite\",\"@id\":\"https:\/\/www.viakris.eu\/pl\/#website\",\"url\":\"https:\/\/www.viakris.eu\/pl\/\",\"name\":\"Viakris\",\"description\":\"N\u00e1jdi si pr\u00e1cu v zahrani\u010d\u00ed. Sprostredkujeme ti ju zdarma.\",\"publisher\":{\"@id\":\"https:\/\/www.viakris.eu\/pl\/#organization\"},\"alternateName\":\"Viakris\",\"potentialAction\":[{\"@type\":\"SearchAction\",\"target\":{\"@type\":\"EntryPoint\",\"urlTemplate\":\"https:\/\/www.viakris.eu\/pl\/?s={search_term_string}\"},\"query-input\":\"required name=search_term_string\"}],\"inLanguage\":\"pl-PL\"},{\"@type\":\"Organization\",\"@id\":\"https:\/\/www.viakris.eu\/pl\/#organization\",\"name\":\"Viakris\",\"alternateName\":\"Viakris\",\"url\":\"https:\/\/www.viakris.eu\/pl\/\",\"logo\":{\"@type\":\"ImageObject\",\"inLanguage\":\"pl-PL\",\"@id\":\"https:\/\/www.viakris.eu\/pl\/#\/schema\/logo\/image\/\",\"url\":\"https:\/\/www.viakris.eu\/wp-content\/uploads\/viakris_logo_1.svg\",\"contentUrl\":\"https:\/\/www.viakris.eu\/wp-content\/uploads\/viakris_logo_1.svg\",\"width\":1,\"height\":1,\"caption\":\"Viakris\"},\"image\":{\"@id\":\"https:\/\/www.viakris.eu\/pl\/#\/schema\/logo\/image\/\"},\"sameAs\":[\"https:\/\/www.facebook.com\/profile.php?id=100091984939661\",\"https:\/\/www.instagram.com\/viakris.eu\/\"]}]}<\/script>\n<!-- \/ Yoast SEO plugin. -->","yoast_head_json":{"title":"O nas - Viakris","description":"V\u010faka na\u0161im sk\u00fasenostiam a odhodlaniu ver\u00edme, \u017ee sme sa rozhodli pre spravnu cestu a dok\u00e1\u017eeme sa postarat aj o tie najmen\u0161ie detaily a klienti","robots":{"index":"index","follow":"follow","max-snippet":"max-snippet:-1","max-image-preview":"max-image-preview:large","max-video-preview":"max-video-preview:-1"},"canonical":"https:\/\/www.viakris.eu\/pl\/o-nas\/","og_locale":"pl_PL","og_type":"article","og_title":"O nas - Viakris","og_description":"V\u010faka na\u0161im sk\u00fasenostiam a odhodlaniu ver\u00edme, \u017ee sme sa rozhodli pre spravnu cestu a dok\u00e1\u017eeme sa postarat aj o tie najmen\u0161ie detaily a klienti","og_url":"https:\/\/www.viakris.eu\/pl\/o-nas\/","og_site_name":"Viakris","article_publisher":"https:\/\/www.facebook.com\/profile.php?id=100091984939661","article_modified_time":"2023-05-22T10:50:07+00:00","twitter_card":"summary_large_image","twitter_misc":{"Szacowany czas czytania":"2 minuty"},"schema":{"@context":"https:\/\/schema.org","@graph":[{"@type":"WebPage","@id":"https:\/\/www.viakris.eu\/pl\/o-nas\/","url":"https:\/\/www.viakris.eu\/pl\/o-nas\/","name":"O nas - Viakris","isPartOf":{"@id":"https:\/\/www.viakris.eu\/pl\/#website"},"datePublished":"2017-08-04T09:13:36+00:00","dateModified":"2023-05-22T10:50:07+00:00","description":"V\u010faka na\u0161im sk\u00fasenostiam a odhodlaniu ver\u00edme, \u017ee sme sa rozhodli pre spravnu cestu a dok\u00e1\u017eeme sa postarat aj o tie najmen\u0161ie detaily a klienti","breadcrumb":{"@id":"https:\/\/www.viakris.eu\/pl\/o-nas\/#breadcrumb"},"inLanguage":"pl-PL","potentialAction":[{"@type":"ReadAction","target":["https:\/\/www.viakris.eu\/pl\/o-nas\/"]}]},{"@type":"BreadcrumbList","@id":"https:\/\/www.viakris.eu\/pl\/o-nas\/#breadcrumb","itemListElement":[{"@type":"ListItem","position":1,"name":"Home","item":"https:\/\/www.viakris.eu\/pl\/"},{"@type":"ListItem","position":2,"name":"O nas"}]},{"@type":"WebSite","@id":"https:\/\/www.viakris.eu\/pl\/#website","url":"https:\/\/www.viakris.eu\/pl\/","name":"Viakris","description":"N\u00e1jdi si pr\u00e1cu v zahrani\u010d\u00ed. Sprostredkujeme ti ju zdarma.","publisher":{"@id":"https:\/\/www.viakris.eu\/pl\/#organization"},"alternateName":"Viakris","potentialAction":[{"@type":"SearchAction","target":{"@type":"EntryPoint","urlTemplate":"https:\/\/www.viakris.eu\/pl\/?s={search_term_string}"},"query-input":"required name=search_term_string"}],"inLanguage":"pl-PL"},{"@type":"Organization","@id":"https:\/\/www.viakris.eu\/pl\/#organization","name":"Viakris","alternateName":"Viakris","url":"https:\/\/www.viakris.eu\/pl\/","logo":{"@type":"ImageObject","inLanguage":"pl-PL","@id":"https:\/\/www.viakris.eu\/pl\/#\/schema\/logo\/image\/","url":"https:\/\/www.viakris.eu\/wp-content\/uploads\/viakris_logo_1.svg","contentUrl":"https:\/\/www.viakris.eu\/wp-content\/uploads\/viakris_logo_1.svg","width":1,"height":1,"caption":"Viakris"},"image":{"@id":"https:\/\/www.viakris.eu\/pl\/#\/schema\/logo\/image\/"},"sameAs":["https:\/\/www.facebook.com\/profile.php?id=100091984939661","https:\/\/www.instagram.com\/viakris.eu\/"]}]}},"_links":{"self":[{"href":"https:\/\/www.viakris.eu\/pl\/wp-json\/wp\/v2\/pages\/2099"}],"collection":[{"href":"https:\/\/www.viakris.eu\/pl\/wp-json\/wp\/v2\/pages"}],"about":[{"href":"https:\/\/www.viakris.eu\/pl\/wp-json\/wp\/v2\/types\/page"}],"author":[{"embeddable":true,"href":"https:\/\/www.viakris.eu\/pl\/wp-json\/wp\/v2\/users\/1"}],"replies":[{"embeddable":true,"href":"https:\/\/www.viakris.eu\/pl\/wp-json\/wp\/v2\/comments?post=2099"}],"version-history":[{"count":0,"href":"https:\/\/www.viakris.eu\/pl\/wp-json\/wp\/v2\/pages\/2099\/revisions"}],"wp:attachment":[{"href":"https:\/\/www.viakris.eu\/pl\/wp-json\/wp\/v2\/media?parent=2099"}],"curies":[{"name":"wp","href":"https:\/\/api.w.org\/{rel}","templated":true}]}}