{"id":2104,"date":"2018-04-22T09:48:47","date_gmt":"2018-04-22T07:48:47","guid":{"rendered":"https:\/\/www.viakris.eu\/1684400471590\/ochrana-osobnych-udajov\/"},"modified":"2023-05-25T20:56:07","modified_gmt":"2023-05-25T18:56:07","slug":"ochrona-danych-osobowych","status":"publish","type":"page","link":"https:\/\/www.viakris.eu\/pl\/ochrona-danych-osobowych\/","title":{"rendered":"Ochrona danych osobowych"},"content":{"rendered":"\n<div class=\"row align-middle align-center\"  id=\"row-1713018854\">\n\n\n\t<div id=\"col-1551787117\" class=\"col small-12 large-12\"  >\n\t\t\t\t<div class=\"col-inner\"  >\n\t\t\t\n\t\t\t\n\n<h1 class=\"p2\"><b>Informacje dotycza\u0328ce przetwarzania danych osobowych <\/b><\/h1>\n<p class=\"p2\">W zwia\u0328zku z rozporza\u0328dzeniem Parlamentu Europejskiego i Rady (UE) 2016\/679 z dnia 27 kwietnia 2016 r. w sprawie ochrony os\u00f3b fizycznych w zwia\u0328zku z przetwarzaniem danych osobowych i w sprawie swobodnego przep\u0142ywu takich danych oraz uchylenia dyrektywy 95\/46\/WE (og\u00f3lne rozporza\u0328dzenie o ochronie danych) oraz ustawa\u0328 nr 18\/2018 Coll. o ochronie danych osobowych, spe\u0142niamy obowia\u0328zek informacyjny w zwia\u0328zku z przetwarzaniem Twoich danych osobowych.<\/p>\n<p class=\"p2\"><b>Kto jest administratorem danych osobowych uz\u0307ytkownika? <\/b><\/p>\n<p class=\"p2\">Administratorem Twoich danych osobowych jest VIAKRIS s.r.o. Jesensk\u00e9ho 68\/8 957 01 B\u00e1novce nad Bebravou, IC\u030cO: 55169554, DIC\u030c: 2121894511<\/p>\n<p class=\"p2\">Administratorzy wyznaczyli Inspektora Ochrony Danych, z kt\u00f3rym moz\u0307na skontaktowac\u0301 sie\u0328 za pos\u0301rednictwem poczty elektronicznej pod adresem: viakris@viakris.eu.<\/p>\n<p class=\"p2\"><b>W jakich celach przetwarzamy dane osobowe uz\u0307ytkownik\u00f3w i jaka jest podstawa prawna ich przetwarzania? <\/b><\/p>\n<p class=\"p2\"><b>Przetwarzanie na podstawie umowy i stosunk\u00f3w przedumownych: <\/b><\/p>\n<p class=\"p2\">W zwia\u0328zku ze sprzedaz\u0307a\u0328 naszych us\u0142ug przetwarzamy dane osobowe uz\u0307ytkownika <b>na podstawie umowy <\/b>i jestes\u0301my uprawnieni do ich przetwarzania <b>bez zgody uz\u0307ytkownika. <\/b><\/p>\n<p class=\"p2\"><b>Przetwarzanie na podstawie zgody: <\/b><\/p>\n<p class=\"p2\">Przetwarzamy Twoje dane osobowe w celach marketingowych, za pos\u0301rednictwem kt\u00f3rych informujemy Cie\u0328 o nowos\u0301ciach i zmianach zwia\u0328zanych z naszymi us\u0142ugami. Moz\u0307emy je przetwarzac\u0301 wy\u0142a\u0328cznie <b>za zgoda\u0328 uz\u0307ytkownika<\/b>. Uz\u0307ytkownik ma prawo wycofac\u0301 te\u0328 zgode\u0328 w dowolnym momencie, klikaja\u0328c \u0142a\u0328cze rezygnacji z subskrypcji znajduja\u0328ce sie\u0328 w kaz\u0307dej przes\u0142anej przez nas pros\u0301bie o przetwarzanie jego danych osobowych w celach marketingowych lub wysy\u0142aja\u0328c pros\u0301be\u0328 na adres: viakris@viakris.eu.<\/p>\n<p class=\"p2\"><b>Jakie dane przetwarzamy<\/b>:<\/p>\n<p class=\"p2\">Jes\u0301li uz\u0307ytkownik wype\u0142ni nasz formularz kontaktowy online, przetwarzamy naste\u0328puja\u0328ce dane:<br>Imie\u0328, nazwisko, e-mail, numer telefonu oraz dane z przes\u0142anego CV.<\/p>\n<p class=\"p2\">Ponadto przetwarzamy naste\u0328puja\u0328ce dane osobowe:<br>&#8211; Dane z komunikacji mie\u0328dzy Viakris s.r.o. a odwiedzaja\u0328cym<\/p>\n<p class=\"p2\">&#8211; Rejestry zachowan\u0301 na stronach internetowych zarza\u0328dzanych przez Viakris s.r.o.<\/p>\n<p class=\"p2\">Jes\u0301li masz w\u0142a\u0328czona\u0328 obs\u0142uge\u0328 plik\u00f3w cookie w przegla\u0328darce internetowej, przetwarzamy rekordy behawioralne z plik\u00f3w cookie umieszczonych na stronach internetowych obs\u0142ugiwanych przez Viakris s.r.o. w celu zapewnienia lepszego dzia\u0142ania strony internetowej www.viakris.eu oraz w celu reklamy internetowej przez Viakris s.r.o. Wie\u0328cej informacji moz\u0307na znalez\u0301c\u0301 w osobnym rozdziale tego dokumentu.<\/p>\n<p class=\"p2\"><b>Przetwarzanie w oparciu o uzasadniony interes administratora: <\/b><\/p>\n<p class=\"p2\">Na podstawie uzasadnionego interesu jestes\u0301my uprawnieni do przetwarzania danych osobowych w celu identyfikacji i weryfikacji toz\u0307samos\u0301ci podczas rezerwacji wyk\u0142adu. Na tej podstawie prawnej moz\u0307emy r\u00f3wniez\u0307 przetwarzac\u0301 dane osobowe w celu windykacji nalez\u0307nos\u0301ci lub w przypadku spor\u00f3w sa\u0328dowych.<\/p>\n<p class=\"p2\"><b>Jakie podmioty maja\u0328 doste\u0328p do danych osobowych uz\u0307ytkownik\u00f3w? <\/b><\/p>\n<p class=\"p2\">Korzystamy z us\u0142ug zewne\u0328trznych pos\u0301rednik\u00f3w i stron trzecich, np. w zakresie administracji IT, administracji systemami informatycznymi, windykacji nalez\u0307nos\u0301ci, reprezentacji prawnej w sporach sa\u0328dowych, procedur przetargowych. W przypadku wszystkich dostawc\u00f3w zapewniamy, z\u0307e przestrzegaja\u0328 oni obowia\u0328zuja\u0328cych przepis\u00f3w prawa, sa\u0328 zobowia\u0328zani do zachowania poufnos\u0301ci i przetwarzaja\u0328 Twoje dane wy\u0142a\u0328cznie w zakresie zawartych um\u00f3w oraz odpowiednio je chronia\u0328 zgodnie z wymogami RODO i mie\u0328dzynarodowymi standardami.<\/p>\n<p class=\"p2\"><b>Jak d\u0142ugo be\u0328dziemy przechowywac\u0301 dane osobowe uz\u0307ytkownika? <\/b><\/p>\n<p class=\"p2\">Be\u0328dziemy przechowywac\u0301 dane osobowe uz\u0307ytkownika przez okres obowia\u0328zywania umowy oraz przez ustawowy okres archiwizacji lub tak d\u0142ugo, jak be\u0328dzie to konieczne do osia\u0328gnie\u0328cia celu.<br>Dane osobowe przetwarzane do cel\u00f3w wynikaja\u0328cych z prawnie uzasadnionego interesu sa\u0328 przetwarzane wy\u0142a\u0328cznie w zakresie niezbe\u0328dnym do realizacji tego celu.<\/p>\n<p class=\"p2\"><b>Jakie prawa przys\u0142uguja\u0328 uz\u0307ytkownikowi w zwia\u0328zku z przetwarzaniem jego danych osobowych? <\/b><\/p>\n<p class=\"p2\"><b>Prawo doste\u0328pu do danych osobowych: <\/b><\/p>\n<p class=\"p2\">Administrator ma obowia\u0328zek przekazac\u0301 osobie, kt\u00f3rej dane dotycza\u0328 (osobie, kt\u00f3rej dane osobowe przetwarza), potwierdzenie, z\u0307e przetwarza dotycza\u0328ce jej dane osobowe, a osoba, kt\u00f3rej dane dotycza\u0328, ma prawo doste\u0328pu do swoich danych osobowych w zakresie przewidzianym w art. 15 RODO.<\/p>\n<p class=\"p2\"><b>Prawo do sprostowania danych osobowych: <\/b><\/p>\n<p class=\"p2\">Osoby, kt\u00f3rych dane dotycza\u0328, maja\u0328 prawo do sprostowania swoich danych osobowych, jes\u0301li sa\u0328 one niedok\u0142adne lub niekompletne. Administrator musi spe\u0142nic\u0301 z\u0307a\u0328danie sprostowania danych osobowych bez zbe\u0328dnej zw\u0142oki.<\/p>\n<p class=\"p2\"><b>Prawo do usunie\u0328cia (zapomnienia): <\/b><\/p>\n<p class=\"p2\"><b>Administrator ma obowia\u0328zek bez zbe\u0328dnej zw\u0142oki usuna\u0328c\u0301 dane osobowe osoby, kt\u00f3rej dane dotycza\u0328, <\/b>jez\u0307eli:<\/p>\n<ul class=\"ul1\">\n<li class=\"li2\">dane osobowe nie sa\u0328 juz\u0307 niezbe\u0328dne do cel\u00f3w, dla kt\u00f3rych zosta\u0142y zgromadzone lub w inny spos\u00f3b przetwarzane,<\/li>\n<li class=\"li2\">osoba, kt\u00f3rej dane dotycza\u0328, wycofa zgode\u0328, na podstawie kt\u00f3rej odbywa sie\u0328 przetwarzanie,<\/li>\n<li class=\"li2\">jes\u0301li nie ma innej podstawy prawnej do przetwarzania danych osobowych,<\/li>\n<li class=\"li2\">osoba, kt\u00f3rej dane dotycza\u0328, sprzeciwia sie\u0328 przetwarzaniu i nie istnieja\u0328 <br>nadrze\u0328dne uzasadnione podstawy przetwarzania,<\/li>\n<li class=\"li2\">osoba, kt\u00f3rej dane dotycza\u0328, sprzeciwia sie\u0328 przetwarzaniu, a dane osobowe by\u0142y przetwarzane niezgodnie z prawem,<\/li>\n<li class=\"li2\">dane osobowe musza\u0328 zostac\u0301 usunie\u0328te w celu wywia\u0328zania sie\u0328 z obowia\u0328zku prawnego przewidzianego w prawie Unii lub prawie pan\u0301stwa cz\u0142onkowskiego, kt\u00f3remu podlega administrator,<\/li>\n<li class=\"li2\">dane osobowe zosta\u0142y zebrane w zwia\u0328zku z oferowaniem us\u0142ug spo\u0142eczen\u0301stwa informacyjnego.<\/li>\n<\/ul>\n<p class=\"p2\">Osoba, kt\u00f3rej dane dotycza\u0328, moz\u0307e r\u00f3wniez\u0307 z\u0142oz\u0307yc\u0301 wniosek o usunie\u0328cie danych, jes\u0301li jej dane sa\u0328 przetwarzane niezgodnie z prawem i RODO.<\/p>\n<p class=\"p2\"><b>Z\u0307a\u0328danie usunie\u0328cia <\/b>danych <b>nie jest stosowane przez administratora tak <\/b>d\u0142ugo, jak d\u0142ugo przetwarzanie jest konieczne:<\/p>\n<ul class=\"ul1\">\n<li class=\"li2\">korzystania z prawa do wolnos\u0301ci wypowiedzi i informacji,<\/li>\n<li class=\"li2\">w celu wype\u0142nienia obowia\u0328zku prawnego,<\/li>\n<li class=\"li2\">w celu wykonania zadania realizowanego w interesie publicznym,<\/li>\n<li class=\"li2\">ze wzgle\u0328du na interes publiczny w dziedzinie zdrowia publicznego,<\/li>\n<li class=\"li2\">do cel\u00f3w archiwizacji w interesie publicznym, badan\u0301 naukowych lub historycznych lub do cel\u00f3w statystycznych,<\/li>\n<li class=\"li2\">w celu udowodnienia, wykonania lub obrony roszczen\u0301 prawnych.<\/li>\n<\/ul>\n<p class=\"p2\"><b>Prawo do ograniczenia przetwarzania danych osobowych: <\/b><\/p>\n<p class=\"p2\">Osoba, kt\u00f3rej dane dotycza\u0328, ma prawo z\u0307a\u0328dania od administratora ograniczenia przetwarzania jej danych osobowych w jednym z naste\u0328puja\u0328cych przypadk\u00f3w:<\/p>\n<ul class=\"ul1\">\n<li class=\"li2\">osoba, kt\u00f3rej dane dotycza\u0328, kwestionuje prawid\u0142owos\u0301c\u0301 danych osobowych w okresie umoz\u0307liwiaja\u0328cym administratorowi weryfikacje\u0328 prawid\u0142owos\u0301ci danych osobowych,<\/li>\n<li class=\"li2\">przetwarzanie jest niezgodne z prawem, a osoba, kt\u00f3rej dane dotycza\u0328, sprzeciwia sie\u0328 usunie\u0328ciu danych osobowych i zamiast tego z\u0307a\u0328da ograniczenia ich wykorzystywania,<\/li>\n<li class=\"li2\">administrator nie potrzebuje juz\u0307 danych osobowych do cel\u00f3w przetwarzania, ale osoba, kt\u00f3rej dane dotycza\u0328, potrzebuje ich do ustalenia, dochodzenia lub obrony roszczen\u0301 prawnych,<\/li>\n<li class=\"li2\">osoba, kt\u00f3rej dane dotycza\u0328, wnios\u0142a sprzeciw na mocy art. 21 ust. 1 wobec przetwarzania &#8211; do czasu stwierdzenia, czy prawnie uzasadnione podstawy po stronie administratora sa\u0328 nadrze\u0328dne wobec podstaw sprzeciwu osoby, kt\u00f3rej dane dotycza\u0328.<\/li>\n<\/ul>\n<p class=\"p2\">Jez\u0307eli przetwarzanie zosta\u0142o ograniczone, takie dane osobowe be\u0328da\u0328 przetwarzane z wyja\u0328tkiem przechowywania:<\/p>\n<ul class=\"ul1\">\n<li class=\"li2\">wy\u0142a\u0328cznie za zgoda\u0328 osoby, kt\u00f3rej dane dotycza\u0328,<\/li>\n<li class=\"li2\">w celu udowodnienia, wykonania lub obrony roszczen\u0301 prawnych,<\/li>\n<li class=\"li2\">w celu ochrony praw innej osoby fizycznej lub prawnej,<\/li>\n<li class=\"li2\">ze wzgle\u0328du na waz\u0307ny interes publiczny Unii lub pan\u0301stwa cz\u0142onkowskiego.<\/li>\n<\/ul>\n<p class=\"p2\"><b>Prawo do przekazywania danych osobowych: <\/b><\/p>\n<p class=\"p2\">Osoba, kt\u00f3rej dane dotycza\u0328, ma prawo otrzymac\u0301 swoje dane osobowe, kt\u00f3re dostarczy\u0142a administratorowi, oraz ma prawo przes\u0142ac\u0301 te dane innemu administratorowi (np. w przypadku zmiany dostawcy okres\u0301lonej us\u0142ugi). Na z\u0307a\u0328danie, administrator jest zobowia\u0328zany do umoz\u0307liwienia przekazania danych w ustrukturyzowanym, powszechnie uz\u0307ywanym i nadaja\u0328cym sie\u0328 do odczytu maszynowego formacie (np. XML lub CSV).<\/p>\n<p class=\"p2\"><b>Z kim moz\u0307na sie\u0328 skontaktowac\u0301 w sprawie przetwarzania danych osobowych?<br><\/b>Jes\u0301li masz jakiekolwiek pytania lub sugestie dotycza\u0328ce przetwarzania Twoich danych osobowych, najpierw napisz do nas na adres: viakris@viakris.eu Masz prawo z\u0142oz\u0307yc\u0301 skarge\u0328 do Urze\u0328du Ochrony Danych Osobowych, jes\u0301li uwaz\u0307asz, z\u0307e Twoje prawa zosta\u0142y naruszone.<\/p>\n<p class=\"p2\"><b>Pliki cookie <\/b><\/p>\n<p class=\"p2\">Nasza witryna wykorzystuje pliki cookie, aby nasza oferta by\u0142a odpowiednia, interesuja\u0328ca i przyjazna dla uz\u0307ytkownika. Pliki cookie to ma\u0142e pliki tekstowe, kt\u00f3re sa\u0328 przechowywane na komputerze, smartfonie lub innym urza\u0328dzeniu i uz\u0307ywane przez przegla\u0328darke\u0328. Viakris s.r.o. uz\u0307ywa r\u00f3wniez\u0307 plik\u00f3w cookie z Facebooka i Google. Uz\u0307ywamy plik\u00f3w cookie na przyk\u0142ad do:<\/p>\n<ul class=\"ul1\">\n<li class=\"li2\">jak najlepsze dostosowanie naszej witryny do wymagan\u0301 uz\u0307ytkownika poprzez s\u0301ledzenie jego ruchu, poruszania sie\u0328 po witrynie i uz\u0307ywanych przez niego funkcji<\/li>\n<li class=\"li2\">w celu uzyskania informacji o ogla\u0328daniu reklam, abys\u0301my nie wys\u0301wietlali reklam, kt\u00f3rymi uz\u0307ytkownik nie jest zainteresowany <br>Niekt\u00f3re pliki cookie moga\u0328 gromadzic\u0301 informacje, kt\u00f3re sa\u0328 naste\u0328pnie wykorzystywane przez strony trzecie i kt\u00f3re, na przyk\u0142ad, bezpos\u0301rednio wspieraja\u0328 nasze dzia\u0142ania reklamowe (&#8222;pliki cookie stron trzecich&#8221;). Informacje te nie umoz\u0307liwiaja\u0328 jednak identyfikacji uz\u0307ytkownika. <br><b>Korzystanie z plik\u00f3w cookie <\/b><br>Pliki cookie uz\u0307ywane w naszej witrynie moz\u0307na podzielic\u0301 na dwa podstawowe typy. Kr\u00f3tkoterminowe, tzw.<br>&#8222;sesyjne pliki cookie&#8221; sa\u0328 usuwane, gdy tylko uz\u0307ytkownik przestanie odwiedzac\u0301 nasza\u0328 witryne\u0328. D\u0142ugoterminowe, tak zwane &#8222;trwa\u0142e pliki cookie&#8221; pozostaja\u0328 przechowywane na urza\u0328dzeniu uz\u0307ytkownika przez znacznie d\u0142uz\u0307szy czas lub do momentu ich re\u0328cznego usunie\u0328cia przez uz\u0307ytkownika (czas przechowywania plik\u00f3w cookie na urza\u0328dzeniu uz\u0307ytkownika zalez\u0307y od ustawien\u0301 samego pliku cookie i ustawien\u0301 przegla\u0328darki). <br>Pliki cookie moz\u0307na r\u00f3wniez\u0307 podzielic\u0301 ze wzgle\u0328du na ich funkcjonalnos\u0301c\u0301:<\/li>\n<li class=\"li2\">analizy, kt\u00f3re pomagaja\u0328 nam poprawic\u0301 komfort korzystania z naszej strony <br>internetowej poprzez zrozumienie, w jaki spos\u00f3b uz\u0307ytkownicy z niej <br>korzystaja\u0328<\/li>\n<li class=\"li2\">konwersje, kt\u00f3re pozwalaja\u0328 nam analizowac\u0301 wydajnos\u0301c\u0301 r\u00f3z\u0307nych kana\u0142\u00f3w <br>sprzedaz\u0307y<\/li>\n<li class=\"li2\">s\u0301ledzenie, kt\u00f3re w po\u0142a\u0328czeniu z konwersja\u0328 pomaga analizowac\u0301 wydajnos\u0301c\u0301 <br>r\u00f3z\u0307nych kana\u0142\u00f3w sprzedaz\u0307y<\/li>\n<li class=\"li2\">remarketing, kt\u00f3rego uz\u0307ywamy do personalizowania tres\u0301ci reklam i <br>w\u0142as\u0301ciwego ich kierowania<\/li>\n<li class=\"li2\">niezbe\u0328dne, kt\u00f3re sa\u0328 waz\u0307ne dla podstawowej funkcjonalnos\u0301ci strony <br><b>Analityczne pliki cookie <\/b><br>Google Analytics to us\u0142uga s\u0301wiadczona przez Google, Inc. (&#8222;Google&#8221;). Google Analytics wykorzystuje pliki cookie.<br>Google Analytics jest rozszerzony o powia\u0328zane funkcje reklamowe udoste\u0328pniane przez Google, a mianowicie:<\/li>\n<\/ul>\n<p class=\"p2\">&#8211; raporty wys\u0301wietlen\u0301 w sieci reklamowej Google<br>-remarketing (wys\u0301wietlanie reklam w sieci tres\u0301ci na podstawie ogla\u0328danych produkt\u00f3w)<\/p>\n<p class=\"p2\">&#8211; rozszerzone raporty demograficzne (raportowanie anonimowych danych demograficznych)<\/p>\n<p class=\"p2\">Aby uzyskac\u0301 wie\u0328cej informacji na temat prywatnos\u0301ci, odwiedz\u0301 https:\/\/support.google.com , aby odrzucic\u0301 te pliki cookie, moz\u0307esz zainstalowac\u0301 dodatek do oprogramowania doste\u0328pny tutaj https:\/\/tools.google.com .<\/p>\n<p class=\"p2\"><b>Odmowa akceptacji plik\u00f3w cookie <\/b><\/p>\n<p class=\"p2\">Ustawienie korzystania z plik\u00f3w cookie jest cze\u0328s\u0301cia\u0328 przegla\u0328darki internetowej. Wie\u0328kszos\u0301c\u0301 przegla\u0328darek domys\u0301lnie automatycznie akceptuje pliki cookie. Moz\u0307esz odrzucic\u0301 pliki cookie lub ograniczyc\u0301 je do typ\u00f3w wybranych za pomoca\u0328 przegla\u0328darki internetowej.<\/p>\n<p class=\"p2\">Linki<br>Nasza witryna internetowa zawiera \u0142a\u0328cza do innych witryn internetowych,<\/p>\n<p class=\"p2\">kt\u00f3re sa\u0328 praktyczne i zawieraja\u0328 informacje. Nalez\u0307y pamie\u0328tac\u0301, z\u0307e witryny te moga\u0328 byc\u0301 w\u0142asnos\u0301cia\u0328 i byc\u0301 obs\u0142ugiwane przez inne firmy i organizacje oraz miec\u0301 r\u00f3z\u0307ne zasady bezpieczen\u0301stwa i prywatnos\u0301ci. Nasza firma nie ma kontroli i nie ponosi odpowiedzialnos\u0301ci za jakiekolwiek informacje, materia\u0142y, produkty lub us\u0142ugi znajduja\u0328ce sie\u0328 na tej stronie lub doste\u0328pne za jej pos\u0301rednictwem.<\/p>\n<p class=\"p2\">6. Kontakt<\/p>\n<p class=\"p2\">W przypadku jakichkolwiek pytan\u0301, uwag lub wniosk\u00f3w dotycza\u0328cych niniejszej Polityki, prosimy o kontakt pod adresem lub linia\u0328 obs\u0142ugi klienta wymieniona\u0328 w stopce niniejszej Polityki lub za pos\u0301rednictwem poczty elektronicznej.<\/p>\n<p class=\"p2\">viakris@viakris.eu<\/p>\n<p class=\"p2\">Viakris s. r. o.<br>Jesensk\u00e9ho 68\/8 957 01 B\u00e1novce nad Bebravou<\/p>\n<p class=\"p2\">7. Skutecznos\u0301c\u0301<br>Niniejsza Polityka prywatnos\u0301ci obowia\u0328zuje od 1.4.2023 r.<\/p>\n\n\t\t<\/div>\n\t\t\t\t\t<\/div>\n\n\t\n\n\n<style>\n#row-1713018854 > .col > .col-inner {\n  padding: 100px 10px 100px 10px;\n}\n<\/style>\n<\/div>\n","protected":false},"excerpt":{"rendered":"","protected":false},"author":1,"featured_media":0,"parent":0,"menu_order":0,"comment_status":"closed","ping_status":"closed","template":"","meta":{"footnotes":""},"yoast_head":"<!-- This site is optimized with the Yoast SEO plugin v21.4 - https:\/\/yoast.com\/wordpress\/plugins\/seo\/ -->\n<title>Ochrona danych osobowych - Viakris<\/title>\n<meta name=\"robots\" content=\"index, follow, max-snippet:-1, max-image-preview:large, max-video-preview:-1\" \/>\n<link rel=\"canonical\" href=\"https:\/\/www.viakris.eu\/pl\/ochrona-danych-osobowych\/\" \/>\n<meta property=\"og:locale\" content=\"pl_PL\" \/>\n<meta property=\"og:type\" content=\"article\" \/>\n<meta property=\"og:title\" content=\"Ochrona danych osobowych - Viakris\" \/>\n<meta property=\"og:url\" content=\"https:\/\/www.viakris.eu\/pl\/ochrona-danych-osobowych\/\" \/>\n<meta property=\"og:site_name\" content=\"Viakris\" \/>\n<meta property=\"article:publisher\" content=\"https:\/\/www.facebook.com\/profile.php?id=100091984939661\" \/>\n<meta property=\"article:modified_time\" content=\"2023-05-25T18:56:07+00:00\" \/>\n<meta name=\"twitter:card\" content=\"summary_large_image\" \/>\n<meta name=\"twitter:label1\" content=\"Szacowany czas czytania\" \/>\n\t<meta name=\"twitter:data1\" content=\"9 minut\" \/>\n<script type=\"application\/ld+json\" class=\"yoast-schema-graph\">{\"@context\":\"https:\/\/schema.org\",\"@graph\":[{\"@type\":\"WebPage\",\"@id\":\"https:\/\/www.viakris.eu\/pl\/ochrona-danych-osobowych\/\",\"url\":\"https:\/\/www.viakris.eu\/pl\/ochrona-danych-osobowych\/\",\"name\":\"Ochrona danych osobowych - Viakris\",\"isPartOf\":{\"@id\":\"https:\/\/www.viakris.eu\/pl\/#website\"},\"datePublished\":\"2018-04-22T07:48:47+00:00\",\"dateModified\":\"2023-05-25T18:56:07+00:00\",\"breadcrumb\":{\"@id\":\"https:\/\/www.viakris.eu\/pl\/ochrona-danych-osobowych\/#breadcrumb\"},\"inLanguage\":\"pl-PL\",\"potentialAction\":[{\"@type\":\"ReadAction\",\"target\":[\"https:\/\/www.viakris.eu\/pl\/ochrona-danych-osobowych\/\"]}]},{\"@type\":\"BreadcrumbList\",\"@id\":\"https:\/\/www.viakris.eu\/pl\/ochrona-danych-osobowych\/#breadcrumb\",\"itemListElement\":[{\"@type\":\"ListItem\",\"position\":1,\"name\":\"Home\",\"item\":\"https:\/\/www.viakris.eu\/pl\/\"},{\"@type\":\"ListItem\",\"position\":2,\"name\":\"Ochrona danych osobowych\"}]},{\"@type\":\"WebSite\",\"@id\":\"https:\/\/www.viakris.eu\/pl\/#website\",\"url\":\"https:\/\/www.viakris.eu\/pl\/\",\"name\":\"Viakris\",\"description\":\"N\u00e1jdi si pr\u00e1cu v zahrani\u010d\u00ed. Sprostredkujeme ti ju zdarma.\",\"publisher\":{\"@id\":\"https:\/\/www.viakris.eu\/pl\/#organization\"},\"alternateName\":\"Viakris\",\"potentialAction\":[{\"@type\":\"SearchAction\",\"target\":{\"@type\":\"EntryPoint\",\"urlTemplate\":\"https:\/\/www.viakris.eu\/pl\/?s={search_term_string}\"},\"query-input\":\"required name=search_term_string\"}],\"inLanguage\":\"pl-PL\"},{\"@type\":\"Organization\",\"@id\":\"https:\/\/www.viakris.eu\/pl\/#organization\",\"name\":\"Viakris\",\"alternateName\":\"Viakris\",\"url\":\"https:\/\/www.viakris.eu\/pl\/\",\"logo\":{\"@type\":\"ImageObject\",\"inLanguage\":\"pl-PL\",\"@id\":\"https:\/\/www.viakris.eu\/pl\/#\/schema\/logo\/image\/\",\"url\":\"https:\/\/www.viakris.eu\/wp-content\/uploads\/viakris_logo_1.svg\",\"contentUrl\":\"https:\/\/www.viakris.eu\/wp-content\/uploads\/viakris_logo_1.svg\",\"width\":1,\"height\":1,\"caption\":\"Viakris\"},\"image\":{\"@id\":\"https:\/\/www.viakris.eu\/pl\/#\/schema\/logo\/image\/\"},\"sameAs\":[\"https:\/\/www.facebook.com\/profile.php?id=100091984939661\",\"https:\/\/www.instagram.com\/viakris.eu\/\"]}]}<\/script>\n<!-- \/ Yoast SEO plugin. -->","yoast_head_json":{"title":"Ochrona danych osobowych - Viakris","robots":{"index":"index","follow":"follow","max-snippet":"max-snippet:-1","max-image-preview":"max-image-preview:large","max-video-preview":"max-video-preview:-1"},"canonical":"https:\/\/www.viakris.eu\/pl\/ochrona-danych-osobowych\/","og_locale":"pl_PL","og_type":"article","og_title":"Ochrona danych osobowych - Viakris","og_url":"https:\/\/www.viakris.eu\/pl\/ochrona-danych-osobowych\/","og_site_name":"Viakris","article_publisher":"https:\/\/www.facebook.com\/profile.php?id=100091984939661","article_modified_time":"2023-05-25T18:56:07+00:00","twitter_card":"summary_large_image","twitter_misc":{"Szacowany czas czytania":"9 minut"},"schema":{"@context":"https:\/\/schema.org","@graph":[{"@type":"WebPage","@id":"https:\/\/www.viakris.eu\/pl\/ochrona-danych-osobowych\/","url":"https:\/\/www.viakris.eu\/pl\/ochrona-danych-osobowych\/","name":"Ochrona danych osobowych - Viakris","isPartOf":{"@id":"https:\/\/www.viakris.eu\/pl\/#website"},"datePublished":"2018-04-22T07:48:47+00:00","dateModified":"2023-05-25T18:56:07+00:00","breadcrumb":{"@id":"https:\/\/www.viakris.eu\/pl\/ochrona-danych-osobowych\/#breadcrumb"},"inLanguage":"pl-PL","potentialAction":[{"@type":"ReadAction","target":["https:\/\/www.viakris.eu\/pl\/ochrona-danych-osobowych\/"]}]},{"@type":"BreadcrumbList","@id":"https:\/\/www.viakris.eu\/pl\/ochrona-danych-osobowych\/#breadcrumb","itemListElement":[{"@type":"ListItem","position":1,"name":"Home","item":"https:\/\/www.viakris.eu\/pl\/"},{"@type":"ListItem","position":2,"name":"Ochrona danych osobowych"}]},{"@type":"WebSite","@id":"https:\/\/www.viakris.eu\/pl\/#website","url":"https:\/\/www.viakris.eu\/pl\/","name":"Viakris","description":"N\u00e1jdi si pr\u00e1cu v zahrani\u010d\u00ed. Sprostredkujeme ti ju zdarma.","publisher":{"@id":"https:\/\/www.viakris.eu\/pl\/#organization"},"alternateName":"Viakris","potentialAction":[{"@type":"SearchAction","target":{"@type":"EntryPoint","urlTemplate":"https:\/\/www.viakris.eu\/pl\/?s={search_term_string}"},"query-input":"required name=search_term_string"}],"inLanguage":"pl-PL"},{"@type":"Organization","@id":"https:\/\/www.viakris.eu\/pl\/#organization","name":"Viakris","alternateName":"Viakris","url":"https:\/\/www.viakris.eu\/pl\/","logo":{"@type":"ImageObject","inLanguage":"pl-PL","@id":"https:\/\/www.viakris.eu\/pl\/#\/schema\/logo\/image\/","url":"https:\/\/www.viakris.eu\/wp-content\/uploads\/viakris_logo_1.svg","contentUrl":"https:\/\/www.viakris.eu\/wp-content\/uploads\/viakris_logo_1.svg","width":1,"height":1,"caption":"Viakris"},"image":{"@id":"https:\/\/www.viakris.eu\/pl\/#\/schema\/logo\/image\/"},"sameAs":["https:\/\/www.facebook.com\/profile.php?id=100091984939661","https:\/\/www.instagram.com\/viakris.eu\/"]}]}},"_links":{"self":[{"href":"https:\/\/www.viakris.eu\/pl\/wp-json\/wp\/v2\/pages\/2104"}],"collection":[{"href":"https:\/\/www.viakris.eu\/pl\/wp-json\/wp\/v2\/pages"}],"about":[{"href":"https:\/\/www.viakris.eu\/pl\/wp-json\/wp\/v2\/types\/page"}],"author":[{"embeddable":true,"href":"https:\/\/www.viakris.eu\/pl\/wp-json\/wp\/v2\/users\/1"}],"replies":[{"embeddable":true,"href":"https:\/\/www.viakris.eu\/pl\/wp-json\/wp\/v2\/comments?post=2104"}],"version-history":[{"count":0,"href":"https:\/\/www.viakris.eu\/pl\/wp-json\/wp\/v2\/pages\/2104\/revisions"}],"wp:attachment":[{"href":"https:\/\/www.viakris.eu\/pl\/wp-json\/wp\/v2\/media?parent=2104"}],"curies":[{"name":"wp","href":"https:\/\/api.w.org\/{rel}","templated":true}]}}